{"id":8111,"date":"2021-06-02T13:25:30","date_gmt":"2021-06-02T11:25:30","guid":{"rendered":"http:\/\/clubsublimoges.fr\/?page_id=8111"},"modified":"2021-10-12T18:27:02","modified_gmt":"2021-10-12T16:27:02","slug":"le-bapteme-de-plongee","status":"publish","type":"page","link":"https:\/\/clubsublimoges.fr\/?page_id=8111","title":{"rendered":"Le bapt\u00eame de plong\u00e9e"},"content":{"rendered":"\n<div style=\"height:6px\" aria-hidden=\"true\" class=\"wp-block-spacer\"><\/div>\n\n\n\n<div class=\"wp-block-columns is-layout-flex wp-container-core-columns-is-layout-7387b849 wp-block-columns-is-layout-flex\">\n<div class=\"wp-block-column is-layout-flow wp-block-column-is-layout-flow\">\n<p class=\"has-normal-font-size wp-block-paragraph\">Le bapt\u00eame du plongeur, r\u00e9alis\u00e9 en piscine ou en milieu naturel, permet au futur pratiquant de notre activit\u00e9, de ressentir les premi\u00e8res sensations subaquatiques.<\/p>\n\n\n\n<p class=\"has-normal-font-size wp-block-paragraph\">D\u00e9placement dans les trois dimensions, sensation d\u2019apesanteur, et pour ceux qui ont la chance de r\u00e9aliser leur bapt\u00eame en milieu naturel, de d\u00e9couvrir un nouveau monde riche en couleurs et en esp\u00e8ces vari\u00e9es.Le bapt\u00eame (Profondeur 6 m maximum pour les plus de 14 ans) est encadr\u00e9 par des plongeurs ayant le niveau d\u2019enseignement requis par la l\u00e9gislation.<\/p>\n\n\n\n<p class=\"has-normal-font-size wp-block-paragraph\">Chaque mardi a la piscine de Beaublanc il est possible de d\u00e9couvrir la plong\u00e9e sous la forme d\u2019un bapt\u00eame en piscine.<\/p>\n\n\n\n<p class=\"has-normal-font-size wp-block-paragraph\">Ces bapt\u00eames sont ouverts \u00e0 toute personne majeure ou \u00e0 tout mineur de plus de 8 ans accompagn\u00e9 d\u2019un repr\u00e9sentant l\u00e9gal. Le futur plongeur doit juste \u00eatre en bonne sant\u00e9 et en bonne forme.<\/p>\n\n\n\n<p class=\"has-normal-font-size wp-block-paragraph\">Pour r\u00e9aliser un bapt\u00eame, se pr\u00e9senter en d\u00e9but de s\u00e9ance au Bord du bassin<br>Le bapt\u00eame vous a plu, retrouvez nous pour passer votre niveau 1 de plongeur pour d\u00e9couvrir les merveilles des fonds sous marin jusqu\u2019\u00e0 20 m\u00e8tres, encadr\u00e9 par un moniteur.<br>ET TOUT CELA EST GRATUIT<\/p>\n\n\n\n<div class=\"wp-block-buttons is-content-justification-center is-layout-flex wp-block-buttons-is-layout-flex\">\n<div class=\"wp-block-button\"><a class=\"wp-block-button__link\" href=\"https:\/\/clubsublimoges.fr\/?page_id=38\">Renseignements<\/a><\/div>\n<\/div>\n<\/div>\n\n\n\n<div class=\"wp-block-column is-layout-flow wp-block-column-is-layout-flow\">\n<p class=\"wp-block-paragraph\"><\/p>\n\n\n\n<figure class=\"wp-block-embed is-type-video is-provider-youtube wp-block-embed-youtube wp-embed-aspect-16-9 wp-has-aspect-ratio\"><div class=\"wp-block-embed__wrapper\">\n<iframe loading=\"lazy\" title=\"Le bapte\u0302me de plong\u00e9e avec Alpha Plonge\u0301e Martinique\" width=\"500\" height=\"281\" src=\"https:\/\/www.youtube.com\/embed\/Dt5ICQ7cI94?feature=oembed\" frameborder=\"0\" allow=\"accelerometer; autoplay; clipboard-write; encrypted-media; gyroscope; picture-in-picture; web-share\" referrerpolicy=\"strict-origin-when-cross-origin\" allowfullscreen><\/iframe>\n<\/div><\/figure>\n\n\n\n<hr class=\"wp-block-separator has-text-color has-background has-black-background-color has-black-color is-style-wide\"\/>\n\n\n\n<div class=\"wp-block-buttons is-content-justification-center is-layout-flex wp-block-buttons-is-layout-flex\">\n<div class=\"wp-block-button\"><a class=\"wp-block-button__link\" href=\"https:\/\/ffessm.fr\/pack-decouverte\" target=\"_blank\" rel=\"noreferrer noopener\">Infos<\/a><\/div>\n<\/div>\n<\/div>\n<\/div>\n\n\n\n<hr class=\"wp-block-separator has-text-color has-background has-luminous-vivid-orange-background-color has-luminous-vivid-orange-color is-style-wide\"\/>\n\n\n\n<figure class=\"wp-block-gallery columns-3 is-cropped wp-block-gallery-1 is-layout-flex wp-block-gallery-is-layout-flex\"><ul class=\"blocks-gallery-grid\"><li class=\"blocks-gallery-item\"><figure><img loading=\"lazy\" decoding=\"async\" width=\"1024\" height=\"768\" src=\"https:\/\/clubsublimoges.fr\/wp-content\/uploads\/2018\/11\/20181125-CSL-Montlu\u00e7on1-1024x768.jpg\" alt=\"\" data-id=\"6191\" data-full-url=\"https:\/\/clubsublimoges.fr\/wp-content\/uploads\/2018\/11\/20181125-CSL-Montlu\u00e7on1.jpg\" data-link=\"https:\/\/clubsublimoges.fr\/?attachment_id=6191\" class=\"wp-image-6191\" srcset=\"https:\/\/clubsublimoges.fr\/wp-content\/uploads\/2018\/11\/20181125-CSL-Montlu\u00e7on1-1024x768.jpg 1024w, https:\/\/clubsublimoges.fr\/wp-content\/uploads\/2018\/11\/20181125-CSL-Montlu\u00e7on1-300x225.jpg 300w, https:\/\/clubsublimoges.fr\/wp-content\/uploads\/2018\/11\/20181125-CSL-Montlu\u00e7on1-768x576.jpg 768w, https:\/\/clubsublimoges.fr\/wp-content\/uploads\/2018\/11\/20181125-CSL-Montlu\u00e7on1.jpg 1600w\" sizes=\"auto, (max-width: 1024px) 100vw, 1024px\" \/><\/figure><\/li><li class=\"blocks-gallery-item\"><figure><img loading=\"lazy\" decoding=\"async\" width=\"1024\" height=\"768\" src=\"https:\/\/clubsublimoges.fr\/wp-content\/uploads\/2017\/12\/20171210-CSL-Montlucon-image3-1024x768.jpeg\" alt=\"\" data-id=\"5463\" data-full-url=\"https:\/\/clubsublimoges.fr\/wp-content\/uploads\/2017\/12\/20171210-CSL-Montlucon-image3.jpeg\" data-link=\"https:\/\/clubsublimoges.fr\/?attachment_id=5463\" class=\"wp-image-5463\" srcset=\"https:\/\/clubsublimoges.fr\/wp-content\/uploads\/2017\/12\/20171210-CSL-Montlucon-image3-1024x768.jpeg 1024w, https:\/\/clubsublimoges.fr\/wp-content\/uploads\/2017\/12\/20171210-CSL-Montlucon-image3-300x225.jpeg 300w, https:\/\/clubsublimoges.fr\/wp-content\/uploads\/2017\/12\/20171210-CSL-Montlucon-image3-768x576.jpeg 768w, https:\/\/clubsublimoges.fr\/wp-content\/uploads\/2017\/12\/20171210-CSL-Montlucon-image3-800x600.jpeg 800w, https:\/\/clubsublimoges.fr\/wp-content\/uploads\/2017\/12\/20171210-CSL-Montlucon-image3.jpeg 2016w\" sizes=\"auto, (max-width: 1024px) 100vw, 1024px\" \/><\/figure><\/li><li class=\"blocks-gallery-item\"><figure><img loading=\"lazy\" decoding=\"async\" width=\"1024\" height=\"768\" src=\"https:\/\/clubsublimoges.fr\/wp-content\/uploads\/2017\/12\/20171210-CSL-Montlucon-image1-1024x768.jpeg\" alt=\"\" data-id=\"5462\" data-full-url=\"https:\/\/clubsublimoges.fr\/wp-content\/uploads\/2017\/12\/20171210-CSL-Montlucon-image1.jpeg\" data-link=\"https:\/\/clubsublimoges.fr\/?attachment_id=5462\" class=\"wp-image-5462\" srcset=\"https:\/\/clubsublimoges.fr\/wp-content\/uploads\/2017\/12\/20171210-CSL-Montlucon-image1-1024x768.jpeg 1024w, https:\/\/clubsublimoges.fr\/wp-content\/uploads\/2017\/12\/20171210-CSL-Montlucon-image1-300x225.jpeg 300w, https:\/\/clubsublimoges.fr\/wp-content\/uploads\/2017\/12\/20171210-CSL-Montlucon-image1-768x576.jpeg 768w, https:\/\/clubsublimoges.fr\/wp-content\/uploads\/2017\/12\/20171210-CSL-Montlucon-image1-800x600.jpeg 800w, https:\/\/clubsublimoges.fr\/wp-content\/uploads\/2017\/12\/20171210-CSL-Montlucon-image1.jpeg 2016w\" sizes=\"auto, (max-width: 1024px) 100vw, 1024px\" \/><\/figure><\/li><li class=\"blocks-gallery-item\"><figure><img loading=\"lazy\" decoding=\"async\" width=\"1024\" height=\"682\" src=\"https:\/\/clubsublimoges.fr\/wp-content\/uploads\/2017\/07\/20170720-CSL-Chalus-IMG_3020-1024x682.jpg\" alt=\"\" data-id=\"5180\" data-full-url=\"https:\/\/clubsublimoges.fr\/wp-content\/uploads\/2017\/07\/20170720-CSL-Chalus-IMG_3020.jpg\" data-link=\"https:\/\/clubsublimoges.fr\/?attachment_id=5180\" class=\"wp-image-5180\" srcset=\"https:\/\/clubsublimoges.fr\/wp-content\/uploads\/2017\/07\/20170720-CSL-Chalus-IMG_3020-1024x682.jpg 1024w, https:\/\/clubsublimoges.fr\/wp-content\/uploads\/2017\/07\/20170720-CSL-Chalus-IMG_3020-300x200.jpg 300w, https:\/\/clubsublimoges.fr\/wp-content\/uploads\/2017\/07\/20170720-CSL-Chalus-IMG_3020-768x512.jpg 768w\" sizes=\"auto, (max-width: 1024px) 100vw, 1024px\" \/><\/figure><\/li><li class=\"blocks-gallery-item\"><figure><img loading=\"lazy\" decoding=\"async\" width=\"1024\" height=\"683\" src=\"https:\/\/clubsublimoges.fr\/wp-content\/uploads\/2016\/09\/20160913-CSL-baptemes-Beaublanc_DSC3653-1024x683.jpg\" alt=\"\" data-id=\"4626\" data-full-url=\"https:\/\/clubsublimoges.fr\/wp-content\/uploads\/2016\/09\/20160913-CSL-baptemes-Beaublanc_DSC3653.jpg\" data-link=\"https:\/\/clubsublimoges.fr\/?attachment_id=4626\" class=\"wp-image-4626\" srcset=\"https:\/\/clubsublimoges.fr\/wp-content\/uploads\/2016\/09\/20160913-CSL-baptemes-Beaublanc_DSC3653-1024x683.jpg 1024w, https:\/\/clubsublimoges.fr\/wp-content\/uploads\/2016\/09\/20160913-CSL-baptemes-Beaublanc_DSC3653-300x200.jpg 300w, https:\/\/clubsublimoges.fr\/wp-content\/uploads\/2016\/09\/20160913-CSL-baptemes-Beaublanc_DSC3653-768x512.jpg 768w\" sizes=\"auto, (max-width: 1024px) 100vw, 1024px\" \/><\/figure><\/li><\/ul><\/figure>\n","protected":false},"excerpt":{"rendered":"<p>Le bapt\u00eame du plongeur, r\u00e9alis\u00e9 en piscine ou en milieu naturel, permet au futur pratiquant de notre activit\u00e9, de ressentir les premi\u00e8res sensations subaquatiques. D\u00e9placement dans les trois dimensions, sensation d\u2019apesanteur, et pour ceux qui ont la chance de r\u00e9aliser leur bapt\u00eame en milieu naturel, de d\u00e9couvrir un nouveau monde riche en couleurs et en [&hellip;]<\/p>\n","protected":false},"author":1,"featured_media":0,"parent":5,"menu_order":1,"comment_status":"closed","ping_status":"closed","template":"","meta":{"_crdt_document":"","site-sidebar-layout":"default","site-content-layout":"default","ast-site-content-layout":"default","site-content-style":"default","site-sidebar-style":"default","ast-global-header-display":"","ast-banner-title-visibility":"","ast-main-header-display":"","ast-hfb-above-header-display":"","ast-hfb-below-header-display":"","ast-hfb-mobile-header-display":"","site-post-title":"","ast-breadcrumbs-content":"","ast-featured-img":"","footer-sml-layout":"","ast-disable-related-posts":"","theme-transparent-header-meta":"default","adv-header-id-meta":"","stick-header-meta":"","header-above-stick-meta":"","header-main-stick-meta":"","header-below-stick-meta":"","astra-migrate-meta-layouts":"default","ast-page-background-enabled":"default","ast-page-background-meta":{"desktop":{"background-color":"","background-image":"","background-repeat":"repeat","background-position":"center center","background-size":"auto","background-attachment":"scroll","background-type":"","background-media":"","overlay-type":"","overlay-color":"","overlay-opacity":"","overlay-gradient":""},"tablet":{"background-color":"","background-image":"","background-repeat":"repeat","background-position":"center center","background-size":"auto","background-attachment":"scroll","background-type":"","background-media":"","overlay-type":"","overlay-color":"","overlay-opacity":"","overlay-gradient":""},"mobile":{"background-color":"","background-image":"","background-repeat":"repeat","background-position":"center center","background-size":"auto","background-attachment":"scroll","background-type":"","background-media":"","overlay-type":"","overlay-color":"","overlay-opacity":"","overlay-gradient":""}},"ast-content-background-meta":{"desktop":{"background-color":"var(--ast-global-color-5)","background-image":"","background-repeat":"repeat","background-position":"center center","background-size":"auto","background-attachment":"scroll","background-type":"","background-media":"","overlay-type":"","overlay-color":"","overlay-opacity":"","overlay-gradient":""},"tablet":{"background-color":"var(--ast-global-color-5)","background-image":"","background-repeat":"repeat","background-position":"center center","background-size":"auto","background-attachment":"scroll","background-type":"","background-media":"","overlay-type":"","overlay-color":"","overlay-opacity":"","overlay-gradient":""},"mobile":{"background-color":"var(--ast-global-color-5)","background-image":"","background-repeat":"repeat","background-position":"center center","background-size":"auto","background-attachment":"scroll","background-type":"","background-media":"","overlay-type":"","overlay-color":"","overlay-opacity":"","overlay-gradient":""}},"footnotes":""},"class_list":["post-8111","page","type-page","status-publish","hentry"],"_links":{"self":[{"href":"https:\/\/clubsublimoges.fr\/index.php?rest_route=\/wp\/v2\/pages\/8111","targetHints":{"allow":["GET"]}}],"collection":[{"href":"https:\/\/clubsublimoges.fr\/index.php?rest_route=\/wp\/v2\/pages"}],"about":[{"href":"https:\/\/clubsublimoges.fr\/index.php?rest_route=\/wp\/v2\/types\/page"}],"author":[{"embeddable":true,"href":"https:\/\/clubsublimoges.fr\/index.php?rest_route=\/wp\/v2\/users\/1"}],"replies":[{"embeddable":true,"href":"https:\/\/clubsublimoges.fr\/index.php?rest_route=%2Fwp%2Fv2%2Fcomments&post=8111"}],"version-history":[{"count":12,"href":"https:\/\/clubsublimoges.fr\/index.php?rest_route=\/wp\/v2\/pages\/8111\/revisions"}],"predecessor-version":[{"id":9149,"href":"https:\/\/clubsublimoges.fr\/index.php?rest_route=\/wp\/v2\/pages\/8111\/revisions\/9149"}],"up":[{"embeddable":true,"href":"https:\/\/clubsublimoges.fr\/index.php?rest_route=\/wp\/v2\/pages\/5"}],"wp:attachment":[{"href":"https:\/\/clubsublimoges.fr\/index.php?rest_route=%2Fwp%2Fv2%2Fmedia&parent=8111"}],"curies":[{"name":"wp","href":"https:\/\/api.w.org\/{rel}","templated":true}]}}