{"id":8104,"date":"2021-06-02T12:16:34","date_gmt":"2021-06-02T10:16:34","guid":{"rendered":"http:\/\/clubsublimoges.fr\/?page_id=8104"},"modified":"2021-06-06T22:11:23","modified_gmt":"2021-06-06T20:11:23","slug":"les-tiv","status":"publish","type":"page","link":"https:\/\/clubsublimoges.fr\/?page_id=8104","title":{"rendered":"Les TIV"},"content":{"rendered":"\n<p class=\"has-text-align-center has-cyan-bluish-gray-background-color has-background has-medium-font-size wp-block-paragraph\"><strong>PREROGATIVES des T.I.V (Techniciens d\u2019Inspection Visuelle)<\/strong><\/p>\n\n\n\n<p class=\"has-text-align-left has-medium-font-size wp-block-paragraph\">\u2013 Effectuer l\u2019inspection visuelle des bouteilles de plong\u00e9e.<br>\u2013 Effectuer la r\u00e9vision des robinets<br>\u2013 Tenir \u00e0 jour le registre des bouteilles utilis\u00e9es par le club, ou confi\u00e9es au club,<br>\u2013 \u00c9tablir les fiches d\u2019inspection et les certificats de visite,<br>\u2013 Envoyer \u00e0 la Commission Technique R\u00e9gionale de la FFESSM les fiches de contr\u00f4le visuel d\u00fbment remplies. pour l\u2019obtention des macarons,<\/p>\n\n\n\n<div class=\"wp-block-buttons is-content-justification-center is-layout-flex wp-block-buttons-is-layout-flex\">\n<div class=\"wp-block-button\"><a class=\"wp-block-button__link\" href=\"https:\/\/ffessm.fr\/actualites\/le-point-sur-les-tiv\" target=\"_blank\" rel=\"noreferrer noopener\">Plus d&rsquo;infos<\/a><\/div>\n<\/div>\n\n\n\n<p class=\"wp-block-paragraph\"><\/p>\n\n\n\n<figure class=\"wp-block-gallery columns-3 is-cropped wp-block-gallery-1 is-layout-flex wp-block-gallery-is-layout-flex\"><ul class=\"blocks-gallery-grid\"><li class=\"blocks-gallery-item\"><figure><img loading=\"lazy\" decoding=\"async\" width=\"730\" height=\"547\" src=\"https:\/\/clubsublimoges.fr\/wp-content\/uploads\/2012\/09\/blocs-au-dc3a9parts-pour-la-requalif.jpg\" alt=\"\" data-id=\"630\" data-full-url=\"https:\/\/clubsublimoges.fr\/wp-content\/uploads\/2012\/09\/blocs-au-dc3a9parts-pour-la-requalif.jpg\" data-link=\"https:\/\/clubsublimoges.fr\/?attachment_id=630\" class=\"wp-image-630\" srcset=\"https:\/\/clubsublimoges.fr\/wp-content\/uploads\/2012\/09\/blocs-au-dc3a9parts-pour-la-requalif.jpg 730w, https:\/\/clubsublimoges.fr\/wp-content\/uploads\/2012\/09\/blocs-au-dc3a9parts-pour-la-requalif-300x224.jpg 300w, https:\/\/clubsublimoges.fr\/wp-content\/uploads\/2012\/09\/blocs-au-dc3a9parts-pour-la-requalif-400x300.jpg 400w\" sizes=\"auto, (max-width: 730px) 100vw, 730px\" \/><\/figure><\/li><li class=\"blocks-gallery-item\"><figure><img loading=\"lazy\" decoding=\"async\" width=\"730\" height=\"547\" src=\"https:\/\/clubsublimoges.fr\/wp-content\/uploads\/2012\/09\/inspec-bloc.jpg\" alt=\"\" data-id=\"631\" data-full-url=\"https:\/\/clubsublimoges.fr\/wp-content\/uploads\/2012\/09\/inspec-bloc.jpg\" data-link=\"https:\/\/clubsublimoges.fr\/?attachment_id=631\" class=\"wp-image-631\" srcset=\"https:\/\/clubsublimoges.fr\/wp-content\/uploads\/2012\/09\/inspec-bloc.jpg 730w, https:\/\/clubsublimoges.fr\/wp-content\/uploads\/2012\/09\/inspec-bloc-300x224.jpg 300w, https:\/\/clubsublimoges.fr\/wp-content\/uploads\/2012\/09\/inspec-bloc-400x300.jpg 400w\" sizes=\"auto, (max-width: 730px) 100vw, 730px\" \/><\/figure><\/li><li class=\"blocks-gallery-item\"><figure><img loading=\"lazy\" decoding=\"async\" width=\"730\" height=\"547\" src=\"https:\/\/clubsublimoges.fr\/wp-content\/uploads\/2012\/09\/le-ban.jpg\" alt=\"\" data-id=\"632\" data-full-url=\"https:\/\/clubsublimoges.fr\/wp-content\/uploads\/2012\/09\/le-ban.jpg\" data-link=\"https:\/\/clubsublimoges.fr\/?attachment_id=632\" class=\"wp-image-632\" srcset=\"https:\/\/clubsublimoges.fr\/wp-content\/uploads\/2012\/09\/le-ban.jpg 730w, https:\/\/clubsublimoges.fr\/wp-content\/uploads\/2012\/09\/le-ban-300x224.jpg 300w, https:\/\/clubsublimoges.fr\/wp-content\/uploads\/2012\/09\/le-ban-400x300.jpg 400w\" sizes=\"auto, (max-width: 730px) 100vw, 730px\" \/><\/figure><\/li><li class=\"blocks-gallery-item\"><figure><img loading=\"lazy\" decoding=\"async\" width=\"730\" height=\"547\" src=\"https:\/\/clubsublimoges.fr\/wp-content\/uploads\/2012\/09\/remontage.jpg\" alt=\"\" data-id=\"633\" data-full-url=\"https:\/\/clubsublimoges.fr\/wp-content\/uploads\/2012\/09\/remontage.jpg\" data-link=\"https:\/\/clubsublimoges.fr\/?attachment_id=633\" class=\"wp-image-633\" srcset=\"https:\/\/clubsublimoges.fr\/wp-content\/uploads\/2012\/09\/remontage.jpg 730w, https:\/\/clubsublimoges.fr\/wp-content\/uploads\/2012\/09\/remontage-300x224.jpg 300w, https:\/\/clubsublimoges.fr\/wp-content\/uploads\/2012\/09\/remontage-400x300.jpg 400w\" sizes=\"auto, (max-width: 730px) 100vw, 730px\" \/><\/figure><\/li><li class=\"blocks-gallery-item\"><figure><img loading=\"lazy\" decoding=\"async\" width=\"1024\" height=\"768\" src=\"https:\/\/clubsublimoges.fr\/wp-content\/uploads\/2014\/02\/20140222-P1060464-1024x768.jpg\" alt=\"\" data-id=\"2702\" data-full-url=\"https:\/\/clubsublimoges.fr\/wp-content\/uploads\/2014\/02\/20140222-P1060464.jpg\" data-link=\"https:\/\/clubsublimoges.fr\/?attachment_id=2702\" class=\"wp-image-2702\" srcset=\"https:\/\/clubsublimoges.fr\/wp-content\/uploads\/2014\/02\/20140222-P1060464-1024x768.jpg 1024w, https:\/\/clubsublimoges.fr\/wp-content\/uploads\/2014\/02\/20140222-P1060464-300x225.jpg 300w, https:\/\/clubsublimoges.fr\/wp-content\/uploads\/2014\/02\/20140222-P1060464.jpg 1536w\" sizes=\"auto, (max-width: 1024px) 100vw, 1024px\" \/><\/figure><\/li><li class=\"blocks-gallery-item\"><figure><img loading=\"lazy\" decoding=\"async\" width=\"1024\" height=\"768\" src=\"https:\/\/clubsublimoges.fr\/wp-content\/uploads\/2014\/02\/20140222-P1060463-1024x768.jpg\" alt=\"\" data-id=\"2701\" data-full-url=\"https:\/\/clubsublimoges.fr\/wp-content\/uploads\/2014\/02\/20140222-P1060463.jpg\" data-link=\"https:\/\/clubsublimoges.fr\/?attachment_id=2701\" class=\"wp-image-2701\" srcset=\"https:\/\/clubsublimoges.fr\/wp-content\/uploads\/2014\/02\/20140222-P1060463-1024x768.jpg 1024w, https:\/\/clubsublimoges.fr\/wp-content\/uploads\/2014\/02\/20140222-P1060463-300x225.jpg 300w, https:\/\/clubsublimoges.fr\/wp-content\/uploads\/2014\/02\/20140222-P1060463.jpg 1536w\" sizes=\"auto, (max-width: 1024px) 100vw, 1024px\" \/><\/figure><\/li><li class=\"blocks-gallery-item\"><figure><img loading=\"lazy\" decoding=\"async\" width=\"1024\" height=\"768\" src=\"https:\/\/clubsublimoges.fr\/wp-content\/uploads\/2014\/02\/20140222-P1060465-1024x768.jpg\" alt=\"\" data-id=\"2703\" data-full-url=\"https:\/\/clubsublimoges.fr\/wp-content\/uploads\/2014\/02\/20140222-P1060465.jpg\" data-link=\"https:\/\/clubsublimoges.fr\/?attachment_id=2703\" class=\"wp-image-2703\" srcset=\"https:\/\/clubsublimoges.fr\/wp-content\/uploads\/2014\/02\/20140222-P1060465-1024x768.jpg 1024w, https:\/\/clubsublimoges.fr\/wp-content\/uploads\/2014\/02\/20140222-P1060465-300x225.jpg 300w, https:\/\/clubsublimoges.fr\/wp-content\/uploads\/2014\/02\/20140222-P1060465.jpg 1536w\" sizes=\"auto, (max-width: 1024px) 100vw, 1024px\" \/><\/figure><\/li><li class=\"blocks-gallery-item\"><figure><img loading=\"lazy\" decoding=\"async\" width=\"1024\" height=\"768\" src=\"https:\/\/clubsublimoges.fr\/wp-content\/uploads\/2014\/02\/20140222-P1060481-1024x768.jpg\" alt=\"\" data-id=\"2710\" data-full-url=\"https:\/\/clubsublimoges.fr\/wp-content\/uploads\/2014\/02\/20140222-P1060481.jpg\" data-link=\"https:\/\/clubsublimoges.fr\/?attachment_id=2710\" class=\"wp-image-2710\" srcset=\"https:\/\/clubsublimoges.fr\/wp-content\/uploads\/2014\/02\/20140222-P1060481-1024x768.jpg 1024w, https:\/\/clubsublimoges.fr\/wp-content\/uploads\/2014\/02\/20140222-P1060481-300x225.jpg 300w, https:\/\/clubsublimoges.fr\/wp-content\/uploads\/2014\/02\/20140222-P1060481.jpg 1536w\" sizes=\"auto, (max-width: 1024px) 100vw, 1024px\" \/><\/figure><\/li><li class=\"blocks-gallery-item\"><figure><img loading=\"lazy\" decoding=\"async\" width=\"1024\" height=\"768\" src=\"https:\/\/clubsublimoges.fr\/wp-content\/uploads\/2014\/02\/20140222-P1060473-1024x768.jpg\" alt=\"\" data-id=\"2707\" data-full-url=\"https:\/\/clubsublimoges.fr\/wp-content\/uploads\/2014\/02\/20140222-P1060473.jpg\" data-link=\"https:\/\/clubsublimoges.fr\/?attachment_id=2707\" class=\"wp-image-2707\" srcset=\"https:\/\/clubsublimoges.fr\/wp-content\/uploads\/2014\/02\/20140222-P1060473-1024x768.jpg 1024w, https:\/\/clubsublimoges.fr\/wp-content\/uploads\/2014\/02\/20140222-P1060473-300x225.jpg 300w, https:\/\/clubsublimoges.fr\/wp-content\/uploads\/2014\/02\/20140222-P1060473.jpg 1536w\" sizes=\"auto, (max-width: 1024px) 100vw, 1024px\" \/><\/figure><\/li><li class=\"blocks-gallery-item\"><figure><img loading=\"lazy\" decoding=\"async\" width=\"1024\" height=\"768\" src=\"https:\/\/clubsublimoges.fr\/wp-content\/uploads\/2014\/02\/20140222-P1060495-1024x768.jpg\" alt=\"\" data-id=\"2714\" data-full-url=\"https:\/\/clubsublimoges.fr\/wp-content\/uploads\/2014\/02\/20140222-P1060495.jpg\" data-link=\"https:\/\/clubsublimoges.fr\/?attachment_id=2714\" class=\"wp-image-2714\" srcset=\"https:\/\/clubsublimoges.fr\/wp-content\/uploads\/2014\/02\/20140222-P1060495-1024x768.jpg 1024w, https:\/\/clubsublimoges.fr\/wp-content\/uploads\/2014\/02\/20140222-P1060495-300x225.jpg 300w, https:\/\/clubsublimoges.fr\/wp-content\/uploads\/2014\/02\/20140222-P1060495.jpg 1536w\" sizes=\"auto, (max-width: 1024px) 100vw, 1024px\" \/><\/figure><\/li><li class=\"blocks-gallery-item\"><figure><img decoding=\"async\" src=\"https:\/\/clubsublimoges.fr\/wp-content\/uploads\/2014\/02\/20140222-P1060497-1024x768.jpg\" alt=\"\" data-id=\"2715\" data-full-url=\"https:\/\/clubsublimoges.fr\/wp-content\/uploads\/2014\/02\/20140222-P1060497.jpg\" data-link=\"https:\/\/clubsublimoges.fr\/?attachment_id=2715\" class=\"wp-image-2715\"\/><\/figure><\/li><\/ul><\/figure>\n","protected":false},"excerpt":{"rendered":"<p>PREROGATIVES des T.I.V (Techniciens d\u2019Inspection Visuelle) \u2013 Effectuer l\u2019inspection visuelle des bouteilles de plong\u00e9e.\u2013 Effectuer la r\u00e9vision des robinets\u2013 Tenir \u00e0 jour le registre des bouteilles utilis\u00e9es par le club, ou confi\u00e9es au club,\u2013 \u00c9tablir les fiches d\u2019inspection et les certificats de visite,\u2013 Envoyer \u00e0 la Commission Technique R\u00e9gionale de la FFESSM les fiches de [&hellip;]<\/p>\n","protected":false},"author":1,"featured_media":0,"parent":12,"menu_order":6,"comment_status":"closed","ping_status":"closed","template":"","meta":{"_crdt_document":"","site-sidebar-layout":"default","site-content-layout":"default","ast-site-content-layout":"default","site-content-style":"default","site-sidebar-style":"default","ast-global-header-display":"","ast-banner-title-visibility":"","ast-main-header-display":"","ast-hfb-above-header-display":"","ast-hfb-below-header-display":"","ast-hfb-mobile-header-display":"","site-post-title":"","ast-breadcrumbs-content":"","ast-featured-img":"","footer-sml-layout":"","ast-disable-related-posts":"","theme-transparent-header-meta":"default","adv-header-id-meta":"","stick-header-meta":"","header-above-stick-meta":"","header-main-stick-meta":"","header-below-stick-meta":"","astra-migrate-meta-layouts":"default","ast-page-background-enabled":"default","ast-page-background-meta":{"desktop":{"background-color":"","background-image":"","background-repeat":"repeat","background-position":"center center","background-size":"auto","background-attachment":"scroll","background-type":"","background-media":"","overlay-type":"","overlay-color":"","overlay-opacity":"","overlay-gradient":""},"tablet":{"background-color":"","background-image":"","background-repeat":"repeat","background-position":"center center","background-size":"auto","background-attachment":"scroll","background-type":"","background-media":"","overlay-type":"","overlay-color":"","overlay-opacity":"","overlay-gradient":""},"mobile":{"background-color":"","background-image":"","background-repeat":"repeat","background-position":"center center","background-size":"auto","background-attachment":"scroll","background-type":"","background-media":"","overlay-type":"","overlay-color":"","overlay-opacity":"","overlay-gradient":""}},"ast-content-background-meta":{"desktop":{"background-color":"var(--ast-global-color-5)","background-image":"","background-repeat":"repeat","background-position":"center center","background-size":"auto","background-attachment":"scroll","background-type":"","background-media":"","overlay-type":"","overlay-color":"","overlay-opacity":"","overlay-gradient":""},"tablet":{"background-color":"var(--ast-global-color-5)","background-image":"","background-repeat":"repeat","background-position":"center center","background-size":"auto","background-attachment":"scroll","background-type":"","background-media":"","overlay-type":"","overlay-color":"","overlay-opacity":"","overlay-gradient":""},"mobile":{"background-color":"var(--ast-global-color-5)","background-image":"","background-repeat":"repeat","background-position":"center center","background-size":"auto","background-attachment":"scroll","background-type":"","background-media":"","overlay-type":"","overlay-color":"","overlay-opacity":"","overlay-gradient":""}},"footnotes":""},"class_list":["post-8104","page","type-page","status-publish","hentry"],"_links":{"self":[{"href":"https:\/\/clubsublimoges.fr\/index.php?rest_route=\/wp\/v2\/pages\/8104","targetHints":{"allow":["GET"]}}],"collection":[{"href":"https:\/\/clubsublimoges.fr\/index.php?rest_route=\/wp\/v2\/pages"}],"about":[{"href":"https:\/\/clubsublimoges.fr\/index.php?rest_route=\/wp\/v2\/types\/page"}],"author":[{"embeddable":true,"href":"https:\/\/clubsublimoges.fr\/index.php?rest_route=\/wp\/v2\/users\/1"}],"replies":[{"embeddable":true,"href":"https:\/\/clubsublimoges.fr\/index.php?rest_route=%2Fwp%2Fv2%2Fcomments&post=8104"}],"version-history":[{"count":7,"href":"https:\/\/clubsublimoges.fr\/index.php?rest_route=\/wp\/v2\/pages\/8104\/revisions"}],"predecessor-version":[{"id":8629,"href":"https:\/\/clubsublimoges.fr\/index.php?rest_route=\/wp\/v2\/pages\/8104\/revisions\/8629"}],"up":[{"embeddable":true,"href":"https:\/\/clubsublimoges.fr\/index.php?rest_route=\/wp\/v2\/pages\/12"}],"wp:attachment":[{"href":"https:\/\/clubsublimoges.fr\/index.php?rest_route=%2Fwp%2Fv2%2Fmedia&parent=8104"}],"curies":[{"name":"wp","href":"https:\/\/api.w.org\/{rel}","templated":true}]}}