{"id":7815,"date":"2021-05-26T22:20:24","date_gmt":"2021-05-26T20:20:24","guid":{"rendered":"http:\/\/clubsublimoges.fr\/?page_id=7815"},"modified":"2021-06-04T10:47:06","modified_gmt":"2021-06-04T08:47:06","slug":"historique-2","status":"publish","type":"page","link":"https:\/\/clubsublimoges.fr\/?page_id=7815","title":{"rendered":"Historique"},"content":{"rendered":"\n<div class=\"wp-block-group alignfull has-background\" style=\"background-color:#f8f4e4\"><div class=\"wp-block-group__inner-container is-layout-flow wp-block-group-is-layout-flow\">\n<div class=\"wp-block-columns alignwide is-layout-flex wp-container-core-columns-is-layout-7387b849 wp-block-columns-is-layout-flex\">\n<div class=\"wp-block-column is-layout-flow wp-block-column-is-layout-flow\">\n<div style=\"height:100px\" aria-hidden=\"true\" class=\"wp-block-spacer\"><\/div>\n\n\n\n<h6 class=\"has-text-color wp-block-heading\" style=\"color:#000000\"><\/h6>\n\n\n\n<p class=\"has-text-color has-medium-font-size wp-block-paragraph\" style=\"color:#000000;line-height:1.1\">Historique<\/p>\n\n\n\n<div style=\"height:5px\" aria-hidden=\"true\" class=\"wp-block-spacer\"><\/div>\n<\/div>\n<\/div>\n\n\n\n<div class=\"wp-block-columns alignwide is-layout-flex wp-container-core-columns-is-layout-7387b849 wp-block-columns-is-layout-flex\">\n<div class=\"wp-block-column is-layout-flow wp-block-column-is-layout-flow\" style=\"flex-basis:33.38%\">\n<p class=\"wp-block-paragraph\">Cr\u00e9\u00e9 en 1980 par une poign\u00e9e de passionn\u00e9s, le club subaquatique de LIMOGES vient d\u2019entrer dans sa 36 \u00e8me saison d\u2019existence.<\/p>\n\n\n\n<p class=\"wp-block-paragraph\">Le club compte aujourd\u2019hui plus de 100 licenci\u00e9s plongeurs et apn\u00e9istes de tout niveaux.<\/p>\n\n\n\n<p class=\"wp-block-paragraph\">Le CSL est un club \u00e0 but non lucratif totalement ind\u00e9pendant, r\u00e9gie par la loi de 1901 ; Il est affili\u00e9 \u00e0 la F\u00e9d\u00e9ration Fran\u00e7aise et de Sport Sous-marin et agr\u00e9\u00e9 par le Minist\u00e8re charg\u00e9 de la Jeunesse et des Sports.<\/p>\n\n\n\n<p class=\"wp-block-paragraph\">L\u2019objectif du club est de promouvoir les activit\u00e9s subaquatiques de plong\u00e9e technique, d\u2019apn\u00e9e et d\u2019\u00e9tudes de la biologie et de la vid\u00e9o sous-marine.<\/p>\n<\/div>\n\n\n\n<div class=\"wp-block-column is-layout-flow wp-block-column-is-layout-flow\" style=\"flex-basis:33%\">\n<div style=\"height:100px\" aria-hidden=\"true\" class=\"wp-block-spacer\"><\/div>\n\n\n\n<figure class=\"wp-block-image size-large is-resized\"><img loading=\"lazy\" decoding=\"async\" src=\"https:\/\/clubsublimoges.fr\/wp-content\/uploads\/2021\/05\/Le-camion.jpg\" alt=\"\" class=\"wp-image-7833\" width=\"295\" height=\"221\" srcset=\"https:\/\/clubsublimoges.fr\/wp-content\/uploads\/2021\/05\/Le-camion.jpg 1024w, https:\/\/clubsublimoges.fr\/wp-content\/uploads\/2021\/05\/Le-camion-300x225.jpg 300w, https:\/\/clubsublimoges.fr\/wp-content\/uploads\/2021\/05\/Le-camion-768x576.jpg 768w\" sizes=\"auto, (max-width: 295px) 100vw, 295px\" \/><\/figure>\n<\/div>\n\n\n\n<div class=\"wp-block-column is-layout-flow wp-block-column-is-layout-flow\" style=\"flex-basis:33.62%\">\n<figure class=\"wp-block-image size-large is-resized\"><img loading=\"lazy\" decoding=\"async\" src=\"https:\/\/clubsublimoges.fr\/wp-content\/uploads\/2021\/05\/Le-bateau.jpg\" alt=\"\" class=\"wp-image-7834\" width=\"302\" height=\"226\" srcset=\"https:\/\/clubsublimoges.fr\/wp-content\/uploads\/2021\/05\/Le-bateau.jpg 1024w, https:\/\/clubsublimoges.fr\/wp-content\/uploads\/2021\/05\/Le-bateau-300x225.jpg 300w, https:\/\/clubsublimoges.fr\/wp-content\/uploads\/2021\/05\/Le-bateau-768x576.jpg 768w\" sizes=\"auto, (max-width: 302px) 100vw, 302px\" \/><\/figure>\n<\/div>\n<\/div>\n\n\n\n<div class=\"wp-block-columns alignwide is-layout-flex wp-container-core-columns-is-layout-7387b849 wp-block-columns-is-layout-flex\">\n<div class=\"wp-block-column is-layout-flow wp-block-column-is-layout-flow\" style=\"flex-basis:67%\">\n<div class=\"wp-block-image\"><figure class=\"alignright size-large\"><img loading=\"lazy\" decoding=\"async\" width=\"800\" height=\"600\" src=\"https:\/\/clubsublimoges.fr\/wp-content\/uploads\/2021\/05\/local.jpg\" alt=\"\" class=\"wp-image-7832\" srcset=\"https:\/\/clubsublimoges.fr\/wp-content\/uploads\/2021\/05\/local.jpg 800w, https:\/\/clubsublimoges.fr\/wp-content\/uploads\/2021\/05\/local-300x225.jpg 300w, https:\/\/clubsublimoges.fr\/wp-content\/uploads\/2021\/05\/local-768x576.jpg 768w\" sizes=\"auto, (max-width: 800px) 100vw, 800px\" \/><\/figure><\/div>\n<\/div>\n\n\n\n<div class=\"wp-block-column is-vertically-aligned-center is-layout-flow wp-block-column-is-layout-flow\" style=\"flex-basis:33%\">\n<p class=\"wp-block-paragraph\">Chaque ann\u00e9e, de nombreux plongeurs sont form\u00e9s par les encadrants du club, depuis le niveau 1 jusqu\u2019au niveau 4.<\/p>\n\n\n\n<p class=\"wp-block-paragraph\">La piscine de Beaublanc nous accueille tous les mardis soir&nbsp;\u00e0 partir de 21h00 pour des entra\u00eenements de nage palme, masque, tuba et apn\u00e9e et de plong\u00e9e avec bouteille .<\/p>\n\n\n\n<p class=\"wp-block-paragraph\">Et comme la vie d\u2019un club ne se limite pas \u00e0 des activit\u00e9s dans une piscine, tous les jeudis soir nous nous retrouvons au local pour faire diverses t\u00e2ches d\u2019entretien et administratives et la soir\u00e9e se termine par un bon repas.<\/p>\n\n\n\n<p class=\"wp-block-paragraph\">Et comme la plong\u00e9e ce n\u2019est pas compter les carreaux au fond d\u2019une piscine, des sorties en mer et des voyages sont aussi propos\u00e9s tout au long de l\u2019ann\u00e9e<\/p>\n<\/div>\n<\/div>\n<\/div><\/div>\n","protected":false},"excerpt":{"rendered":"<p>Historique Cr\u00e9\u00e9 en 1980 par une poign\u00e9e de passionn\u00e9s, le club subaquatique de LIMOGES vient d\u2019entrer dans sa 36 \u00e8me saison d\u2019existence. Le club compte aujourd\u2019hui plus de 100 licenci\u00e9s plongeurs et apn\u00e9istes de tout niveaux. Le CSL est un club \u00e0 but non lucratif totalement ind\u00e9pendant, r\u00e9gie par la loi de 1901 ; Il [&hellip;]<\/p>\n","protected":false},"author":1,"featured_media":0,"parent":12,"menu_order":1,"comment_status":"closed","ping_status":"closed","template":"","meta":{"_crdt_document":"","site-sidebar-layout":"default","site-content-layout":"default","ast-site-content-layout":"default","site-content-style":"default","site-sidebar-style":"default","ast-global-header-display":"","ast-banner-title-visibility":"","ast-main-header-display":"","ast-hfb-above-header-display":"","ast-hfb-below-header-display":"","ast-hfb-mobile-header-display":"","site-post-title":"","ast-breadcrumbs-content":"","ast-featured-img":"","footer-sml-layout":"","ast-disable-related-posts":"","theme-transparent-header-meta":"default","adv-header-id-meta":"","stick-header-meta":"","header-above-stick-meta":"","header-main-stick-meta":"","header-below-stick-meta":"","astra-migrate-meta-layouts":"default","ast-page-background-enabled":"default","ast-page-background-meta":{"desktop":{"background-color":"","background-image":"","background-repeat":"repeat","background-position":"center center","background-size":"auto","background-attachment":"scroll","background-type":"","background-media":"","overlay-type":"","overlay-color":"","overlay-opacity":"","overlay-gradient":""},"tablet":{"background-color":"","background-image":"","background-repeat":"repeat","background-position":"center center","background-size":"auto","background-attachment":"scroll","background-type":"","background-media":"","overlay-type":"","overlay-color":"","overlay-opacity":"","overlay-gradient":""},"mobile":{"background-color":"","background-image":"","background-repeat":"repeat","background-position":"center center","background-size":"auto","background-attachment":"scroll","background-type":"","background-media":"","overlay-type":"","overlay-color":"","overlay-opacity":"","overlay-gradient":""}},"ast-content-background-meta":{"desktop":{"background-color":"var(--ast-global-color-5)","background-image":"","background-repeat":"repeat","background-position":"center center","background-size":"auto","background-attachment":"scroll","background-type":"","background-media":"","overlay-type":"","overlay-color":"","overlay-opacity":"","overlay-gradient":""},"tablet":{"background-color":"var(--ast-global-color-5)","background-image":"","background-repeat":"repeat","background-position":"center center","background-size":"auto","background-attachment":"scroll","background-type":"","background-media":"","overlay-type":"","overlay-color":"","overlay-opacity":"","overlay-gradient":""},"mobile":{"background-color":"var(--ast-global-color-5)","background-image":"","background-repeat":"repeat","background-position":"center center","background-size":"auto","background-attachment":"scroll","background-type":"","background-media":"","overlay-type":"","overlay-color":"","overlay-opacity":"","overlay-gradient":""}},"footnotes":""},"class_list":["post-7815","page","type-page","status-publish","hentry"],"_links":{"self":[{"href":"https:\/\/clubsublimoges.fr\/index.php?rest_route=\/wp\/v2\/pages\/7815","targetHints":{"allow":["GET"]}}],"collection":[{"href":"https:\/\/clubsublimoges.fr\/index.php?rest_route=\/wp\/v2\/pages"}],"about":[{"href":"https:\/\/clubsublimoges.fr\/index.php?rest_route=\/wp\/v2\/types\/page"}],"author":[{"embeddable":true,"href":"https:\/\/clubsublimoges.fr\/index.php?rest_route=\/wp\/v2\/users\/1"}],"replies":[{"embeddable":true,"href":"https:\/\/clubsublimoges.fr\/index.php?rest_route=%2Fwp%2Fv2%2Fcomments&post=7815"}],"version-history":[{"count":4,"href":"https:\/\/clubsublimoges.fr\/index.php?rest_route=\/wp\/v2\/pages\/7815\/revisions"}],"predecessor-version":[{"id":11919,"href":"https:\/\/clubsublimoges.fr\/index.php?rest_route=\/wp\/v2\/pages\/7815\/revisions\/11919"}],"up":[{"embeddable":true,"href":"https:\/\/clubsublimoges.fr\/index.php?rest_route=\/wp\/v2\/pages\/12"}],"wp:attachment":[{"href":"https:\/\/clubsublimoges.fr\/index.php?rest_route=%2Fwp%2Fv2%2Fmedia&parent=7815"}],"curies":[{"name":"wp","href":"https:\/\/api.w.org\/{rel}","templated":true}]}}