{"id":7214,"date":"2021-03-26T11:45:45","date_gmt":"2021-03-26T10:45:45","guid":{"rendered":"http:\/\/clubsublimoges.fr\/?page_id=7214"},"modified":"2022-01-08T09:36:09","modified_gmt":"2022-01-08T08:36:09","slug":"tir-sur-cibles","status":"publish","type":"page","link":"https:\/\/clubsublimoges.fr\/?page_id=7214","title":{"rendered":"Tir sur cible subaquatique"},"content":{"rendered":"\n<div class=\"wp-block-columns is-layout-flex wp-container-core-columns-is-layout-7387b849 wp-block-columns-is-layout-flex\">\n<div class=\"wp-block-column is-layout-flow wp-block-column-is-layout-flow\">\n<p class=\"has-light-green-cyan-background-color has-background has-medium-font-size wp-block-paragraph\">Les entrainements Tir sur cible subaquatique ont lieu tous les dimanche matin a la piscine municipale de Saint Lazare:<\/p>\n\n\n\n<p class=\"has-light-green-cyan-background-color has-background has-medium-font-size wp-block-paragraph\">-Semaines impaires : 12h00\/14h00<\/p>\n\n\n\n<p class=\"has-light-green-cyan-background-color has-background has-medium-font-size wp-block-paragraph\">-Semaines paires: 10h30\/14h00<\/p>\n\n\n\n<p class=\"has-light-green-cyan-background-color has-background has-medium-font-size wp-block-paragraph\">Le club assure le pr\u00eat de l\u2019arbal\u00e8te.<\/p>\n\n\n\n<p class=\"has-light-green-cyan-background-color has-background has-medium-font-size wp-block-paragraph\">Pour toutes questions contacter Pierre MARTY au 06 43 74 69 25<\/p>\n<\/div>\n\n\n\n<div class=\"wp-block-column is-layout-flow wp-block-column-is-layout-flow\">\n<figure class=\"wp-block-gallery columns-3 is-cropped wp-block-gallery-1 is-layout-flex wp-block-gallery-is-layout-flex\"><ul class=\"blocks-gallery-grid\"><li class=\"blocks-gallery-item\"><figure><img loading=\"lazy\" decoding=\"async\" width=\"300\" height=\"168\" src=\"https:\/\/clubsublimoges.fr\/wp-content\/uploads\/2021\/07\/1.jpg\" alt=\"\" data-id=\"8830\" data-full-url=\"https:\/\/clubsublimoges.fr\/wp-content\/uploads\/2021\/07\/1.jpg\" data-link=\"https:\/\/clubsublimoges.fr\/?attachment_id=8830\" class=\"wp-image-8830\"\/><\/figure><\/li><li class=\"blocks-gallery-item\"><figure><img loading=\"lazy\" decoding=\"async\" width=\"282\" height=\"179\" src=\"https:\/\/clubsublimoges.fr\/wp-content\/uploads\/2021\/07\/2.jpg\" alt=\"\" data-id=\"8831\" data-full-url=\"https:\/\/clubsublimoges.fr\/wp-content\/uploads\/2021\/07\/2.jpg\" data-link=\"https:\/\/clubsublimoges.fr\/?attachment_id=8831\" class=\"wp-image-8831\"\/><\/figure><\/li><li class=\"blocks-gallery-item\"><figure><img loading=\"lazy\" decoding=\"async\" width=\"300\" height=\"168\" src=\"https:\/\/clubsublimoges.fr\/wp-content\/uploads\/2021\/07\/3.jpg\" alt=\"\" data-id=\"8832\" data-full-url=\"https:\/\/clubsublimoges.fr\/wp-content\/uploads\/2021\/07\/3.jpg\" data-link=\"https:\/\/clubsublimoges.fr\/?attachment_id=8832\" class=\"wp-image-8832\"\/><\/figure><\/li><li class=\"blocks-gallery-item\"><figure><img loading=\"lazy\" decoding=\"async\" width=\"328\" height=\"154\" src=\"https:\/\/clubsublimoges.fr\/wp-content\/uploads\/2021\/07\/4.jpg\" alt=\"\" data-id=\"8833\" data-full-url=\"https:\/\/clubsublimoges.fr\/wp-content\/uploads\/2021\/07\/4.jpg\" data-link=\"https:\/\/clubsublimoges.fr\/?attachment_id=8833\" class=\"wp-image-8833\" srcset=\"https:\/\/clubsublimoges.fr\/wp-content\/uploads\/2021\/07\/4.jpg 328w, https:\/\/clubsublimoges.fr\/wp-content\/uploads\/2021\/07\/4-300x141.jpg 300w\" sizes=\"auto, (max-width: 328px) 100vw, 328px\" \/><\/figure><\/li><\/ul><\/figure>\n<\/div>\n<\/div>\n\n\n\n<hr class=\"wp-block-separator is-style-wide\"\/>\n\n\n\n<div class=\"wp-block-columns is-layout-flex wp-container-core-columns-is-layout-7387b849 wp-block-columns-is-layout-flex\">\n<div class=\"wp-block-column is-layout-flow wp-block-column-is-layout-flow\">\n<figure class=\"wp-block-embed is-type-video is-provider-youtube wp-block-embed-youtube wp-embed-aspect-16-9 wp-has-aspect-ratio\"><div class=\"wp-block-embed__wrapper\">\n<iframe loading=\"lazy\" title=\"Vid\u00e9o promotionnelle du premier Open international (2020) en Tir sur cible subaquatique\" width=\"500\" height=\"281\" src=\"https:\/\/www.youtube.com\/embed\/6vTcIL_EGfk?feature=oembed\" frameborder=\"0\" allow=\"accelerometer; autoplay; clipboard-write; encrypted-media; gyroscope; picture-in-picture; web-share\" referrerpolicy=\"strict-origin-when-cross-origin\" allowfullscreen><\/iframe>\n<\/div><\/figure>\n<\/div>\n\n\n\n<div class=\"wp-block-column is-layout-flow wp-block-column-is-layout-flow\">\n<figure class=\"wp-block-embed is-type-video is-provider-youtube wp-block-embed-youtube wp-embed-aspect-16-9 wp-has-aspect-ratio\"><div class=\"wp-block-embed__wrapper\">\n<iframe loading=\"lazy\" title=\"A la d\u00e9couverte du tir sur cible subaquatique\" width=\"500\" height=\"281\" src=\"https:\/\/www.youtube.com\/embed\/6OWW6LWGb-I?feature=oembed\" frameborder=\"0\" allow=\"accelerometer; autoplay; clipboard-write; encrypted-media; gyroscope; picture-in-picture; web-share\" referrerpolicy=\"strict-origin-when-cross-origin\" allowfullscreen><\/iframe>\n<\/div><\/figure>\n<\/div>\n<\/div>\n\n\n\n<div class=\"wp-block-columns is-layout-flex wp-container-core-columns-is-layout-7387b849 wp-block-columns-is-layout-flex\">\n<div class=\"wp-block-column has-light-green-cyan-background-color has-background is-layout-flow wp-block-column-is-layout-flow\">\n<h2 class=\"wp-block-heading\">Historique<\/h2>\n\n\n\n<p class=\"wp-block-paragraph\">La premi\u00e8re pratique attest\u00e9e date de 1935, avec une comp\u00e9tition de tir sur cible et de nage \u00e0 la palme organis\u00e9e \u00e0 la <a href=\"https:\/\/fr.wikipedia.org\/wiki\/Piscine_Georges-Vallerey\">piscine des Tourelles<\/a> \u00e0 Paris<sup><a href=\"https:\/\/fr.wikipedia.org\/wiki\/Tir_sur_cible_subaquatique#cite_note-1\">1<\/a><\/sup>. Cette pratique apparait \u00e0 cette \u00e9poque comme une activit\u00e9 d&rsquo;entra\u00eenement hivernal \u00e0 la <a href=\"https:\/\/fr.wikipedia.org\/wiki\/Chasse_sous-marine\">chasse sous-marine<\/a> et l&rsquo;une des nombreuses nouvelles disciplines comp\u00e9titives de l&rsquo;\u00e9volution sportive du loisir de <a href=\"https:\/\/fr.wikipedia.org\/wiki\/Plong%C3%A9e_sous-marine\">plong\u00e9e sous-marine<\/a>.<\/p>\n\n\n\n<p class=\"wp-block-paragraph\">Par le pass\u00e9, les tirs \u00e9taient parfois effectu\u00e9s verticalement \u00e0 partir de la surface vers le fond, \u00e0 des profondeurs de 10 \u00e0 15 m\u00e8tres.<\/p>\n\n\n\n<p class=\"wp-block-paragraph\">Le tir sur cible subaquatique est organis\u00e9 en France au sein de la <a href=\"https:\/\/fr.wikipedia.org\/wiki\/F%C3%A9d%C3%A9ration_fran%C3%A7aise_d%27%C3%A9tudes_et_de_sports_sous-marins\">F\u00e9d\u00e9ration fran\u00e7aise d&rsquo;\u00e9tudes et de sports sous-marins<\/a> (FFESSM) puis au niveau international par la <a href=\"https:\/\/fr.wikipedia.org\/wiki\/Conf%C3%A9d%C3%A9ration_mondiale_des_activit%C3%A9s_subaquatiques\">Conf\u00e9d\u00e9ration mondiale des activit\u00e9s subaquatiques<\/a> (CMAS, 1959).<\/p>\n\n\n\n<h2 class=\"wp-block-heading\">Le tir sur cible subaquatique est organis\u00e9 en France au sein de la <a href=\"https:\/\/fr.wikipedia.org\/wiki\/F%C3%A9d%C3%A9ration_fran%C3%A7aise_d%27%C3%A9tudes_et_de_sports_sous-marins\">F\u00e9d\u00e9ration fran\u00e7aise d&rsquo;\u00e9tudes et de sports sous-marins<\/a> (FFESSM) puis au niveau international par la <a href=\"https:\/\/fr.wikipedia.org\/wiki\/Conf%C3%A9d%C3%A9ration_mondiale_des_activit%C3%A9s_subaquatiques\">Conf\u00e9d\u00e9ration mondiale des activit\u00e9s subaquatiques<\/a> (CMAS, 1959).<\/h2>\n<\/div>\n<\/div>\n\n\n\n<hr class=\"wp-block-separator is-style-wide\"\/>\n\n\n\n<figure class=\"wp-block-gallery columns-3 is-cropped wp-block-gallery-2 is-layout-flex wp-block-gallery-is-layout-flex\"><ul class=\"blocks-gallery-grid\"><li class=\"blocks-gallery-item\"><figure><a href=\"https:\/\/clubsublimoges.fr\/wp-content\/uploads\/2021\/03\/index.jpg\"><img decoding=\"async\" src=\"https:\/\/clubsublimoges.fr\/wp-content\/uploads\/2021\/03\/index.jpg\" alt=\"\" data-id=\"7245\" data-full-url=\"https:\/\/clubsublimoges.fr\/wp-content\/uploads\/2021\/03\/index.jpg\" data-link=\"https:\/\/clubsublimoges.fr\/?attachment_id=7245\" class=\"wp-image-7245\"\/><\/a><\/figure><\/li><li class=\"blocks-gallery-item\"><figure><a href=\"https:\/\/clubsublimoges.fr\/wp-content\/uploads\/2021\/03\/index1.jpg\"><img loading=\"lazy\" decoding=\"async\" width=\"259\" height=\"194\" src=\"https:\/\/clubsublimoges.fr\/wp-content\/uploads\/2021\/03\/index1.jpg\" alt=\"\" data-id=\"7246\" data-full-url=\"https:\/\/clubsublimoges.fr\/wp-content\/uploads\/2021\/03\/index1.jpg\" data-link=\"https:\/\/clubsublimoges.fr\/?attachment_id=7246\" class=\"wp-image-7246\"\/><\/a><\/figure><\/li><li class=\"blocks-gallery-item\"><figure><a href=\"https:\/\/clubsublimoges.fr\/wp-content\/uploads\/2021\/03\/index2.jpg\"><img loading=\"lazy\" decoding=\"async\" width=\"259\" height=\"194\" src=\"https:\/\/clubsublimoges.fr\/wp-content\/uploads\/2021\/03\/index2.jpg\" alt=\"\" data-id=\"7247\" data-full-url=\"https:\/\/clubsublimoges.fr\/wp-content\/uploads\/2021\/03\/index2.jpg\" data-link=\"https:\/\/clubsublimoges.fr\/?attachment_id=7247\" class=\"wp-image-7247\"\/><\/a><\/figure><\/li><li class=\"blocks-gallery-item\"><figure><a href=\"https:\/\/clubsublimoges.fr\/wp-content\/uploads\/2021\/03\/index4.jpg\"><img loading=\"lazy\" decoding=\"async\" width=\"259\" height=\"194\" src=\"https:\/\/clubsublimoges.fr\/wp-content\/uploads\/2021\/03\/index4.jpg\" alt=\"\" data-id=\"7248\" data-full-url=\"https:\/\/clubsublimoges.fr\/wp-content\/uploads\/2021\/03\/index4.jpg\" data-link=\"https:\/\/clubsublimoges.fr\/?attachment_id=7248\" class=\"wp-image-7248\"\/><\/a><\/figure><\/li><li class=\"blocks-gallery-item\"><figure><a href=\"https:\/\/clubsublimoges.fr\/wp-content\/uploads\/2021\/03\/images3.jpg\"><img loading=\"lazy\" decoding=\"async\" width=\"259\" height=\"194\" src=\"https:\/\/clubsublimoges.fr\/wp-content\/uploads\/2021\/03\/images3.jpg\" alt=\"\" data-id=\"7243\" data-full-url=\"https:\/\/clubsublimoges.fr\/wp-content\/uploads\/2021\/03\/images3.jpg\" data-link=\"https:\/\/clubsublimoges.fr\/?attachment_id=7243\" class=\"wp-image-7243\"\/><\/a><\/figure><\/li><li class=\"blocks-gallery-item\"><figure><a href=\"https:\/\/clubsublimoges.fr\/wp-content\/uploads\/2021\/03\/images3.png\"><img decoding=\"async\" src=\"https:\/\/clubsublimoges.fr\/wp-content\/uploads\/2021\/03\/images3.png\" alt=\"\" data-id=\"7220\" data-full-url=\"https:\/\/clubsublimoges.fr\/wp-content\/uploads\/2021\/03\/images3.png\" data-link=\"https:\/\/clubsublimoges.fr\/?attachment_id=7220\" class=\"wp-image-7220\"\/><\/a><\/figure><\/li><\/ul><\/figure>\n","protected":false},"excerpt":{"rendered":"<p>Les entrainements Tir sur cible subaquatique ont lieu tous les dimanche matin a la piscine municipale de Saint Lazare: -Semaines impaires : 12h00\/14h00 -Semaines paires: 10h30\/14h00 Le club assure le pr\u00eat de l\u2019arbal\u00e8te. Pour toutes questions contacter Pierre MARTY au 06 43 74 69 25 Historique La premi\u00e8re pratique attest\u00e9e date de 1935, avec une [&hellip;]<\/p>\n","protected":false},"author":1,"featured_media":0,"parent":0,"menu_order":7,"comment_status":"closed","ping_status":"closed","template":"","meta":{"_crdt_document":"","site-sidebar-layout":"default","site-content-layout":"default","ast-site-content-layout":"default","site-content-style":"default","site-sidebar-style":"default","ast-global-header-display":"","ast-banner-title-visibility":"","ast-main-header-display":"","ast-hfb-above-header-display":"","ast-hfb-below-header-display":"","ast-hfb-mobile-header-display":"","site-post-title":"","ast-breadcrumbs-content":"","ast-featured-img":"","footer-sml-layout":"","ast-disable-related-posts":"","theme-transparent-header-meta":"default","adv-header-id-meta":"","stick-header-meta":"","header-above-stick-meta":"","header-main-stick-meta":"","header-below-stick-meta":"","astra-migrate-meta-layouts":"default","ast-page-background-enabled":"default","ast-page-background-meta":{"desktop":{"background-color":"","background-image":"","background-repeat":"repeat","background-position":"center center","background-size":"auto","background-attachment":"scroll","background-type":"","background-media":"","overlay-type":"","overlay-color":"","overlay-opacity":"","overlay-gradient":""},"tablet":{"background-color":"","background-image":"","background-repeat":"repeat","background-position":"center center","background-size":"auto","background-attachment":"scroll","background-type":"","background-media":"","overlay-type":"","overlay-color":"","overlay-opacity":"","overlay-gradient":""},"mobile":{"background-color":"","background-image":"","background-repeat":"repeat","background-position":"center center","background-size":"auto","background-attachment":"scroll","background-type":"","background-media":"","overlay-type":"","overlay-color":"","overlay-opacity":"","overlay-gradient":""}},"ast-content-background-meta":{"desktop":{"background-color":"var(--ast-global-color-5)","background-image":"","background-repeat":"repeat","background-position":"center center","background-size":"auto","background-attachment":"scroll","background-type":"","background-media":"","overlay-type":"","overlay-color":"","overlay-opacity":"","overlay-gradient":""},"tablet":{"background-color":"var(--ast-global-color-5)","background-image":"","background-repeat":"repeat","background-position":"center center","background-size":"auto","background-attachment":"scroll","background-type":"","background-media":"","overlay-type":"","overlay-color":"","overlay-opacity":"","overlay-gradient":""},"mobile":{"background-color":"var(--ast-global-color-5)","background-image":"","background-repeat":"repeat","background-position":"center center","background-size":"auto","background-attachment":"scroll","background-type":"","background-media":"","overlay-type":"","overlay-color":"","overlay-opacity":"","overlay-gradient":""}},"footnotes":""},"class_list":["post-7214","page","type-page","status-publish","hentry"],"_links":{"self":[{"href":"https:\/\/clubsublimoges.fr\/index.php?rest_route=\/wp\/v2\/pages\/7214","targetHints":{"allow":["GET"]}}],"collection":[{"href":"https:\/\/clubsublimoges.fr\/index.php?rest_route=\/wp\/v2\/pages"}],"about":[{"href":"https:\/\/clubsublimoges.fr\/index.php?rest_route=\/wp\/v2\/types\/page"}],"author":[{"embeddable":true,"href":"https:\/\/clubsublimoges.fr\/index.php?rest_route=\/wp\/v2\/users\/1"}],"replies":[{"embeddable":true,"href":"https:\/\/clubsublimoges.fr\/index.php?rest_route=%2Fwp%2Fv2%2Fcomments&post=7214"}],"version-history":[{"count":28,"href":"https:\/\/clubsublimoges.fr\/index.php?rest_route=\/wp\/v2\/pages\/7214\/revisions"}],"predecessor-version":[{"id":9387,"href":"https:\/\/clubsublimoges.fr\/index.php?rest_route=\/wp\/v2\/pages\/7214\/revisions\/9387"}],"wp:attachment":[{"href":"https:\/\/clubsublimoges.fr\/index.php?rest_route=%2Fwp%2Fv2%2Fmedia&parent=7214"}],"curies":[{"name":"wp","href":"https:\/\/api.w.org\/{rel}","templated":true}]}}