{"id":5998,"date":"2018-10-15T11:04:15","date_gmt":"2018-10-15T09:04:15","guid":{"rendered":"http:\/\/clubsublimoges.fr\/?page_id=5998"},"modified":"2018-10-15T11:07:27","modified_gmt":"2018-10-15T09:07:27","slug":"montlucon","status":"publish","type":"page","link":"https:\/\/clubsublimoges.fr\/?page_id=5998","title":{"rendered":"Montlu\u00e7on"},"content":{"rendered":"<div>\n<div>\n<p><a href=\"https:\/\/clubsublimoges.fr\/?attachment_id=6001\" rel=\"attachment wp-att-6001\"><img loading=\"lazy\" decoding=\"async\" class=\"alignnone wp-image-6001\" src=\"https:\/\/clubsublimoges.fr\/wp-content\/uploads\/2018\/10\/20181015-Plan-acces-montlucon-300x190.jpg\" alt=\"\" width=\"535\" height=\"339\" \/><\/a><\/p>\n<p>&nbsp;<\/p>\n<p>&nbsp;<\/p>\n<p>Tous les ans, le CSL organise des plong\u00e9es \u00e0 la fosse de plong\u00e9e de Montlu\u00e7on (Centre Aqualudique de la Loue) afin de finaliser les niveaux pr\u00e9par\u00e9s en piscine<\/p>\n<p>Cela permet aux d\u00e9butants d\u2019avoir une premi\u00e8re approche de la profondeur (20m) mais aussi d\u2019avoir d\u2019autre sensations.<\/p>\n<p>Les inscriptions se font a l\u2019aide d\u2019un formulaire en ligne quelque temps avant chaque sortie.<\/p>\n<p>Situ\u00e9 dans l&rsquo;allier \u00e0 proximit\u00e9 de Montlu\u00e7on, Le Centre Aqualudique de La Loue dispose de deux fosses de plong\u00e9e, l&rsquo;une de 6m, l&rsquo;autre de 20m reli\u00e9es par un tunnel \u00e0 faible profondeur. &#8230;.. et l&rsquo;eau est \u00e0 28\u00b0<\/p>\n<p>&nbsp;<\/p>\n<p>&nbsp;<\/p>\n<p>&nbsp;<\/p>\n<\/div>\n<\/div>\n","protected":false},"excerpt":{"rendered":"<p>&nbsp; &nbsp; Tous les ans, le CSL organise des plong\u00e9es \u00e0 la fosse de plong\u00e9e de Montlu\u00e7on (Centre Aqualudique de la Loue) afin de finaliser les niveaux pr\u00e9par\u00e9s en piscine Cela permet aux d\u00e9butants d\u2019avoir une premi\u00e8re approche de la profondeur (20m) mais aussi d\u2019avoir d\u2019autre sensations. Les inscriptions se font a l\u2019aide d\u2019un formulaire [&hellip;]<\/p>\n","protected":false},"author":4,"featured_media":0,"parent":28,"menu_order":30,"comment_status":"closed","ping_status":"closed","template":"","meta":{"_crdt_document":"","site-sidebar-layout":"default","site-content-layout":"","ast-site-content-layout":"default","site-content-style":"default","site-sidebar-style":"default","ast-global-header-display":"","ast-banner-title-visibility":"","ast-main-header-display":"","ast-hfb-above-header-display":"","ast-hfb-below-header-display":"","ast-hfb-mobile-header-display":"","site-post-title":"","ast-breadcrumbs-content":"","ast-featured-img":"","footer-sml-layout":"","ast-disable-related-posts":"","theme-transparent-header-meta":"","adv-header-id-meta":"","stick-header-meta":"","header-above-stick-meta":"","header-main-stick-meta":"","header-below-stick-meta":"","astra-migrate-meta-layouts":"default","ast-page-background-enabled":"default","ast-page-background-meta":{"desktop":{"background-color":"","background-image":"","background-repeat":"repeat","background-position":"center center","background-size":"auto","background-attachment":"scroll","background-type":"","background-media":"","overlay-type":"","overlay-color":"","overlay-opacity":"","overlay-gradient":""},"tablet":{"background-color":"","background-image":"","background-repeat":"repeat","background-position":"center center","background-size":"auto","background-attachment":"scroll","background-type":"","background-media":"","overlay-type":"","overlay-color":"","overlay-opacity":"","overlay-gradient":""},"mobile":{"background-color":"","background-image":"","background-repeat":"repeat","background-position":"center center","background-size":"auto","background-attachment":"scroll","background-type":"","background-media":"","overlay-type":"","overlay-color":"","overlay-opacity":"","overlay-gradient":""}},"ast-content-background-meta":{"desktop":{"background-color":"var(--ast-global-color-5)","background-image":"","background-repeat":"repeat","background-position":"center center","background-size":"auto","background-attachment":"scroll","background-type":"","background-media":"","overlay-type":"","overlay-color":"","overlay-opacity":"","overlay-gradient":""},"tablet":{"background-color":"var(--ast-global-color-5)","background-image":"","background-repeat":"repeat","background-position":"center center","background-size":"auto","background-attachment":"scroll","background-type":"","background-media":"","overlay-type":"","overlay-color":"","overlay-opacity":"","overlay-gradient":""},"mobile":{"background-color":"var(--ast-global-color-5)","background-image":"","background-repeat":"repeat","background-position":"center center","background-size":"auto","background-attachment":"scroll","background-type":"","background-media":"","overlay-type":"","overlay-color":"","overlay-opacity":"","overlay-gradient":""}},"footnotes":""},"class_list":["post-5998","page","type-page","status-publish","hentry"],"_links":{"self":[{"href":"https:\/\/clubsublimoges.fr\/index.php?rest_route=\/wp\/v2\/pages\/5998","targetHints":{"allow":["GET"]}}],"collection":[{"href":"https:\/\/clubsublimoges.fr\/index.php?rest_route=\/wp\/v2\/pages"}],"about":[{"href":"https:\/\/clubsublimoges.fr\/index.php?rest_route=\/wp\/v2\/types\/page"}],"author":[{"embeddable":true,"href":"https:\/\/clubsublimoges.fr\/index.php?rest_route=\/wp\/v2\/users\/4"}],"replies":[{"embeddable":true,"href":"https:\/\/clubsublimoges.fr\/index.php?rest_route=%2Fwp%2Fv2%2Fcomments&post=5998"}],"version-history":[{"count":3,"href":"https:\/\/clubsublimoges.fr\/index.php?rest_route=\/wp\/v2\/pages\/5998\/revisions"}],"predecessor-version":[{"id":6002,"href":"https:\/\/clubsublimoges.fr\/index.php?rest_route=\/wp\/v2\/pages\/5998\/revisions\/6002"}],"up":[{"embeddable":true,"href":"https:\/\/clubsublimoges.fr\/index.php?rest_route=\/wp\/v2\/pages\/28"}],"wp:attachment":[{"href":"https:\/\/clubsublimoges.fr\/index.php?rest_route=%2Fwp%2Fv2%2Fmedia&parent=5998"}],"curies":[{"name":"wp","href":"https:\/\/api.w.org\/{rel}","templated":true}]}}