{"id":38,"date":"2014-01-23T17:27:59","date_gmt":"2014-01-23T15:27:59","guid":{"rendered":"http:\/\/sitedelaurent.wordpress.com\/?page_id=38"},"modified":"2021-10-09T19:43:10","modified_gmt":"2021-10-09T17:43:10","slug":"contact","status":"publish","type":"page","link":"https:\/\/clubsublimoges.fr\/?page_id=38","title":{"rendered":"Contact"},"content":{"rendered":"\n<p class=\"wp-block-paragraph\"><\/p>\n\n\n\n<div class=\"wp-block-columns has-background is-layout-flex wp-container-core-columns-is-layout-7387b849 wp-block-columns-is-layout-flex\" style=\"background-color:#aabcc4\">\n<div class=\"wp-block-column is-layout-flow wp-block-column-is-layout-flow\" style=\"flex-basis:66.66%\">\n<h2 class=\"wp-block-heading\">Pour toute demande d\u2019information, vous pouvez :<\/h2>\n\n\n\n<p class=\"has-normal-font-size wp-block-paragraph\">contacter:<\/p>\n\n\n\n<p class=\"has-normal-font-size wp-block-paragraph\">\u2013&nbsp; Daniel REBEYROL (Pr\u00e9sident)<\/p>\n\n\n\n<p class=\"has-normal-font-size wp-block-paragraph\">Envoyer un mail \u00e0 l\u2019adresse indiqu\u00e9e ci-dessous<\/p>\n\n\n\n<p class=\"has-normal-font-size wp-block-paragraph\">Vous pouvez \u00e9galement vous pr\u00e9senter \u00e0 la piscine de Beaublanc&nbsp;lors des s\u00e9ances d\u2019entra\u00eenement (les mardis \u00e0 partir de 20h45), nous nous ferons un plaisir de r\u00e9pondre \u00e0 vos questions.<\/p>\n\n\n\n<h3 class=\"wp-block-heading\"><a href=\"https:\/\/clubsublimoges.fr\/wp-content\/uploads\/2021\/06\/Venir-au-CSL.pdf\" data-type=\"URL\" data-id=\"https:\/\/clubsublimoges.fr\/wp-content\/uploads\/2021\/06\/Venir-au-CSL.pdf\" target=\"_blank\" rel=\"noreferrer noopener\">Nous rendre visite au local<\/a><\/h3>\n\n\n\n<p class=\"has-normal-font-size wp-block-paragraph\"><strong>Informations sur le club&nbsp;:<\/strong><\/p>\n\n\n\n<p class=\"has-normal-font-size wp-block-paragraph\"><strong>CLUB SUBAQUATIQUE DE LIMOGES<\/strong><\/p>\n\n\n\n<p class=\"has-normal-font-size wp-block-paragraph\"><strong>55, route de Coyol &nbsp; &nbsp; &nbsp; &nbsp; &nbsp; &nbsp; &nbsp; &nbsp; &nbsp; &nbsp; &nbsp; &nbsp; &nbsp; &nbsp; &nbsp; &nbsp; &nbsp; &nbsp; &nbsp; &nbsp; &nbsp; &nbsp; &nbsp; (05 55 36 88 60 \/ 07 81 78 70 02)<\/strong><\/p>\n\n\n\n<p class=\"has-normal-font-size wp-block-paragraph\"><strong>Maison neuve &nbsp; &nbsp; &nbsp; &nbsp; &nbsp; &nbsp; &nbsp; &nbsp; &nbsp; &nbsp; &nbsp; &nbsp; &nbsp; &nbsp; &nbsp; &nbsp; &nbsp; &nbsp; &nbsp; &nbsp; &nbsp; &nbsp; &nbsp; &nbsp; &nbsp;e-mail&nbsp;:&nbsp;contact@clubsublimoges.fr&nbsp;<\/strong><\/p>\n\n\n\n<p class=\"has-normal-font-size wp-block-paragraph\"><strong>87270 COUZEIX &nbsp; &nbsp; &nbsp; &nbsp; &nbsp; &nbsp; &nbsp; &nbsp; &nbsp; &nbsp; &nbsp; &nbsp; &nbsp; &nbsp; &nbsp; &nbsp; &nbsp; &nbsp; &nbsp; &nbsp; &nbsp; &nbsp; &nbsp; &nbsp; &nbsp; &nbsp;<\/strong><\/p>\n\n\n\n<p class=\"has-normal-font-size wp-block-paragraph\"><strong>Internet&nbsp;:&nbsp;<a href=\"https:\/\/newsitecsl.wordpress.com\/\">clubsublimoges.fr<\/a><\/strong><\/p>\n\n\n\n<p class=\"has-normal-font-size wp-block-paragraph\">&nbsp;Club affili\u00e9 \u00e0 la FFESSM N\u00b0&nbsp;02870082<\/p>\n\n\n\n<p class=\"has-normal-font-size wp-block-paragraph\">Num\u00e9ro siret: 411 301 229 00026<\/p>\n\n\n\n<p class=\"has-normal-font-size wp-block-paragraph\">Agr\u00e9ment Jeunesse et Sport : 87 S 83\/027<\/p>\n<\/div>\n\n\n\n<div class=\"wp-block-column is-layout-flow wp-block-column-is-layout-flow\" style=\"flex-basis:33.33%\">\n<p class=\"has-text-align-center has-pale-cyan-blue-background-color has-background has-medium-font-size wp-block-paragraph\">Demande d&rsquo;informations<\/p>\n\n\n\n<p class=\"has-text-align-center has-pale-cyan-blue-background-color has-background has-medium-font-size wp-block-paragraph\">Remplissez le formulaire<\/p>\n\n\n\n<div class=\"wp-block-contact-form-7-contact-form-selector\">\n<div class=\"wpcf7 no-js\" id=\"wpcf7-f9142-o1\" lang=\"fr-FR\" dir=\"ltr\" data-wpcf7-id=\"9142\">\n<div class=\"screen-reader-response\"><p role=\"status\" aria-live=\"polite\" aria-atomic=\"true\"><\/p> <ul><\/ul><\/div>\n<form action=\"\/index.php?rest_route=%2Fwp%2Fv2%2Fpages%2F38#wpcf7-f9142-o1\" method=\"post\" class=\"wpcf7-form init\" aria-label=\"Formulaire de contact\" novalidate=\"novalidate\" data-status=\"init\">\n<fieldset class=\"hidden-fields-container\"><input type=\"hidden\" name=\"_wpcf7\" value=\"9142\" \/><input type=\"hidden\" name=\"_wpcf7_version\" value=\"6.1.5\" \/><input type=\"hidden\" name=\"_wpcf7_locale\" value=\"fr_FR\" \/><input type=\"hidden\" name=\"_wpcf7_unit_tag\" value=\"wpcf7-f9142-o1\" \/><input type=\"hidden\" name=\"_wpcf7_container_post\" value=\"0\" \/><input type=\"hidden\" name=\"_wpcf7_posted_data_hash\" value=\"\" \/><input type=\"hidden\" name=\"_wpcf7_recaptcha_response\" value=\"\" \/>\n<\/fieldset>\n<p><label> Votre nom<br \/>\n<span class=\"wpcf7-form-control-wrap\" data-name=\"your-name\"><input size=\"40\" maxlength=\"400\" class=\"wpcf7-form-control wpcf7-text wpcf7-validates-as-required\" aria-required=\"true\" aria-invalid=\"false\" value=\"\" type=\"text\" name=\"your-name\" \/><\/span> <\/label>\n<\/p>\n<p><label> Votre e-mail<br \/>\n<span class=\"wpcf7-form-control-wrap\" data-name=\"your-email\"><input size=\"40\" maxlength=\"400\" class=\"wpcf7-form-control wpcf7-email wpcf7-validates-as-required wpcf7-text wpcf7-validates-as-email\" aria-required=\"true\" aria-invalid=\"false\" value=\"\" type=\"email\" name=\"your-email\" \/><\/span> <\/label>\n<\/p>\n<p><label> Objet<br \/>\n<span class=\"wpcf7-form-control-wrap\" data-name=\"your-subject\"><input size=\"40\" maxlength=\"400\" class=\"wpcf7-form-control wpcf7-text wpcf7-validates-as-required\" aria-required=\"true\" aria-invalid=\"false\" value=\"\" type=\"text\" name=\"your-subject\" \/><\/span> <\/label>\n<\/p>\n<p><label> Votre message (facultatif)<br \/>\n<span class=\"wpcf7-form-control-wrap\" data-name=\"your-message\"><textarea cols=\"40\" rows=\"10\" maxlength=\"2000\" class=\"wpcf7-form-control wpcf7-textarea\" aria-invalid=\"false\" name=\"your-message\"><\/textarea><\/span> <\/label>\n<\/p>\n<p><span class=\"wpcf7-form-control-wrap\" data-name=\"quiz-906\"><label><span class=\"wpcf7-quiz-label\">Combien font 2+2+3<\/span> <input size=\"40\" class=\"wpcf7-form-control wpcf7-quiz\" autocomplete=\"off\" aria-required=\"true\" aria-invalid=\"false\" type=\"text\" name=\"quiz-906\" \/><\/label><input type=\"hidden\" name=\"_wpcf7_quiz_answer_quiz-906\" value=\"5ee0a96af3d8a28cbe9f0f08e25a5655\" \/><\/span>\n<\/p>\n<p><input class=\"wpcf7-form-control wpcf7-submit has-spinner\" type=\"submit\" value=\"Envoyer\" \/>\n<\/p><p style=\"display: none !important;\" class=\"akismet-fields-container\" data-prefix=\"_wpcf7_ak_\"><label>&#916;<textarea name=\"_wpcf7_ak_hp_textarea\" cols=\"45\" rows=\"8\" maxlength=\"100\"><\/textarea><\/label><input type=\"hidden\" id=\"ak_js_1\" name=\"_wpcf7_ak_js\" value=\"94\"\/><script>document.getElementById( \"ak_js_1\" ).setAttribute( \"value\", ( new Date() ).getTime() );<\/script><\/p><div class=\"wpcf7-response-output\" aria-hidden=\"true\"><\/div>\n<\/form>\n<\/div>\n<\/div>\n<\/div>\n<\/div>\n","protected":false},"excerpt":{"rendered":"<p>Pour toute demande d\u2019information, vous pouvez : contacter: \u2013&nbsp; Daniel REBEYROL (Pr\u00e9sident) Envoyer un mail \u00e0 l\u2019adresse indiqu\u00e9e ci-dessous Vous pouvez \u00e9galement vous pr\u00e9senter \u00e0 la piscine de Beaublanc&nbsp;lors des s\u00e9ances d\u2019entra\u00eenement (les mardis \u00e0 partir de 20h45), nous nous ferons un plaisir de r\u00e9pondre \u00e0 vos questions. Nous rendre visite au local Informations sur [&hellip;]<\/p>\n","protected":false},"author":1,"featured_media":0,"parent":0,"menu_order":0,"comment_status":"closed","ping_status":"closed","template":"","meta":{"_crdt_document":"","site-sidebar-layout":"default","site-content-layout":"default","ast-site-content-layout":"default","site-content-style":"default","site-sidebar-style":"default","ast-global-header-display":"","ast-banner-title-visibility":"","ast-main-header-display":"","ast-hfb-above-header-display":"","ast-hfb-below-header-display":"","ast-hfb-mobile-header-display":"","site-post-title":"","ast-breadcrumbs-content":"","ast-featured-img":"","footer-sml-layout":"","ast-disable-related-posts":"","theme-transparent-header-meta":"default","adv-header-id-meta":"","stick-header-meta":"","header-above-stick-meta":"","header-main-stick-meta":"","header-below-stick-meta":"","astra-migrate-meta-layouts":"default","ast-page-background-enabled":"default","ast-page-background-meta":{"desktop":{"background-color":"","background-image":"","background-repeat":"repeat","background-position":"center center","background-size":"auto","background-attachment":"scroll","background-type":"","background-media":"","overlay-type":"","overlay-color":"","overlay-opacity":"","overlay-gradient":""},"tablet":{"background-color":"","background-image":"","background-repeat":"repeat","background-position":"center center","background-size":"auto","background-attachment":"scroll","background-type":"","background-media":"","overlay-type":"","overlay-color":"","overlay-opacity":"","overlay-gradient":""},"mobile":{"background-color":"","background-image":"","background-repeat":"repeat","background-position":"center center","background-size":"auto","background-attachment":"scroll","background-type":"","background-media":"","overlay-type":"","overlay-color":"","overlay-opacity":"","overlay-gradient":""}},"ast-content-background-meta":{"desktop":{"background-color":"var(--ast-global-color-5)","background-image":"","background-repeat":"repeat","background-position":"center center","background-size":"auto","background-attachment":"scroll","background-type":"","background-media":"","overlay-type":"","overlay-color":"","overlay-opacity":"","overlay-gradient":""},"tablet":{"background-color":"var(--ast-global-color-5)","background-image":"","background-repeat":"repeat","background-position":"center center","background-size":"auto","background-attachment":"scroll","background-type":"","background-media":"","overlay-type":"","overlay-color":"","overlay-opacity":"","overlay-gradient":""},"mobile":{"background-color":"var(--ast-global-color-5)","background-image":"","background-repeat":"repeat","background-position":"center center","background-size":"auto","background-attachment":"scroll","background-type":"","background-media":"","overlay-type":"","overlay-color":"","overlay-opacity":"","overlay-gradient":""}},"footnotes":""},"class_list":["post-38","page","type-page","status-publish","hentry"],"_links":{"self":[{"href":"https:\/\/clubsublimoges.fr\/index.php?rest_route=\/wp\/v2\/pages\/38","targetHints":{"allow":["GET"]}}],"collection":[{"href":"https:\/\/clubsublimoges.fr\/index.php?rest_route=\/wp\/v2\/pages"}],"about":[{"href":"https:\/\/clubsublimoges.fr\/index.php?rest_route=\/wp\/v2\/types\/page"}],"author":[{"embeddable":true,"href":"https:\/\/clubsublimoges.fr\/index.php?rest_route=\/wp\/v2\/users\/1"}],"replies":[{"embeddable":true,"href":"https:\/\/clubsublimoges.fr\/index.php?rest_route=%2Fwp%2Fv2%2Fcomments&post=38"}],"version-history":[{"count":70,"href":"https:\/\/clubsublimoges.fr\/index.php?rest_route=\/wp\/v2\/pages\/38\/revisions"}],"predecessor-version":[{"id":9143,"href":"https:\/\/clubsublimoges.fr\/index.php?rest_route=\/wp\/v2\/pages\/38\/revisions\/9143"}],"wp:attachment":[{"href":"https:\/\/clubsublimoges.fr\/index.php?rest_route=%2Fwp%2Fv2%2Fmedia&parent=38"}],"curies":[{"name":"wp","href":"https:\/\/api.w.org\/{rel}","templated":true}]}}