{"id":32,"date":"2019-10-15T11:26:36","date_gmt":"2019-10-15T09:26:36","guid":{"rendered":"http:\/\/clubsublimoges.wordpress.com\/?page_id=32"},"modified":"2024-01-22T18:49:31","modified_gmt":"2024-01-22T17:49:31","slug":"galeries-photos","status":"publish","type":"page","link":"https:\/\/clubsublimoges.fr\/?page_id=32","title":{"rendered":"R\u00e9cits et Photos de Voyages"},"content":{"rendered":"\n<div style=\"height:23px\" aria-hidden=\"true\" class=\"wp-block-spacer\"><\/div>\n\n\n\n<h3 class=\"wp-block-heading has-text-align-center has-pale-cyan-blue-background-color has-background\">Saison 2022-2023<\/h3>\n\n\n\n<ul class=\"wp-block-list\">\n<li><strong>13 au 20 mai 2023 : Sortie club \u00e0 Rosas (Cala Montjoi) : <a href=\"https:\/\/clubsublimoges.fr\/?p=10272\" data-type=\"link\" data-id=\"https:\/\/clubsublimoges.fr\/?p=10272\" target=\"_blank\" rel=\"noreferrer noopener\">lire article <\/a><\/strong><\/li>\n\n\n\n<li><strong>20 au 25 aout 2023 : Sortie club \u00e0 Rosas (Cala Montjoi) :<a href=\"https:\/\/clubsublimoges.fr\/?p=10446\" data-type=\"link\" data-id=\"https:\/\/clubsublimoges.fr\/?p=10446\" target=\"_blank\" rel=\"noreferrer noopener\"> lire article<\/a><a href=\"https:\/\/clubsublimoges.fr\/?p=10446\" data-type=\"link\" data-id=\"https:\/\/clubsublimoges.fr\/?p=10446\"> <\/a><\/strong><\/li>\n\n\n\n<li><strong>7 au 14 octobre 2023 : Croisi\u00e8re Sud Mer Rouge en Egypte (Saint John&rsquo;s) : <a href=\"https:\/\/clubsublimoges.fr\/?p=10624\" target=\"_blank\" rel=\"noreferrer noopener\">lire article <\/a><\/strong><\/li>\n\n\n\n<li><strong>novembre 2023: S\u00e9jour plong\u00e9es et visites au Cap Vert : <a href=\"https:\/\/clubsublimoges.fr\/?p=10677\" target=\"_blank\" rel=\"noreferrer noopener\">lire article <\/a><\/strong><\/li>\n<\/ul>\n\n\n\n<p class=\"wp-block-paragraph\"><\/p>\n\n\n\n<h3 class=\"wp-block-heading has-text-align-center has-pale-cyan-blue-background-color has-background\">Saison 2021-2022<\/h3>\n\n\n\n<ul class=\"wp-block-list\">\n<li><strong>22 au 29 mai 2022 : Sortie Club \u00e0 Rosas (Cala Montjoi) : <a rel=\"noreferrer noopener\" href=\"https:\/\/clubsublimoges.fr\/?p=9700\" target=\"_blank\">article et video <\/a><\/strong><\/li>\n\n\n\n<li><strong>3 au 6 juin 2022 : le CSL \u00e0 l&rsquo;Aber Wrac&rsquo;h (Bretagne) : <a rel=\"noreferrer noopener\" href=\"https:\/\/clubsublimoges.fr\/?p=9736\" target=\"_blank\">lire article <\/a><\/strong><\/li>\n\n\n\n<li><strong>18 au 25 juin 2022 : S\u00e9jour plong\u00e9e \u00e0 Saint Cast le Guilo en Bretagne : <a rel=\"noreferrer noopener\" href=\"https:\/\/clubsublimoges.fr\/?p=9747\" target=\"_blank\">lire article<\/a><\/strong><\/li>\n\n\n\n<li><strong>20 au 27 aout 2022 : S\u00e9jour \u00e0 Rosas : <a rel=\"noreferrer noopener\" href=\"https:\/\/clubsublimoges.fr\/?p=9926\" target=\"_blank\">lire article<\/a><\/strong><\/li>\n\n\n\n<li><strong>2 au 9 octobre 2022 : sortie \u00e9paves \u00e0 La Londe les Maures (Var) : <a href=\"https:\/\/clubsublimoges.fr\/?p=10066\" target=\"_blank\" rel=\"noreferrer noopener\">lire article<\/a><\/strong><\/li>\n<\/ul>\n\n\n\n<hr class=\"wp-block-separator has-text-color has-luminous-vivid-orange-color has-css-opacity has-luminous-vivid-orange-background-color has-background is-style-wide\"\/>\n\n\n\n<h3 class=\"wp-block-heading has-text-align-center has-pale-cyan-blue-background-color has-background\">Saison 2020-2021<\/h3>\n\n\n\n<ul class=\"wp-block-list\">\n<li><strong>10 au 17 mai 2021&nbsp; : Sortie club \u00e0 ROSAS : <a href=\"https:\/\/clubsublimoges.fr\/?p=7795\" data-type=\"URL\" data-id=\"https:\/\/clubsublimoges.fr\/?p=7795\" target=\"_blank\" rel=\"noreferrer noopener\">lire article<\/a><\/strong><\/li>\n\n\n\n<li><strong>12 au 19 juin 2021 : sortie club en Bretagne (Saint Cast le Guildo) : <a rel=\"noreferrer noopener\" href=\"https:\/\/clubsublimoges.fr\/?p=8915\" target=\"_blank\">lire article<\/a><\/strong><\/li>\n\n\n\n<li><strong>21 au 28 aout 2021 : sortie cluv \u00e0 Rosas : <a rel=\"noreferrer noopener\" href=\"https:\/\/clubsublimoges.fr\/?p=8620\" target=\"_blank\">lire article<\/a><\/strong><\/li>\n<\/ul>\n\n\n\n<hr class=\"wp-block-separator has-text-color has-luminous-vivid-orange-color has-css-opacity has-luminous-vivid-orange-background-color has-background is-style-wide\"\/>\n\n\n\n<h3 class=\"wp-block-heading has-text-align-center has-pale-cyan-blue-background-color has-background\">Saison 2019-2020<\/h3>\n\n\n\n<ul class=\"wp-block-list\">\n<li><strong>Juin 2020&nbsp; : sortie \u00e0 Saint Cast le Guildo enBretagne : <a href=\"https:\/\/href.li\/?https:\/\/clubsublimoges.fr\/?p=6758\">lire article<\/a>&nbsp;<\/strong><\/li>\n\n\n\n<li><strong>octobre 2019<\/strong> <strong>vacances Toussaint : Voyage Plong\u00e9e et Tourisme en Guadeloupe : <a href=\"https:\/\/href.li\/?https:\/\/clubsublimoges.fr\/?p=6588\">lire article<\/a><\/strong><\/li>\n<\/ul>\n\n\n\n<hr class=\"wp-block-separator has-text-color has-luminous-vivid-orange-color has-css-opacity has-luminous-vivid-orange-background-color has-background is-style-wide\"\/>\n\n\n\n<h3 class=\"wp-block-heading has-text-align-center has-pale-cyan-blue-background-color has-background\">Saison 2018-2019<\/h3>\n\n\n\n<ul class=\"wp-block-list\">\n<li><strong>28 septembre au 05 octobre 2019 : sortie \u00e0 Tr\u00e9gunc : <a href=\"https:\/\/href.li\/?https:\/\/clubsublimoges.fr\/?p=6541\" target=\"_blank\" rel=\"noreferrer noopener\">lire article<\/a><\/strong><\/li>\n\n\n\n<li><strong>25 mai au 03 juin 2019 : Sortie club \u00e0 ROSAS <a href=\"https:\/\/href.li\/?https:\/\/clubsublimoges.fr\/?p=6369\" target=\"_blank\" rel=\"noreferrer noopener\">lire article<\/a><\/strong><\/li>\n\n\n\n<li><strong>08 au 12 mai 2019 : Sortie \u00e0 Tregunc : <a href=\"https:\/\/href.li\/?https:\/\/clubsublimoges.fr\/?p=6317\" target=\"_blank\" rel=\"noreferrer noopener\">lire article<\/a><\/strong><\/li>\n\n\n\n<li><strong>26 octobre au 2 novembre 2018 : Voyage Plong\u00e9es et Excursions aux Iles Canaries \u00e0 Lanzarote:&nbsp;&nbsp;<a href=\"https:\/\/href.li\/?https:\/\/clubsublimoges.fr\/?p=6142\" target=\"_blank\" rel=\"noreferrer noopener\">lire article<\/a><\/strong><\/li>\n<\/ul>\n\n\n\n<hr class=\"wp-block-separator has-text-color has-luminous-vivid-orange-color has-css-opacity has-luminous-vivid-orange-background-color has-background is-style-wide\"\/>\n\n\n\n<h3 class=\"wp-block-heading has-text-align-center has-pale-cyan-blue-background-color has-background\">Saison 2017-2018<\/h3>\n\n\n\n<ul class=\"wp-block-list\">\n<li><strong>23 au 30 septembre 2018 : sortie Argel\u00e8s sur Mer: <a rel=\"noreferrer noopener\" href=\"https:\/\/href.li\/?https:\/\/clubsublimoges.fr\/?p=5976\" target=\"_blank\">lire article<\/a><\/strong><\/li>\n\n\n\n<li><strong>18 au 25 aout 2018 : Sortie club \u00e0 Rosas (Cala Montjoi) -&gt; <a rel=\"noreferrer noopener\" href=\"https:\/\/href.li\/?https:\/\/clubsublimoges.fr\/?p=5908\" target=\"_blank\">lire article<\/a><\/strong><\/li>\n\n\n\n<li><strong>17 au 23 juin 2018 : Semaine plong\u00e9es en Bretagne Nord (St Cast) -&gt; <a rel=\"noreferrer noopener\" href=\"https:\/\/href.li\/?https:\/\/clubsublimoges.fr\/?p=5801\" target=\"_blank\">lire article<\/a><\/strong><\/li>\n\n\n\n<li><strong>18 au 21 mai 2018 : WE Plong\u00e9es en Vend\u00e9e \u00e0 Longeville -&gt; <a rel=\"noreferrer noopener\" href=\"https:\/\/href.li\/?https:\/\/clubsublimoges.fr\/?p=5707\" target=\"_blank\">lire article<\/a><\/strong><\/li>\n\n\n\n<li><strong>5 au 13 mai 2018 : sortie club \u00e0 Rosas (Cala Montjoi) : <a href=\"https:\/\/href.li\/?https:\/\/clubsublimoges.fr\/?p=5691\">lire article&nbsp;<\/a><\/strong><\/li>\n\n\n\n<li><strong>28 octobre au 4 novembre 2017 : Voyage Plong\u00e9es et Excursions aux Iles Canaries \u00e0 Tenerife : <a rel=\"noreferrer noopener\" href=\"https:\/\/href.li\/?https:\/\/clubsublimoges.fr\/?p=5424\" target=\"_blank\">lire article<\/a><\/strong><\/li>\n<\/ul>\n\n\n\n<hr class=\"wp-block-separator has-text-color has-luminous-vivid-orange-color has-css-opacity has-luminous-vivid-orange-background-color has-background is-style-wide\"\/>\n\n\n\n<h3 class=\"wp-block-heading has-text-align-center has-pale-cyan-blue-background-color has-background\">&nbsp;Saison 2016-2017<\/h3>\n\n\n\n<ul class=\"wp-block-list\">\n<li><strong>1 au 8 octobre 2017 : sortie La Londe-les-Maures: <a href=\"https:\/\/href.li\/?https:\/\/clubsublimoges.fr\/?p=5331\" target=\"_blank\" rel=\"noreferrer noopener\">lire article<\/a><\/strong><\/li>\n\n\n\n<li><strong>2 au 9Septembre 2017 : Croisi\u00e8re \u00ab&nbsp;Triangle d\u2019Ord&nbsp;\u00bb en Mer Rouge :<\/strong> <strong><a href=\"https:\/\/href.li\/?https:\/\/clubsublimoges.fr\/?p=5277\">lire article<\/a><\/strong><\/li>\n\n\n\n<li><strong>19 au 26 Aout 2017 : sortie Rosas (Cala Montjoi) :<\/strong> <strong><a href=\"https:\/\/href.li\/?https:\/\/clubsublimoges.fr\/?p=5235\" target=\"_blank\" rel=\"noreferrer noopener\">lire article<\/a><\/strong><\/li>\n\n\n\n<li><strong>10 au 17 juin 2017 : sortie Bretagne : <a href=\"https:\/\/href.li\/?https:\/\/clubsublimoges.fr\/?p=5076\" target=\"_blank\" rel=\"noreferrer noopener\">lire article<\/a><\/strong><\/li>\n\n\n\n<li><strong>20 au 30 Mai 2017 : sortie Rosas (Cala Montjoi) club et \u00e9tudiants :<\/strong> <strong><a href=\"https:\/\/href.li\/?https:\/\/clubsublimoges.fr\/?p=5005\" target=\"_blank\" rel=\"noreferrer noopener\">lire cet&nbsp; article<\/a><\/strong><strong> et <a href=\"https:\/\/href.li\/?https:\/\/clubsublimoges.fr\/?p=5009\" target=\"_blank\" rel=\"noreferrer noopener\">celui-ci<\/a><\/strong><\/li>\n<\/ul>\n\n\n\n<hr class=\"wp-block-separator has-text-color has-luminous-vivid-orange-color has-css-opacity has-luminous-vivid-orange-background-color has-background is-style-wide\"\/>\n\n\n\n<h3 class=\"wp-block-heading has-text-align-center has-pale-cyan-blue-background-color has-background\">&nbsp;Saison 2015-2016<\/h3>\n\n\n\n<ul class=\"wp-block-list\">\n<li><strong>2 au 9 octobre 2016 : sortie La Londe-les-Maures: <a href=\"https:\/\/href.li\/?https:\/\/clubsublimoges.fr\/?p=4669\" target=\"_blank\" rel=\"noreferrer noopener\">lire article<\/a><\/strong><\/li>\n\n\n\n<li><strong>19 au 26 Aout 2016 : sortie Rosas (Cala Montjoi) :<\/strong> <strong><a href=\"https:\/\/href.li\/?https:\/\/clubsublimoges.fr\/?p=4580\">lire article<\/a><\/strong><\/li>\n\n\n\n<li><strong>12 au 18 juin 2016 : sortie Bretagne : <a href=\"https:\/\/href.li\/?https:\/\/clubsublimoges.fr\/?p=4495\" target=\"_blank\" rel=\"noreferrer noopener\">lire article<\/a><\/strong><\/li>\n\n\n\n<li><strong>28 au 31 Mai 2016 : sortie section Etudiants Rosas (Cala Montjoi) :<\/strong> <strong><a href=\"https:\/\/href.li\/?https:\/\/clubsublimoges.fr\/?p=4453\" target=\"_blank\" rel=\"noreferrer noopener\">lire article<\/a><\/strong><\/li>\n\n\n\n<li><strong>30 avril au 8 Mai 2016 : sortie Rosas (Cala Montjoi) :<\/strong> <strong><a href=\"https:\/\/href.li\/?https:\/\/clubsublimoges.fr\/?p=4437\" target=\"_blank\" rel=\"noreferrer noopener\">lire article<\/a><\/strong><\/li>\n<\/ul>\n\n\n\n<hr class=\"wp-block-separator has-text-color has-luminous-vivid-orange-color has-css-opacity has-luminous-vivid-orange-background-color has-background is-style-wide\"\/>\n\n\n\n<h3 class=\"wp-block-heading has-text-align-center has-pale-cyan-blue-background-color has-background\">&nbsp;Saison 2014-2015<\/h3>\n\n\n\n<ul class=\"wp-block-list\">\n<li><strong>4 au 11 Octobre 2015 : Sortie \u00e0 La Londe les Maures :<\/strong> <strong><a href=\"https:\/\/href.li\/?https:\/\/clubsublimoges.fr\/?p=4009\">lire article<\/a><\/strong><\/li>\n\n\n\n<li><strong>mi- septembre 2015 : voyage aux acores :<\/strong> <strong><a href=\"https:\/\/href.li\/?https:\/\/clubsublimoges.fr\/?p=4075\">lire article<\/a><\/strong><\/li>\n\n\n\n<li><strong>5 au 12 Septembre 2015 : Croisi\u00e8re St John\u2019s en Mer Rouge :<\/strong> <strong><a href=\"https:\/\/href.li\/?https:\/\/clubsublimoges.fr\/?p=3979\">lire article<\/a><\/strong><\/li>\n\n\n\n<li><strong>22 au&nbsp; 29 Aout 2015 : sortie Rosas (Cala Montjoi) :<\/strong> <strong><a href=\"https:\/\/href.li\/?https:\/\/clubsublimoges.fr\/?p=3962\">lire article<\/a><\/strong><\/li>\n\n\n\n<li><strong>13 au 20 Juin 2015 : sortie Bretagne( Saint Cast le Guildo)&nbsp; :<\/strong> <strong><a href=\"https:\/\/href.li\/?https:\/\/clubsublimoges.fr\/?p=3843\">lire article<\/a><\/strong><\/li>\n\n\n\n<li><strong>30 mai au 2 Juin 2015 : sortie Rosas (Cala Montjoi) section ETUDIANTS :<\/strong> <strong><a href=\"https:\/\/href.li\/?https:\/\/clubsublimoges.fr\/?p=3825\">lire article<\/a><\/strong><\/li>\n\n\n\n<li><strong>9 au&nbsp; 16 Mai 2015 : sortie Rosas (Cala Montjoi) :<\/strong> <strong><a href=\"https:\/\/href.li\/?https:\/\/clubsublimoges.fr\/?p=3747\">lire article<\/a><\/strong><\/li>\n<\/ul>\n\n\n\n<h3 class=\"wp-block-heading has-text-align-center has-pale-cyan-blue-background-color has-background\">Saison 2013-2014<\/h3>\n\n\n\n<ul class=\"wp-block-list\">\n<li><strong>5 au 12 octobre 2014 : sortie La Londe les Maures : <a href=\"https:\/\/href.li\/?https:\/\/clubsublimoges.fr\/?p=3354\">lire article<\/a><\/strong><\/li>\n\n\n\n<li><strong>6 au 13 Septembre 2014 : Croisi\u00e8re Nord Mer Rouge : <a href=\"https:\/\/href.li\/?https:\/\/clubsublimoges.fr\/?p=3285\">lire article<\/a><\/strong><\/li>\n\n\n\n<li><strong>16 au 23 Aout 2014 : Sortie Rosas (Cala Montjoi) : <a href=\"https:\/\/href.li\/?https:\/\/clubsublimoges.fr\/?p=3268\">lire article<\/a><\/strong><\/li>\n\n\n\n<li><strong>8 au 14 Juin 2014 : sortie Bretagne :<\/strong> <strong><a href=\"https:\/\/href.li\/?https:\/\/clubsublimoges.fr\/?p=3065\">lire article<\/a><\/strong><\/li>\n\n\n\n<li><strong>23 au&nbsp; 29 Mai 2014 : sortie Rosas (Cala Montjoi) :<\/strong> <strong><a href=\"https:\/\/href.li\/?https:\/\/clubsublimoges.fr\/?p=3038\">lire article<\/a><\/strong><\/li>\n\n\n\n<li><strong>11\/2013: Retour d\u2019un voyage \u00e0 l\u2019Ile de la R\u00e9union : <a href=\"https:\/\/href.li\/?https:\/\/clubsublimoges.fr\/?p=2388\">lire article<\/a><\/strong><\/li>\n<\/ul>\n\n\n\n<hr class=\"wp-block-separator has-text-color has-luminous-vivid-orange-color has-css-opacity has-luminous-vivid-orange-background-color has-background is-style-wide\"\/>\n\n\n\n<h3 class=\"wp-block-heading has-text-align-center has-pale-cyan-blue-background-color has-background\">Saison 2012-2013<\/h3>\n\n\n\n<ul class=\"wp-block-list\">\n<li><strong>Philippines&nbsp;F\u00e9vrier 2011&nbsp; : <a href=\"https:\/\/href.li\/?https:\/\/picasaweb.google.com\/111705544693483650478\/Philippines2011SousLEau?authuser=0&amp;authkey=Gv1sRgCJ6--6qXldafSQ&amp;feat=embedwebsite\">sous l\u2019eau&nbsp;&nbsp;<\/a> et <a href=\"https:\/\/href.li\/?https:\/\/picasaweb.google.com\/111705544693483650478\/Philippines22011?authkey=Gv1sRgCOypoou01OL0gAE\">sur terre<\/a><\/strong><\/li>\n\n\n\n<li><strong>Plong\u00e9es \u00e0&nbsp;Cala Montjoi (Rosas) du 17 au 24\/08\/2013: <\/strong><a href=\"https:\/\/href.li\/?https:\/\/clubsublimoges.fr\/?p=1862\">voir article<\/a><\/li>\n\n\n\n<li><strong>Plong\u00e9es \u00e0&nbsp;l\u2019Estartit des 6-7-8\/09\/2013 :<\/strong><a href=\"https:\/\/href.li\/?https:\/\/clubsublimoges.fr\/?p=1941\">voir article<\/a><\/li>\n\n\n\n<li><a href=\"https:\/\/href.li\/?https:\/\/clubsublimoges.fr\/?p=2257\"><strong>Sortie Club La londe les Maures (Var 83) du 6 au 13 octobre<\/strong><\/a> <\/li>\n\n\n\n<li><strong>Plong\u00e9es \u00e0&nbsp;BALI du 21\/09 au 6\/10\/2013 :<\/strong><a href=\"https:\/\/href.li\/?https:\/\/clubsublimoges.fr\/?p=2017\">voir article<\/a><\/li>\n<\/ul>\n","protected":false},"excerpt":{"rendered":"<p>Saison 2022-2023 Saison 2021-2022 Saison 2020-2021 Saison 2019-2020 Saison 2018-2019 Saison 2017-2018 &nbsp;Saison 2016-2017 &nbsp;Saison 2015-2016 &nbsp;Saison 2014-2015 Saison 2013-2014 Saison 2012-2013<\/p>\n","protected":false},"author":1,"featured_media":0,"parent":0,"menu_order":8,"comment_status":"closed","ping_status":"closed","template":"","meta":{"_crdt_document":"","site-sidebar-layout":"default","site-content-layout":"default","ast-site-content-layout":"default","site-content-style":"default","site-sidebar-style":"default","ast-global-header-display":"","ast-banner-title-visibility":"","ast-main-header-display":"","ast-hfb-above-header-display":"","ast-hfb-below-header-display":"","ast-hfb-mobile-header-display":"","site-post-title":"","ast-breadcrumbs-content":"","ast-featured-img":"","footer-sml-layout":"","ast-disable-related-posts":"","theme-transparent-header-meta":"default","adv-header-id-meta":"","stick-header-meta":"","header-above-stick-meta":"","header-main-stick-meta":"","header-below-stick-meta":"","astra-migrate-meta-layouts":"set","ast-page-background-enabled":"default","ast-page-background-meta":{"desktop":{"background-color":"","background-image":"","background-repeat":"repeat","background-position":"center center","background-size":"auto","background-attachment":"scroll","background-type":"","background-media":"","overlay-type":"","overlay-color":"","overlay-opacity":"","overlay-gradient":""},"tablet":{"background-color":"","background-image":"","background-repeat":"repeat","background-position":"center center","background-size":"auto","background-attachment":"scroll","background-type":"","background-media":"","overlay-type":"","overlay-color":"","overlay-opacity":"","overlay-gradient":""},"mobile":{"background-color":"","background-image":"","background-repeat":"repeat","background-position":"center center","background-size":"auto","background-attachment":"scroll","background-type":"","background-media":"","overlay-type":"","overlay-color":"","overlay-opacity":"","overlay-gradient":""}},"ast-content-background-meta":{"desktop":{"background-color":"var(--ast-global-color-5)","background-image":"","background-repeat":"repeat","background-position":"center center","background-size":"auto","background-attachment":"scroll","background-type":"","background-media":"","overlay-type":"","overlay-color":"","overlay-opacity":"","overlay-gradient":""},"tablet":{"background-color":"var(--ast-global-color-5)","background-image":"","background-repeat":"repeat","background-position":"center center","background-size":"auto","background-attachment":"scroll","background-type":"","background-media":"","overlay-type":"","overlay-color":"","overlay-opacity":"","overlay-gradient":""},"mobile":{"background-color":"var(--ast-global-color-5)","background-image":"","background-repeat":"repeat","background-position":"center center","background-size":"auto","background-attachment":"scroll","background-type":"","background-media":"","overlay-type":"","overlay-color":"","overlay-opacity":"","overlay-gradient":""}},"footnotes":""},"class_list":["post-32","page","type-page","status-publish","hentry"],"_links":{"self":[{"href":"https:\/\/clubsublimoges.fr\/index.php?rest_route=\/wp\/v2\/pages\/32","targetHints":{"allow":["GET"]}}],"collection":[{"href":"https:\/\/clubsublimoges.fr\/index.php?rest_route=\/wp\/v2\/pages"}],"about":[{"href":"https:\/\/clubsublimoges.fr\/index.php?rest_route=\/wp\/v2\/types\/page"}],"author":[{"embeddable":true,"href":"https:\/\/clubsublimoges.fr\/index.php?rest_route=\/wp\/v2\/users\/1"}],"replies":[{"embeddable":true,"href":"https:\/\/clubsublimoges.fr\/index.php?rest_route=%2Fwp%2Fv2%2Fcomments&post=32"}],"version-history":[{"count":96,"href":"https:\/\/clubsublimoges.fr\/index.php?rest_route=\/wp\/v2\/pages\/32\/revisions"}],"predecessor-version":[{"id":10752,"href":"https:\/\/clubsublimoges.fr\/index.php?rest_route=\/wp\/v2\/pages\/32\/revisions\/10752"}],"wp:attachment":[{"href":"https:\/\/clubsublimoges.fr\/index.php?rest_route=%2Fwp%2Fv2%2Fmedia&parent=32"}],"curies":[{"name":"wp","href":"https:\/\/api.w.org\/{rel}","templated":true}]}}