{"id":296,"date":"2011-06-11T19:58:29","date_gmt":"2011-06-11T18:58:29","guid":{"rendered":"http:\/\/clubsublimoges.wordpress.com\/?page_id=296"},"modified":"2021-06-06T22:23:24","modified_gmt":"2021-06-06T20:23:24","slug":"rifap","status":"publish","type":"page","link":"https:\/\/clubsublimoges.fr\/?page_id=296","title":{"rendered":"-rifap-"},"content":{"rendered":"\n<div style=\"height:100px\" aria-hidden=\"true\" class=\"wp-block-spacer\"><\/div>\n\n\n\n<div class=\"wp-block-columns is-layout-flex wp-container-core-columns-is-layout-7387b849 wp-block-columns-is-layout-flex\">\n<div class=\"wp-block-column is-layout-flow wp-block-column-is-layout-flow\">\n<figure class=\"wp-block-image size-large\"><img loading=\"lazy\" decoding=\"async\" width=\"700\" height=\"525\" src=\"https:\/\/clubsublimoges.fr\/wp-content\/uploads\/2021\/06\/rifap.jpg\" alt=\"\" class=\"wp-image-8147\" srcset=\"https:\/\/clubsublimoges.fr\/wp-content\/uploads\/2021\/06\/rifap.jpg 700w, https:\/\/clubsublimoges.fr\/wp-content\/uploads\/2021\/06\/rifap-300x225.jpg 300w\" sizes=\"auto, (max-width: 700px) 100vw, 700px\" \/><\/figure>\n\n\n\n<hr class=\"wp-block-separator has-text-color has-background has-black-background-color has-black-color is-style-wide\"\/>\n\n\n\n<div class=\"wp-block-buttons is-content-justification-center is-layout-flex wp-block-buttons-is-layout-flex\">\n<div class=\"wp-block-button\"><a class=\"wp-block-button__link\" href=\"https:\/\/ffessm.fr\/rifa-plongee\" target=\"_blank\" rel=\"noreferrer noopener\">Plus d&rsquo;infos<\/a><\/div>\n<\/div>\n<\/div>\n\n\n\n<div class=\"wp-block-column is-layout-flow wp-block-column-is-layout-flow\">\n<h3 class=\"wp-block-heading\">R\u00e9action et Intervention Face \u00e0 un Accident de Plong\u00e9e<\/h3>\n\n\n\n<p class=\"wp-block-paragraph\"><strong>L<\/strong>a comp\u00e9tence&nbsp;<strong>R.I.F.A.P<\/strong>&nbsp;est un brevet de secourisme sp\u00e9cifique \u00e0 la plong\u00e9e dont le but est d\u2019acqu\u00e9rir les savoirs et savoir-faire n\u00e9cessaires \u00e0 la bonne ex\u00e9cution des gestes destin\u00e9s \u00e0 pr\u00e9server l\u2019int\u00e9grit\u00e9 physique d\u2019une victime d\u2019accident de plong\u00e9e, avant sa prise en charge par les services de secours.<\/p>\n\n\n\n<p class=\"wp-block-paragraph\"><strong>C<\/strong>ette comp\u00e9tence est obligatoire \u00e0 partir du&nbsp;<a href=\"https:\/\/href.li\/?https:\/\/www.dune-marseille.com\/produit\/formation-plongee-niveau-3\/\"><strong>niveau 3<\/strong>&nbsp;<\/a>de plongeur.<\/p>\n\n\n\n<p class=\"wp-block-paragraph\"><strong>Contenu de la formation&nbsp;:<\/strong><br><img loading=\"lazy\" decoding=\"async\" src=\"https:\/\/i2.wp.com\/www.antonysub.fr\/local\/cache-vignettes\/L8xH11\/puce-32883.gif\" alt=\"-\" width=\"8\" height=\"11\">&nbsp;<strong>C<\/strong>ommunication entre plongeurs lors d\u2019un accident de plong\u00e9e<br><img loading=\"lazy\" decoding=\"async\" src=\"https:\/\/i2.wp.com\/www.antonysub.fr\/local\/cache-vignettes\/L8xH11\/puce-32883.gif\" alt=\"-\" width=\"8\" height=\"11\">&nbsp;<strong>M<\/strong>ise en s\u00e9curit\u00e9 de l\u2019accident\u00e9<br><img loading=\"lazy\" decoding=\"async\" src=\"https:\/\/i2.wp.com\/www.antonysub.fr\/local\/cache-vignettes\/L8xH11\/puce-32883.gif\" alt=\"-\" width=\"8\" height=\"11\">&nbsp;<strong>R<\/strong>\u00e9cup\u00e9ration des plongeurs de la palanqu\u00e9e<br><img loading=\"lazy\" decoding=\"async\" src=\"https:\/\/i2.wp.com\/www.antonysub.fr\/local\/cache-vignettes\/L8xH11\/puce-32883.gif\" alt=\"-\" width=\"8\" height=\"11\">&nbsp;<strong>C<\/strong>oordination et partage des diff\u00e9rentes op\u00e9rations li\u00e9es \u00e0 l\u2019accident<br><img loading=\"lazy\" decoding=\"async\" src=\"https:\/\/i2.wp.com\/www.antonysub.fr\/local\/cache-vignettes\/L8xH11\/puce-32883.gif\" alt=\"-\" width=\"8\" height=\"11\">&nbsp;<strong>P<\/strong>rise en compte des malaises de la victime et \u00e9valuation des fonctions vitales,<br><img loading=\"lazy\" decoding=\"async\" src=\"https:\/\/i2.wp.com\/www.antonysub.fr\/local\/cache-vignettes\/L8xH11\/puce-32883.gif\" alt=\"-\" width=\"8\" height=\"11\">&nbsp;<strong>M<\/strong>ise en oeuvre des techniques adapt\u00e9es \u00e0 l\u2019\u00e9tat de la victime, appel aux secours<br><img loading=\"lazy\" decoding=\"async\" src=\"https:\/\/i2.wp.com\/www.antonysub.fr\/local\/cache-vignettes\/L8xH11\/puce-32883.gif\" alt=\"-\" width=\"8\" height=\"11\">&nbsp;<strong>P<\/strong>assation des informations aux urgences et suivi.<\/p>\n\n\n\n<p class=\"wp-block-paragraph\"><strong>Conditions<\/strong><br><img loading=\"lazy\" decoding=\"async\" src=\"https:\/\/i2.wp.com\/www.antonysub.fr\/local\/cache-vignettes\/L8xH11\/puce-32883.gif\" alt=\"-\" width=\"8\" height=\"11\">&nbsp;<strong>E<\/strong>tre titulaire de la licence f\u00e9d\u00e9rale en cours de validit\u00e9.<br><img loading=\"lazy\" decoding=\"async\" src=\"https:\/\/i2.wp.com\/www.antonysub.fr\/local\/cache-vignettes\/L8xH11\/puce-32883.gif\" alt=\"-\" width=\"8\" height=\"11\">&nbsp;<strong>A<\/strong>voir 16 ans minimum, avec une autorisation du responsable l\u00e9gal pour les moins de 18 ans.<\/p>\n<\/div>\n<\/div>\n","protected":false},"excerpt":{"rendered":"<p>R\u00e9action et Intervention Face \u00e0 un Accident de Plong\u00e9e La comp\u00e9tence&nbsp;R.I.F.A.P&nbsp;est un brevet de secourisme sp\u00e9cifique \u00e0 la plong\u00e9e dont le but est d\u2019acqu\u00e9rir les savoirs et savoir-faire n\u00e9cessaires \u00e0 la bonne ex\u00e9cution des gestes destin\u00e9s \u00e0 pr\u00e9server l\u2019int\u00e9grit\u00e9 physique d\u2019une victime d\u2019accident de plong\u00e9e, avant sa prise en charge par les services de secours. [&hellip;]<\/p>\n","protected":false},"author":1,"featured_media":0,"parent":5,"menu_order":3,"comment_status":"closed","ping_status":"closed","template":"","meta":{"_crdt_document":"","site-sidebar-layout":"default","site-content-layout":"default","ast-site-content-layout":"default","site-content-style":"default","site-sidebar-style":"default","ast-global-header-display":"","ast-banner-title-visibility":"","ast-main-header-display":"","ast-hfb-above-header-display":"","ast-hfb-below-header-display":"","ast-hfb-mobile-header-display":"","site-post-title":"","ast-breadcrumbs-content":"","ast-featured-img":"","footer-sml-layout":"","ast-disable-related-posts":"","theme-transparent-header-meta":"default","adv-header-id-meta":"","stick-header-meta":"","header-above-stick-meta":"","header-main-stick-meta":"","header-below-stick-meta":"","astra-migrate-meta-layouts":"default","ast-page-background-enabled":"default","ast-page-background-meta":{"desktop":{"background-color":"","background-image":"","background-repeat":"repeat","background-position":"center center","background-size":"auto","background-attachment":"scroll","background-type":"","background-media":"","overlay-type":"","overlay-color":"","overlay-opacity":"","overlay-gradient":""},"tablet":{"background-color":"","background-image":"","background-repeat":"repeat","background-position":"center center","background-size":"auto","background-attachment":"scroll","background-type":"","background-media":"","overlay-type":"","overlay-color":"","overlay-opacity":"","overlay-gradient":""},"mobile":{"background-color":"","background-image":"","background-repeat":"repeat","background-position":"center center","background-size":"auto","background-attachment":"scroll","background-type":"","background-media":"","overlay-type":"","overlay-color":"","overlay-opacity":"","overlay-gradient":""}},"ast-content-background-meta":{"desktop":{"background-color":"var(--ast-global-color-5)","background-image":"","background-repeat":"repeat","background-position":"center center","background-size":"auto","background-attachment":"scroll","background-type":"","background-media":"","overlay-type":"","overlay-color":"","overlay-opacity":"","overlay-gradient":""},"tablet":{"background-color":"var(--ast-global-color-5)","background-image":"","background-repeat":"repeat","background-position":"center center","background-size":"auto","background-attachment":"scroll","background-type":"","background-media":"","overlay-type":"","overlay-color":"","overlay-opacity":"","overlay-gradient":""},"mobile":{"background-color":"var(--ast-global-color-5)","background-image":"","background-repeat":"repeat","background-position":"center center","background-size":"auto","background-attachment":"scroll","background-type":"","background-media":"","overlay-type":"","overlay-color":"","overlay-opacity":"","overlay-gradient":""}},"footnotes":""},"class_list":["post-296","page","type-page","status-publish","hentry"],"_links":{"self":[{"href":"https:\/\/clubsublimoges.fr\/index.php?rest_route=\/wp\/v2\/pages\/296","targetHints":{"allow":["GET"]}}],"collection":[{"href":"https:\/\/clubsublimoges.fr\/index.php?rest_route=\/wp\/v2\/pages"}],"about":[{"href":"https:\/\/clubsublimoges.fr\/index.php?rest_route=\/wp\/v2\/types\/page"}],"author":[{"embeddable":true,"href":"https:\/\/clubsublimoges.fr\/index.php?rest_route=\/wp\/v2\/users\/1"}],"replies":[{"embeddable":true,"href":"https:\/\/clubsublimoges.fr\/index.php?rest_route=%2Fwp%2Fv2%2Fcomments&post=296"}],"version-history":[{"count":8,"href":"https:\/\/clubsublimoges.fr\/index.php?rest_route=\/wp\/v2\/pages\/296\/revisions"}],"predecessor-version":[{"id":8641,"href":"https:\/\/clubsublimoges.fr\/index.php?rest_route=\/wp\/v2\/pages\/296\/revisions\/8641"}],"up":[{"embeddable":true,"href":"https:\/\/clubsublimoges.fr\/index.php?rest_route=\/wp\/v2\/pages\/5"}],"wp:attachment":[{"href":"https:\/\/clubsublimoges.fr\/index.php?rest_route=%2Fwp%2Fv2%2Fmedia&parent=296"}],"curies":[{"name":"wp","href":"https:\/\/api.w.org\/{rel}","templated":true}]}}