{"id":294,"date":"2011-06-11T19:57:59","date_gmt":"2011-06-11T18:57:59","guid":{"rendered":"http:\/\/clubsublimoges.wordpress.com\/?page_id=294"},"modified":"2021-06-06T22:23:01","modified_gmt":"2021-06-06T20:23:01","slug":"initiateur","status":"publish","type":"page","link":"https:\/\/clubsublimoges.fr\/?page_id=294","title":{"rendered":"-Initiateur-"},"content":{"rendered":"\n<div style=\"height:100px\" aria-hidden=\"true\" class=\"wp-block-spacer\"><\/div>\n\n\n\n<div class=\"wp-block-buttons is-layout-flex wp-block-buttons-is-layout-flex\"><\/div>\n\n\n\n<figure class=\"wp-block-image size-large\"><img loading=\"lazy\" decoding=\"async\" width=\"367\" height=\"137\" src=\"https:\/\/clubsublimoges.fr\/wp-content\/uploads\/2021\/06\/Initiateur-1.jpg\" alt=\"\" class=\"wp-image-8142\" srcset=\"https:\/\/clubsublimoges.fr\/wp-content\/uploads\/2021\/06\/Initiateur-1.jpg 367w, https:\/\/clubsublimoges.fr\/wp-content\/uploads\/2021\/06\/Initiateur-1-300x112.jpg 300w\" sizes=\"auto, (max-width: 367px) 100vw, 367px\" \/><\/figure>\n\n\n\n<div class=\"wp-block-columns is-layout-flex wp-container-core-columns-is-layout-7387b849 wp-block-columns-is-layout-flex\">\n<div class=\"wp-block-column is-layout-flow wp-block-column-is-layout-flow\">\n<p class=\"wp-block-paragraph\"><strong>L\u2019initiateur est le premier niveau d\u2019encadrement de la FFESSM<\/strong><\/p>\n\n\n\n<p class=\"wp-block-paragraph\"><img loading=\"lazy\" decoding=\"async\" src=\"https:\/\/i2.wp.com\/www.antonysub.fr\/local\/cache-vignettes\/L8xH11\/puce-32883.gif\" alt=\"-\" width=\"8\" height=\"11\">&nbsp;Un plongeur niveau 2 ou niveau 3 et initiateur est&nbsp;<strong>E1<\/strong>&nbsp;(encadrant premier niveau) pour la FFESSM.&nbsp;Il a des pr\u00e9rogatives d\u2019enseignement en milieu artificiel jusqu\u2019\u00e0 6 m\u00e8tres. Cet encadrant peut former des plongeurs niveau 1, il peut \u00e9galement participer \u00e0 la formation des plongeurs niveau 2 dans la limite des 6 m\u00e8tres en milieu artificiel.<\/p>\n\n\n\n<p class=\"wp-block-paragraph\"><img loading=\"lazy\" decoding=\"async\" src=\"https:\/\/i2.wp.com\/www.antonysub.fr\/local\/cache-vignettes\/L8xH11\/puce-32883.gif\" alt=\"-\" width=\"8\" height=\"11\">&nbsp;un plongeur niveau 4 et initiateur est&nbsp;<strong>E2<\/strong>&nbsp;(encadrant second niveau) pour la FFESSM et&nbsp;<strong>Moniteur 1*<\/strong>&nbsp;pour la CMAS. Cet encadrant peut former les plongeurs niveau 1 et niveau 2 jusqu\u2019\u00e0 20 m\u00e8tres, aussi bien en milieu naturel que artificiel.<\/p>\n\n\n\n<p class=\"wp-block-paragraph\"><em>Un E2 peut \u00e9galement valider les plong\u00e9es r\u00e9alis\u00e9es avec lui.<\/em><\/p>\n\n\n\n<hr class=\"wp-block-separator is-style-dots\"\/>\n\n\n\n<p class=\"wp-block-paragraph\"><strong>La formation \u00e0 l\u2019initiateur se s\u00e9pare en 3 partie&nbsp;:<\/strong><br><img loading=\"lazy\" decoding=\"async\" src=\"https:\/\/i2.wp.com\/www.antonysub.fr\/local\/cache-vignettes\/L8xH11\/puce-32883.gif\" alt=\"-\" width=\"8\" height=\"11\">&nbsp;un stage initial de 2 jours,<br><img loading=\"lazy\" decoding=\"async\" src=\"https:\/\/i2.wp.com\/www.antonysub.fr\/local\/cache-vignettes\/L8xH11\/puce-32883.gif\" alt=\"-\" width=\"8\" height=\"11\">&nbsp;\u00e0 minima 12 s\u00e9ances d\u2019encadrement avec un tuteur MF1 habilit\u00e9 ou MF2,<br><img loading=\"lazy\" decoding=\"async\" src=\"https:\/\/i2.wp.com\/www.antonysub.fr\/local\/cache-vignettes\/L8xH11\/puce-32883.gif\" alt=\"-\" width=\"8\" height=\"11\">&nbsp;un examen final<\/p>\n<\/div>\n\n\n\n<div class=\"wp-block-column is-layout-flow wp-block-column-is-layout-flow\">\n<figure class=\"wp-block-image size-large\"><img loading=\"lazy\" decoding=\"async\" width=\"1024\" height=\"685\" src=\"https:\/\/clubsublimoges.fr\/wp-content\/uploads\/2021\/06\/Initiateur.jpg\" alt=\"\" class=\"wp-image-8141\" srcset=\"https:\/\/clubsublimoges.fr\/wp-content\/uploads\/2021\/06\/Initiateur.jpg 1024w, https:\/\/clubsublimoges.fr\/wp-content\/uploads\/2021\/06\/Initiateur-300x201.jpg 300w, https:\/\/clubsublimoges.fr\/wp-content\/uploads\/2021\/06\/Initiateur-768x514.jpg 768w\" sizes=\"auto, (max-width: 1024px) 100vw, 1024px\" \/><\/figure>\n<\/div>\n<\/div>\n\n\n\n<hr class=\"wp-block-separator has-text-color has-background has-black-background-color has-black-color is-style-wide\"\/>\n\n\n\n<div class=\"wp-block-buttons is-content-justification-center is-layout-flex wp-block-buttons-is-layout-flex\">\n<div class=\"wp-block-button is-style-fill\"><a class=\"wp-block-button__link\" href=\"https:\/\/www.aquadomia.com\/initiateur-plongee-ffessm-e1-ou-e2\/\" target=\"_blank\" rel=\"noreferrer noopener\">Plus d&rsquo;infos<\/a><\/div>\n<\/div>\n\n\n\n<hr class=\"wp-block-separator is-style-dots\"\/>\n\n\n\n<hr class=\"wp-block-separator has-text-color has-background has-vivid-red-background-color has-vivid-red-color is-style-wide\"\/>\n\n\n\n<figure class=\"wp-block-gallery columns-3 is-cropped wp-block-gallery-1 is-layout-flex wp-block-gallery-is-layout-flex\"><ul class=\"blocks-gallery-grid\"><li class=\"blocks-gallery-item\"><figure><img loading=\"lazy\" decoding=\"async\" width=\"1024\" height=\"683\" src=\"https:\/\/clubsublimoges.fr\/wp-content\/uploads\/2021\/06\/index1-1024x683.jpg\" alt=\"\" data-id=\"8143\" data-full-url=\"https:\/\/clubsublimoges.fr\/wp-content\/uploads\/2021\/06\/index1.jpg\" data-link=\"https:\/\/clubsublimoges.fr\/?attachment_id=8143\" class=\"wp-image-8143\" srcset=\"https:\/\/clubsublimoges.fr\/wp-content\/uploads\/2021\/06\/index1-1024x683.jpg 1024w, https:\/\/clubsublimoges.fr\/wp-content\/uploads\/2021\/06\/index1-300x200.jpg 300w, https:\/\/clubsublimoges.fr\/wp-content\/uploads\/2021\/06\/index1-768x512.jpg 768w, https:\/\/clubsublimoges.fr\/wp-content\/uploads\/2021\/06\/index1-1536x1024.jpg 1536w, https:\/\/clubsublimoges.fr\/wp-content\/uploads\/2021\/06\/index1.jpg 1620w\" sizes=\"auto, (max-width: 1024px) 100vw, 1024px\" \/><\/figure><\/li><li class=\"blocks-gallery-item\"><figure><img loading=\"lazy\" decoding=\"async\" width=\"1024\" height=\"682\" src=\"https:\/\/clubsublimoges.fr\/wp-content\/uploads\/2021\/06\/index2-1024x682.jpg\" alt=\"\" data-id=\"8144\" data-full-url=\"https:\/\/clubsublimoges.fr\/wp-content\/uploads\/2021\/06\/index2.jpg\" data-link=\"https:\/\/clubsublimoges.fr\/?attachment_id=8144\" class=\"wp-image-8144\" srcset=\"https:\/\/clubsublimoges.fr\/wp-content\/uploads\/2021\/06\/index2-1024x682.jpg 1024w, https:\/\/clubsublimoges.fr\/wp-content\/uploads\/2021\/06\/index2-300x200.jpg 300w, https:\/\/clubsublimoges.fr\/wp-content\/uploads\/2021\/06\/index2-768x512.jpg 768w, https:\/\/clubsublimoges.fr\/wp-content\/uploads\/2021\/06\/index2.jpg 1118w\" sizes=\"auto, (max-width: 1024px) 100vw, 1024px\" \/><\/figure><\/li><li class=\"blocks-gallery-item\"><figure><img loading=\"lazy\" decoding=\"async\" width=\"275\" height=\"184\" src=\"https:\/\/clubsublimoges.fr\/wp-content\/uploads\/2021\/06\/index.jpg\" alt=\"\" data-id=\"8145\" data-full-url=\"https:\/\/clubsublimoges.fr\/wp-content\/uploads\/2021\/06\/index.jpg\" data-link=\"https:\/\/clubsublimoges.fr\/?attachment_id=8145\" class=\"wp-image-8145\"\/><\/figure><\/li><\/ul><\/figure>\n","protected":false},"excerpt":{"rendered":"<p>L\u2019initiateur est le premier niveau d\u2019encadrement de la FFESSM &nbsp;Un plongeur niveau 2 ou niveau 3 et initiateur est&nbsp;E1&nbsp;(encadrant premier niveau) pour la FFESSM.&nbsp;Il a des pr\u00e9rogatives d\u2019enseignement en milieu artificiel jusqu\u2019\u00e0 6 m\u00e8tres. Cet encadrant peut former des plongeurs niveau 1, il peut \u00e9galement participer \u00e0 la formation des plongeurs niveau 2 dans la [&hellip;]<\/p>\n","protected":false},"author":1,"featured_media":0,"parent":5,"menu_order":2,"comment_status":"closed","ping_status":"closed","template":"","meta":{"_crdt_document":"","site-sidebar-layout":"default","site-content-layout":"default","ast-site-content-layout":"default","site-content-style":"default","site-sidebar-style":"default","ast-global-header-display":"","ast-banner-title-visibility":"","ast-main-header-display":"","ast-hfb-above-header-display":"","ast-hfb-below-header-display":"","ast-hfb-mobile-header-display":"","site-post-title":"","ast-breadcrumbs-content":"","ast-featured-img":"","footer-sml-layout":"","ast-disable-related-posts":"","theme-transparent-header-meta":"default","adv-header-id-meta":"","stick-header-meta":"","header-above-stick-meta":"","header-main-stick-meta":"","header-below-stick-meta":"","astra-migrate-meta-layouts":"default","ast-page-background-enabled":"default","ast-page-background-meta":{"desktop":{"background-color":"","background-image":"","background-repeat":"repeat","background-position":"center center","background-size":"auto","background-attachment":"scroll","background-type":"","background-media":"","overlay-type":"","overlay-color":"","overlay-opacity":"","overlay-gradient":""},"tablet":{"background-color":"","background-image":"","background-repeat":"repeat","background-position":"center center","background-size":"auto","background-attachment":"scroll","background-type":"","background-media":"","overlay-type":"","overlay-color":"","overlay-opacity":"","overlay-gradient":""},"mobile":{"background-color":"","background-image":"","background-repeat":"repeat","background-position":"center center","background-size":"auto","background-attachment":"scroll","background-type":"","background-media":"","overlay-type":"","overlay-color":"","overlay-opacity":"","overlay-gradient":""}},"ast-content-background-meta":{"desktop":{"background-color":"var(--ast-global-color-5)","background-image":"","background-repeat":"repeat","background-position":"center center","background-size":"auto","background-attachment":"scroll","background-type":"","background-media":"","overlay-type":"","overlay-color":"","overlay-opacity":"","overlay-gradient":""},"tablet":{"background-color":"var(--ast-global-color-5)","background-image":"","background-repeat":"repeat","background-position":"center center","background-size":"auto","background-attachment":"scroll","background-type":"","background-media":"","overlay-type":"","overlay-color":"","overlay-opacity":"","overlay-gradient":""},"mobile":{"background-color":"var(--ast-global-color-5)","background-image":"","background-repeat":"repeat","background-position":"center center","background-size":"auto","background-attachment":"scroll","background-type":"","background-media":"","overlay-type":"","overlay-color":"","overlay-opacity":"","overlay-gradient":""}},"footnotes":""},"class_list":["post-294","page","type-page","status-publish","hentry"],"_links":{"self":[{"href":"https:\/\/clubsublimoges.fr\/index.php?rest_route=\/wp\/v2\/pages\/294","targetHints":{"allow":["GET"]}}],"collection":[{"href":"https:\/\/clubsublimoges.fr\/index.php?rest_route=\/wp\/v2\/pages"}],"about":[{"href":"https:\/\/clubsublimoges.fr\/index.php?rest_route=\/wp\/v2\/types\/page"}],"author":[{"embeddable":true,"href":"https:\/\/clubsublimoges.fr\/index.php?rest_route=\/wp\/v2\/users\/1"}],"replies":[{"embeddable":true,"href":"https:\/\/clubsublimoges.fr\/index.php?rest_route=%2Fwp%2Fv2%2Fcomments&post=294"}],"version-history":[{"count":7,"href":"https:\/\/clubsublimoges.fr\/index.php?rest_route=\/wp\/v2\/pages\/294\/revisions"}],"predecessor-version":[{"id":8640,"href":"https:\/\/clubsublimoges.fr\/index.php?rest_route=\/wp\/v2\/pages\/294\/revisions\/8640"}],"up":[{"embeddable":true,"href":"https:\/\/clubsublimoges.fr\/index.php?rest_route=\/wp\/v2\/pages\/5"}],"wp:attachment":[{"href":"https:\/\/clubsublimoges.fr\/index.php?rest_route=%2Fwp%2Fv2%2Fmedia&parent=294"}],"curies":[{"name":"wp","href":"https:\/\/api.w.org\/{rel}","templated":true}]}}