{"id":286,"date":"2018-04-11T19:55:28","date_gmt":"2018-04-11T17:55:28","guid":{"rendered":"http:\/\/clubsublimoges.wordpress.com\/?page_id=286"},"modified":"2018-10-15T11:06:43","modified_gmt":"2018-10-15T09:06:43","slug":"montulat","status":"publish","type":"page","link":"https:\/\/clubsublimoges.fr\/?page_id=286","title":{"rendered":"Montulat"},"content":{"rendered":"<h2><span style=\"color: #0000ff;\"><strong>LOCALISATION<\/strong><\/span><\/h2>\n<p><iframe loading=\"lazy\" src=\"https:\/\/maps.google.fr\/maps?q=46.210086,1.337863&amp;num=1&amp;t=h&amp;hl=fr&amp;ie=UTF8&amp;z=14&amp;ll=46.210851,1.336749&amp;output=embed\" width=\"425\" height=\"350\" frameborder=\"0\" marginwidth=\"0\" marginheight=\"0\" scrolling=\"no\"><\/iframe><br \/>\n<small><a style=\"color: #0000ff; text-align: left;\" href=\"https:\/\/maps.google.fr\/maps?q=46.210086,1.337863&amp;num=1&amp;t=h&amp;hl=fr&amp;ie=UTF8&amp;z=14&amp;ll=46.210851,1.336749&amp;source=embed\">Agrandir le plan<\/a><\/small><\/p>\n<div><\/div>\n<div><\/div>\n<div><\/div>\n<div>\n<h2>Les dates des plong\u00e9es organis\u00e9es par le CSL sont communiqu\u00e9es par mail \u00e0 partir du vendredi matin pr\u00e9c\u00e9dent et sont mises en ligne sur la page du site<\/h2>\n<h2><img loading=\"lazy\" decoding=\"async\" src=\"http:\/\/yves.marsal.free.fr\/atoutgifs\/sports\/ysport126.gif\" alt=\"plong\u00e9e\" width=\"154\" height=\"66\" \/><\/h2>\n<h2><\/h2>\n<h2><span style=\"color: #0000ff;\">CONDITIONS DE PLONGEE DANS LA CARRIERE DE MONTULAT<\/span><\/h2>\n<\/div>\n<h2>Consultez le r\u00e8glement d&rsquo;utilisation de Montulat sur le site du CODEP87 <span style=\"color: #ff0000;\"><a style=\"color: #ff0000;\" href=\"http:\/\/www.codep87.fr\/h2o\/index.php?option=com_content&amp;view=category&amp;layout=blog&amp;id=35&amp;Itemid=183\" target=\"_blank\" rel=\"noopener\">ici<\/a><\/span><\/h2>\n","protected":false},"excerpt":{"rendered":"<p>LOCALISATION Agrandir le plan Les dates des plong\u00e9es organis\u00e9es par le CSL sont communiqu\u00e9es par mail \u00e0 partir du vendredi matin pr\u00e9c\u00e9dent et sont mises en ligne sur la page du site CONDITIONS DE PLONGEE DANS LA CARRIERE DE MONTULAT Consultez le r\u00e8glement d&rsquo;utilisation de Montulat sur le site du CODEP87 ici<\/p>\n","protected":false},"author":1,"featured_media":0,"parent":28,"menu_order":20,"comment_status":"closed","ping_status":"closed","template":"","meta":{"_crdt_document":"","site-sidebar-layout":"default","site-content-layout":"","ast-site-content-layout":"default","site-content-style":"default","site-sidebar-style":"default","ast-global-header-display":"","ast-banner-title-visibility":"","ast-main-header-display":"","ast-hfb-above-header-display":"","ast-hfb-below-header-display":"","ast-hfb-mobile-header-display":"","site-post-title":"","ast-breadcrumbs-content":"","ast-featured-img":"","footer-sml-layout":"","ast-disable-related-posts":"","theme-transparent-header-meta":"","adv-header-id-meta":"","stick-header-meta":"","header-above-stick-meta":"","header-main-stick-meta":"","header-below-stick-meta":"","astra-migrate-meta-layouts":"default","ast-page-background-enabled":"default","ast-page-background-meta":{"desktop":{"background-color":"","background-image":"","background-repeat":"repeat","background-position":"center center","background-size":"auto","background-attachment":"scroll","background-type":"","background-media":"","overlay-type":"","overlay-color":"","overlay-opacity":"","overlay-gradient":""},"tablet":{"background-color":"","background-image":"","background-repeat":"repeat","background-position":"center center","background-size":"auto","background-attachment":"scroll","background-type":"","background-media":"","overlay-type":"","overlay-color":"","overlay-opacity":"","overlay-gradient":""},"mobile":{"background-color":"","background-image":"","background-repeat":"repeat","background-position":"center center","background-size":"auto","background-attachment":"scroll","background-type":"","background-media":"","overlay-type":"","overlay-color":"","overlay-opacity":"","overlay-gradient":""}},"ast-content-background-meta":{"desktop":{"background-color":"var(--ast-global-color-5)","background-image":"","background-repeat":"repeat","background-position":"center center","background-size":"auto","background-attachment":"scroll","background-type":"","background-media":"","overlay-type":"","overlay-color":"","overlay-opacity":"","overlay-gradient":""},"tablet":{"background-color":"var(--ast-global-color-5)","background-image":"","background-repeat":"repeat","background-position":"center center","background-size":"auto","background-attachment":"scroll","background-type":"","background-media":"","overlay-type":"","overlay-color":"","overlay-opacity":"","overlay-gradient":""},"mobile":{"background-color":"var(--ast-global-color-5)","background-image":"","background-repeat":"repeat","background-position":"center center","background-size":"auto","background-attachment":"scroll","background-type":"","background-media":"","overlay-type":"","overlay-color":"","overlay-opacity":"","overlay-gradient":""}},"footnotes":""},"class_list":["post-286","page","type-page","status-publish","hentry"],"_links":{"self":[{"href":"https:\/\/clubsublimoges.fr\/index.php?rest_route=\/wp\/v2\/pages\/286","targetHints":{"allow":["GET"]}}],"collection":[{"href":"https:\/\/clubsublimoges.fr\/index.php?rest_route=\/wp\/v2\/pages"}],"about":[{"href":"https:\/\/clubsublimoges.fr\/index.php?rest_route=\/wp\/v2\/types\/page"}],"author":[{"embeddable":true,"href":"https:\/\/clubsublimoges.fr\/index.php?rest_route=\/wp\/v2\/users\/1"}],"replies":[{"embeddable":true,"href":"https:\/\/clubsublimoges.fr\/index.php?rest_route=%2Fwp%2Fv2%2Fcomments&post=286"}],"version-history":[{"count":6,"href":"https:\/\/clubsublimoges.fr\/index.php?rest_route=\/wp\/v2\/pages\/286\/revisions"}],"predecessor-version":[{"id":5685,"href":"https:\/\/clubsublimoges.fr\/index.php?rest_route=\/wp\/v2\/pages\/286\/revisions\/5685"}],"up":[{"embeddable":true,"href":"https:\/\/clubsublimoges.fr\/index.php?rest_route=\/wp\/v2\/pages\/28"}],"wp:attachment":[{"href":"https:\/\/clubsublimoges.fr\/index.php?rest_route=%2Fwp%2Fv2%2Fmedia&parent=286"}],"curies":[{"name":"wp","href":"https:\/\/api.w.org\/{rel}","templated":true}]}}