{"id":28,"date":"2011-05-30T17:25:33","date_gmt":"2011-05-30T16:25:33","guid":{"rendered":"http:\/\/clubsublimoges.wordpress.com\/?page_id=28"},"modified":"2024-01-30T17:55:53","modified_gmt":"2024-01-30T16:55:53","slug":"entrainements","status":"publish","type":"page","link":"https:\/\/clubsublimoges.fr\/?page_id=28","title":{"rendered":"Entrainements"},"content":{"rendered":"\n<div style=\"height:100px\" aria-hidden=\"true\" class=\"wp-block-spacer\"><\/div>\n\n\n\n<div class=\"wp-block-columns is-layout-flex wp-container-core-columns-is-layout-7387b849 wp-block-columns-is-layout-flex\">\n<div class=\"wp-block-column is-layout-flow wp-block-column-is-layout-flow\">\n<div class=\"wp-block-columns is-layout-flex wp-container-core-columns-is-layout-7387b849 wp-block-columns-is-layout-flex\">\n<div class=\"wp-block-column is-layout-flow wp-block-column-is-layout-flow\">\n<h5 class=\"wp-block-heading alignwide has-text-align-center has-background\" style=\"background-color:#b4bfc3\">Beaublanc<\/h5>\n\n\n\n<p class=\"has-white-background-color has-background wp-block-paragraph\">Entrainements tous les mardi soir \u00e0 20h45<\/p>\n\n\n\n<iframe src=\"https:\/\/www.google.com\/maps\/embed?pb=!1m14!1m8!1m3!1d2337.005051319001!2d1.2435043483167536!3d45.847636002173935!3m2!1i1024!2i768!4f13.1!3m3!1m2!1s0x47fecb316f511f31%3A0xbb0d904881c0a290!2sPiscine%20de%20Beaublanc!5e0!3m2!1sfr!2sfr!4v1622616252624!5m2!1sfr!2sfr\" style=\"border:0;\" allowfullscreen=\"\" loading=\"lazy\" width=\"600\" height=\"450\"><\/iframe>\n\n\n\n<div class=\"wp-block-buttons is-horizontal is-content-justification-center is-layout-flex wp-container-core-buttons-is-layout-cbcdc57d wp-block-buttons-is-layout-flex\">\n<div class=\"wp-block-button\"><a class=\"wp-block-button__link wp-element-button\" href=\"https:\/\/www.guide-piscine.fr\/haute-vienne\/piscine-beaublanc-d-hiver-a-limoges-2259_P\" target=\"_blank\" rel=\"noreferrer noopener\">Plus d&rsquo;infos<\/a><\/div>\n<\/div>\n<\/div>\n\n\n\n<div class=\"wp-block-column is-layout-flow wp-block-column-is-layout-flow\">\n<h5 class=\"wp-block-heading has-text-align-center has-background\" style=\"background-color:#b4bfc3\">Montulat<\/h5>\n\n\n\n<p class=\"has-white-background-color has-background wp-block-paragraph\">Les dates des plong\u00e9es organis\u00e9es par le CSL sont communiqu\u00e9es par mail \u00e0 partir du vendredi matin pr\u00e9c\u00e9dent et sont mises en ligne sur la page du site<\/p>\n\n\n\n<iframe src=\"https:\/\/www.google.com\/maps\/embed?pb=!1m18!1m12!1m3!1d582.1524919404922!2d1.3364386350426443!3d46.21165525844127!2m3!1f0!2f0!3f0!3m2!1i1024!2i768!4f13.1!3m3!1m2!1s0x47fbfe0e6f64667d%3A0x295a70a49b6893b5!2sMontulat%2C%2087290%20Saint-Sornin-Leulac!5e0!3m2!1sfr!2sfr!4v1622616430548!5m2!1sfr!2sfr\" style=\"border:0;\" allowfullscreen=\"\" loading=\"lazy\" width=\"600\" height=\"450\"><\/iframe>\n\n\n\n<h5 class=\"wp-block-heading has-white-background-color has-background\">CONDITIONS DE PLONGEE DANS LA CARRIERE DE MONTULAT<\/h5>\n\n\n\n<h6 class=\"wp-block-heading has-white-background-color has-background\"><a href=\"https:\/\/href.li\/?http:\/\/www.codep87.fr\/h2o\/index.php?option=com_content&amp;view=article&amp;id=13:reglement-carriere-de-montulat&amp;catid=35&amp;Itemid=183http:\/\/www.codep87.fr\/h2o\/index.php?option=com_content&amp;view=article&amp;id=13:reglement-carriere-de-montulat&amp;catid=35&amp;Itemid=183\">Consultez le r\u00e8glement d\u2019utilisation de Montulat sur le site du CODEP87<\/a><\/h6>\n<\/div>\n<\/div>\n<\/div>\n\n\n\n<div class=\"wp-block-column is-layout-flow wp-block-column-is-layout-flow\">\n<div class=\"wp-block-columns is-layout-flex wp-container-core-columns-is-layout-7387b849 wp-block-columns-is-layout-flex\">\n<div class=\"wp-block-column is-layout-flow wp-block-column-is-layout-flow\">\n<h5 class=\"wp-block-heading has-text-align-center has-background\" style=\"background-color:#b4bfc3\">Montlucon<\/h5>\n\n\n\n<p class=\"has-white-background-color has-background wp-block-paragraph\">Tous les ans, le CSL organise des plong\u00e9es \u00e0 la fosse de plong\u00e9e de Montlu\u00e7on (Centre Aqualudique de la Loue) afin de finaliser les niveaux pr\u00e9par\u00e9s en piscine<\/p>\n\n\n\n<p class=\"has-white-background-color has-background wp-block-paragraph\">Cela permet aux d\u00e9butants d\u2019avoir une premi\u00e8re approche de la profondeur (20m) mais aussi d\u2019avoir d\u2019autre sensations.<\/p>\n\n\n\n<p class=\"has-white-background-color has-background wp-block-paragraph\">Les inscriptions se font a l\u2019aide d\u2019un formulaire en ligne quelque temps avant chaque sortie.<\/p>\n\n\n\n<iframe src=\"https:\/\/www.google.com\/maps\/embed?pb=!1m18!1m12!1m3!1d4566.471971218814!2d2.581714732035093!3d46.37826014872134!2m3!1f0!2f0!3f0!3m2!1i1024!2i768!4f13.1!3m3!1m2!1s0x47f0a77dc9cef513%3A0x2fae41060550a0d2!2zQUlSRSBERVMgVsOJUklUw4lTIC0gTW9udGx1w6dvbg!5e1!3m2!1sfr!2sfr!4v1622616603277!5m2!1sfr!2sfr\" style=\"border:0;\" allowfullscreen=\"\" loading=\"lazy\" width=\"600\" height=\"450\"><\/iframe>\n\n\n\n<p class=\"has-white-background-color has-background wp-block-paragraph\">Situ\u00e9 dans l\u2019allier \u00e0 proximit\u00e9 de Montlu\u00e7on, Le Centre Aqualudique de La Loue dispose de deux fosses de plong\u00e9e, l\u2019une de 6m, l\u2019autre de 20m reli\u00e9es par un tunnel \u00e0 faible profondeur. \u2026.. et l\u2019eau est \u00e0 28\u00b0<\/p>\n\n\n\n<div class=\"wp-block-buttons is-horizontal is-content-justification-center is-layout-flex wp-container-core-buttons-is-layout-cbcdc57d wp-block-buttons-is-layout-flex\">\n<div class=\"wp-block-button\"><a class=\"wp-block-button__link wp-element-button\" href=\"http:\/\/www.ca-laloue.fr\/fr\/plongee-1\" target=\"_blank\" rel=\"noreferrer noopener\">Plus d&rsquo;infos<\/a><\/div>\n<\/div>\n<\/div>\n\n\n\n<div class=\"wp-block-column is-layout-flow wp-block-column-is-layout-flow\">\n<h5 class=\"wp-block-heading has-text-align-center has-background\" style=\"background-color:#b4bfc3\">Civaux<\/h5>\n\n\n\n<p class=\"has-white-background-color has-background wp-block-paragraph\">Le CSL organise parfois des plong\u00e9es \u00e0 la fosse de civaux afin de finaliser les niveaux pr\u00e9par\u00e9s en piscine<\/p>\n\n\n\n<p class=\"has-white-background-color has-background wp-block-paragraph\">Cela permet aux d\u00e9butant d\u2019avoir une&nbsp;premi\u00e8re&nbsp;approche de la profondeur (20m) mais aussi d\u2019avoir d\u2019autre sensations.<\/p>\n\n\n\n<p class=\"has-white-background-color has-background wp-block-paragraph\">Les inscriptions se font a l\u2019aide d\u2019un formulaire en ligne quelque temps avant chaque sortie.<\/p>\n\n\n\n<iframe src=\"https:\/\/www.google.com\/maps\/embed?pb=!1m18!1m12!1m3!1d1629.5693662377244!2d0.6643032891602577!3d46.44947603130841!2m3!1f0!2f0!3f0!3m2!1i1024!2i768!4f13.1!3m3!1m2!1s0x47fc349aa888599d%3A0xc47e51de2e9b6c3c!2sAbyssea%20bowling!5e1!3m2!1sfr!2sfr!4v1622616742818!5m2!1sfr!2sfr\" style=\"border:0;\" allowfullscreen=\"\" loading=\"lazy\" width=\"600\" height=\"450\"><\/iframe>\n\n\n\n<p class=\"has-white-background-color has-background wp-block-paragraph\">Situ\u00e9 dans la Vienne, entre Poitiers et Limoges, ABYSSEA est un des tr\u00e8s rares complexes sport et loisirs de France \u00e9quip\u00e9 pour les personnes \u00e0 mobilit\u00e9 r\u00e9duite qui rassemble un centre aquatique complet, un espace baln\u00e9oth\u00e9rapie, des activit\u00e9s pour tous, un bowling 8 pistes snack\/bar, salle de jeux et un ensemble d\u2019\u00e9quipements de plong\u00e9e incomparable. Sa sp\u00e9cificit\u00e9 ? Une fosse de -20 m\u00e8tres, soit un v\u00e9ritable site artificiel permettant l\u2019apprentissage et le perfectionnement en toute s\u00e9curit\u00e9 jusqu\u2019au niveau 4 de plong\u00e9e subaquatique. Irr\u00e9alisable habituellement en piscine en raison du manque de profondeur !<\/p>\n\n\n\n<div class=\"wp-block-buttons is-horizontal is-content-justification-center is-layout-flex wp-container-core-buttons-is-layout-cbcdc57d wp-block-buttons-is-layout-flex\">\n<div class=\"wp-block-button\"><a class=\"wp-block-button__link wp-element-button\" href=\"https:\/\/www.vert-marine.com\/abyssea\/plongee\/\" target=\"_blank\" rel=\"noreferrer noopener\">Plus d&rsquo;infos<\/a><\/div>\n<\/div>\n<\/div>\n<\/div>\n<\/div>\n<\/div>\n\n\n\n<p class=\"wp-block-paragraph\"><\/p>\n","protected":false},"excerpt":{"rendered":"<p>Beaublanc Entrainements tous les mardi soir \u00e0 20h45 Montulat Les dates des plong\u00e9es organis\u00e9es par le CSL sont communiqu\u00e9es par mail \u00e0 partir du vendredi matin pr\u00e9c\u00e9dent et sont mises en ligne sur la page du site CONDITIONS DE PLONGEE DANS LA CARRIERE DE MONTULAT Consultez le r\u00e8glement d\u2019utilisation de Montulat sur le site du [&hellip;]<\/p>\n","protected":false},"author":1,"featured_media":0,"parent":0,"menu_order":0,"comment_status":"closed","ping_status":"closed","template":"","meta":{"_crdt_document":"","site-sidebar-layout":"default","site-content-layout":"default","ast-site-content-layout":"default","site-content-style":"default","site-sidebar-style":"default","ast-global-header-display":"","ast-banner-title-visibility":"","ast-main-header-display":"","ast-hfb-above-header-display":"","ast-hfb-below-header-display":"","ast-hfb-mobile-header-display":"","site-post-title":"","ast-breadcrumbs-content":"","ast-featured-img":"","footer-sml-layout":"","ast-disable-related-posts":"","theme-transparent-header-meta":"default","adv-header-id-meta":"","stick-header-meta":"","header-above-stick-meta":"","header-main-stick-meta":"","header-below-stick-meta":"","astra-migrate-meta-layouts":"set","ast-page-background-enabled":"default","ast-page-background-meta":{"desktop":{"background-color":"","background-image":"","background-repeat":"repeat","background-position":"center center","background-size":"auto","background-attachment":"scroll","background-type":"","background-media":"","overlay-type":"","overlay-color":"","overlay-opacity":"","overlay-gradient":""},"tablet":{"background-color":"","background-image":"","background-repeat":"repeat","background-position":"center center","background-size":"auto","background-attachment":"scroll","background-type":"","background-media":"","overlay-type":"","overlay-color":"","overlay-opacity":"","overlay-gradient":""},"mobile":{"background-color":"","background-image":"","background-repeat":"repeat","background-position":"center center","background-size":"auto","background-attachment":"scroll","background-type":"","background-media":"","overlay-type":"","overlay-color":"","overlay-opacity":"","overlay-gradient":""}},"ast-content-background-meta":{"desktop":{"background-color":"var(--ast-global-color-5)","background-image":"","background-repeat":"repeat","background-position":"center center","background-size":"auto","background-attachment":"scroll","background-type":"","background-media":"","overlay-type":"","overlay-color":"","overlay-opacity":"","overlay-gradient":""},"tablet":{"background-color":"var(--ast-global-color-5)","background-image":"","background-repeat":"repeat","background-position":"center center","background-size":"auto","background-attachment":"scroll","background-type":"","background-media":"","overlay-type":"","overlay-color":"","overlay-opacity":"","overlay-gradient":""},"mobile":{"background-color":"var(--ast-global-color-5)","background-image":"","background-repeat":"repeat","background-position":"center center","background-size":"auto","background-attachment":"scroll","background-type":"","background-media":"","overlay-type":"","overlay-color":"","overlay-opacity":"","overlay-gradient":""}},"footnotes":""},"class_list":["post-28","page","type-page","status-publish","hentry"],"_links":{"self":[{"href":"https:\/\/clubsublimoges.fr\/index.php?rest_route=\/wp\/v2\/pages\/28","targetHints":{"allow":["GET"]}}],"collection":[{"href":"https:\/\/clubsublimoges.fr\/index.php?rest_route=\/wp\/v2\/pages"}],"about":[{"href":"https:\/\/clubsublimoges.fr\/index.php?rest_route=\/wp\/v2\/types\/page"}],"author":[{"embeddable":true,"href":"https:\/\/clubsublimoges.fr\/index.php?rest_route=\/wp\/v2\/users\/1"}],"replies":[{"embeddable":true,"href":"https:\/\/clubsublimoges.fr\/index.php?rest_route=%2Fwp%2Fv2%2Fcomments&post=28"}],"version-history":[{"count":17,"href":"https:\/\/clubsublimoges.fr\/index.php?rest_route=\/wp\/v2\/pages\/28\/revisions"}],"predecessor-version":[{"id":10757,"href":"https:\/\/clubsublimoges.fr\/index.php?rest_route=\/wp\/v2\/pages\/28\/revisions\/10757"}],"wp:attachment":[{"href":"https:\/\/clubsublimoges.fr\/index.php?rest_route=%2Fwp%2Fv2%2Fmedia&parent=28"}],"curies":[{"name":"wp","href":"https:\/\/api.w.org\/{rel}","templated":true}]}}