{"id":275,"date":"2011-06-11T19:47:39","date_gmt":"2011-06-11T18:47:39","guid":{"rendered":"http:\/\/clubsublimoges.wordpress.com\/?page_id=275"},"modified":"2021-06-06T22:10:04","modified_gmt":"2021-06-06T20:10:04","slug":"les-jeudi-soir","status":"publish","type":"page","link":"https:\/\/clubsublimoges.fr\/?page_id=275","title":{"rendered":"Les Jeudis soir"},"content":{"rendered":"\n<div class=\"wp-block-columns is-layout-flex wp-container-core-columns-is-layout-7387b849 wp-block-columns-is-layout-flex\">\n<div class=\"wp-block-column is-layout-flow wp-block-column-is-layout-flow\">\n<figure class=\"wp-block-gallery columns-3 is-cropped wp-block-gallery-1 is-layout-flex wp-block-gallery-is-layout-flex\"><ul class=\"blocks-gallery-grid\"><li class=\"blocks-gallery-item\"><figure><img loading=\"lazy\" decoding=\"async\" width=\"726\" height=\"467\" src=\"https:\/\/clubsublimoges.fr\/wp-content\/uploads\/2012\/09\/un-service-au-top.jpg\" alt=\"\" data-id=\"628\" data-full-url=\"https:\/\/clubsublimoges.fr\/wp-content\/uploads\/2012\/09\/un-service-au-top.jpg\" data-link=\"https:\/\/clubsublimoges.fr\/?attachment_id=628\" class=\"wp-image-628\" srcset=\"https:\/\/clubsublimoges.fr\/wp-content\/uploads\/2012\/09\/un-service-au-top.jpg 726w, https:\/\/clubsublimoges.fr\/wp-content\/uploads\/2012\/09\/un-service-au-top-300x192.jpg 300w, https:\/\/clubsublimoges.fr\/wp-content\/uploads\/2012\/09\/un-service-au-top-466x300.jpg 466w\" sizes=\"auto, (max-width: 726px) 100vw, 726px\" \/><\/figure><\/li><li class=\"blocks-gallery-item\"><figure><img loading=\"lazy\" decoding=\"async\" width=\"527\" height=\"818\" src=\"https:\/\/clubsublimoges.fr\/wp-content\/uploads\/2012\/09\/master-chef.jpg\" alt=\"\" data-id=\"627\" data-full-url=\"https:\/\/clubsublimoges.fr\/wp-content\/uploads\/2012\/09\/master-chef.jpg\" data-link=\"https:\/\/clubsublimoges.fr\/?attachment_id=627\" class=\"wp-image-627\" srcset=\"https:\/\/clubsublimoges.fr\/wp-content\/uploads\/2012\/09\/master-chef.jpg 527w, https:\/\/clubsublimoges.fr\/wp-content\/uploads\/2012\/09\/master-chef-193x300.jpg 193w\" sizes=\"auto, (max-width: 527px) 100vw, 527px\" \/><\/figure><\/li><li class=\"blocks-gallery-item\"><figure><img loading=\"lazy\" decoding=\"async\" width=\"709\" height=\"416\" src=\"https:\/\/clubsublimoges.fr\/wp-content\/uploads\/2012\/09\/la-convivialitc3a9.jpg\" alt=\"\" data-id=\"626\" data-full-url=\"https:\/\/clubsublimoges.fr\/wp-content\/uploads\/2012\/09\/la-convivialitc3a9.jpg\" data-link=\"https:\/\/clubsublimoges.fr\/?attachment_id=626\" class=\"wp-image-626\" srcset=\"https:\/\/clubsublimoges.fr\/wp-content\/uploads\/2012\/09\/la-convivialitc3a9.jpg 709w, https:\/\/clubsublimoges.fr\/wp-content\/uploads\/2012\/09\/la-convivialitc3a9-300x176.jpg 300w, https:\/\/clubsublimoges.fr\/wp-content\/uploads\/2012\/09\/la-convivialitc3a9-500x293.jpg 500w\" sizes=\"auto, (max-width: 709px) 100vw, 709px\" \/><\/figure><\/li><li class=\"blocks-gallery-item\"><figure><img loading=\"lazy\" decoding=\"async\" width=\"1024\" height=\"768\" src=\"https:\/\/clubsublimoges.fr\/wp-content\/uploads\/2014\/02\/20140222-P1060480-1024x768.jpg\" alt=\"\" data-id=\"2709\" data-full-url=\"https:\/\/clubsublimoges.fr\/wp-content\/uploads\/2014\/02\/20140222-P1060480.jpg\" data-link=\"https:\/\/clubsublimoges.fr\/?attachment_id=2709\" class=\"wp-image-2709\" srcset=\"https:\/\/clubsublimoges.fr\/wp-content\/uploads\/2014\/02\/20140222-P1060480-1024x768.jpg 1024w, https:\/\/clubsublimoges.fr\/wp-content\/uploads\/2014\/02\/20140222-P1060480-300x225.jpg 300w, https:\/\/clubsublimoges.fr\/wp-content\/uploads\/2014\/02\/20140222-P1060480.jpg 1536w\" sizes=\"auto, (max-width: 1024px) 100vw, 1024px\" \/><\/figure><\/li><li class=\"blocks-gallery-item\"><figure><img loading=\"lazy\" decoding=\"async\" width=\"1024\" height=\"768\" src=\"https:\/\/clubsublimoges.fr\/wp-content\/uploads\/2017\/02\/20170218-CSL-TIV-IMG_0400-1024x768.jpg\" alt=\"\" data-id=\"4883\" data-full-url=\"https:\/\/clubsublimoges.fr\/wp-content\/uploads\/2017\/02\/20170218-CSL-TIV-IMG_0400.jpg\" data-link=\"https:\/\/clubsublimoges.fr\/?attachment_id=4883\" class=\"wp-image-4883\" srcset=\"https:\/\/clubsublimoges.fr\/wp-content\/uploads\/2017\/02\/20170218-CSL-TIV-IMG_0400-1024x768.jpg 1024w, https:\/\/clubsublimoges.fr\/wp-content\/uploads\/2017\/02\/20170218-CSL-TIV-IMG_0400-300x225.jpg 300w, https:\/\/clubsublimoges.fr\/wp-content\/uploads\/2017\/02\/20170218-CSL-TIV-IMG_0400-768x576.jpg 768w\" sizes=\"auto, (max-width: 1024px) 100vw, 1024px\" \/><\/figure><\/li><li class=\"blocks-gallery-item\"><figure><img loading=\"lazy\" decoding=\"async\" width=\"1024\" height=\"768\" src=\"https:\/\/clubsublimoges.fr\/wp-content\/uploads\/2017\/02\/20170218-CSL-TIV-IMG_0393-1024x768.jpg\" alt=\"\" data-id=\"4879\" data-full-url=\"https:\/\/clubsublimoges.fr\/wp-content\/uploads\/2017\/02\/20170218-CSL-TIV-IMG_0393.jpg\" data-link=\"https:\/\/clubsublimoges.fr\/?attachment_id=4879\" class=\"wp-image-4879\" srcset=\"https:\/\/clubsublimoges.fr\/wp-content\/uploads\/2017\/02\/20170218-CSL-TIV-IMG_0393-1024x768.jpg 1024w, https:\/\/clubsublimoges.fr\/wp-content\/uploads\/2017\/02\/20170218-CSL-TIV-IMG_0393-300x225.jpg 300w, https:\/\/clubsublimoges.fr\/wp-content\/uploads\/2017\/02\/20170218-CSL-TIV-IMG_0393-768x576.jpg 768w\" sizes=\"auto, (max-width: 1024px) 100vw, 1024px\" \/><\/figure><\/li><\/ul><\/figure>\n<\/div>\n\n\n\n<div class=\"wp-block-column is-layout-flow wp-block-column-is-layout-flow\">\n<p class=\"has-cyan-bluish-gray-background-color has-background has-medium-font-size wp-block-paragraph\">Tous les jeudis soir vous pouvez nous retrouver au local o\u00f9 une poign\u00e9e de personnes s\u2019emploie&nbsp;\u00e0 diverses t\u00e2ches&nbsp;d\u2019entretien de&nbsp;mat\u00e9riel et&nbsp;t\u00e2ches administratives<\/p>\n\n\n\n<p class=\"has-cyan-bluish-gray-background-color has-background has-medium-font-size wp-block-paragraph\">Si vous pensez avoir une&nbsp;\u00e2me&nbsp;de bricoleur venez nous retrouver&nbsp;\u00e0 partir de 17h00<\/p>\n\n\n\n<p class=\"has-cyan-bluish-gray-background-color has-background has-medium-font-size wp-block-paragraph\">La soir\u00e9e se termine g\u00e9n\u00e9ralement par un bon repas<\/p>\n<\/div>\n<\/div>\n","protected":false},"excerpt":{"rendered":"<p>Tous les jeudis soir vous pouvez nous retrouver au local o\u00f9 une poign\u00e9e de personnes s\u2019emploie&nbsp;\u00e0 diverses t\u00e2ches&nbsp;d\u2019entretien de&nbsp;mat\u00e9riel et&nbsp;t\u00e2ches administratives Si vous pensez avoir une&nbsp;\u00e2me&nbsp;de bricoleur venez nous retrouver&nbsp;\u00e0 partir de 17h00 La soir\u00e9e se termine g\u00e9n\u00e9ralement par un bon repas<\/p>\n","protected":false},"author":1,"featured_media":0,"parent":12,"menu_order":7,"comment_status":"closed","ping_status":"closed","template":"","meta":{"_crdt_document":"","site-sidebar-layout":"default","site-content-layout":"default","ast-site-content-layout":"default","site-content-style":"default","site-sidebar-style":"default","ast-global-header-display":"","ast-banner-title-visibility":"","ast-main-header-display":"","ast-hfb-above-header-display":"","ast-hfb-below-header-display":"","ast-hfb-mobile-header-display":"","site-post-title":"","ast-breadcrumbs-content":"","ast-featured-img":"","footer-sml-layout":"","ast-disable-related-posts":"","theme-transparent-header-meta":"default","adv-header-id-meta":"","stick-header-meta":"","header-above-stick-meta":"","header-main-stick-meta":"","header-below-stick-meta":"","astra-migrate-meta-layouts":"default","ast-page-background-enabled":"default","ast-page-background-meta":{"desktop":{"background-color":"","background-image":"","background-repeat":"repeat","background-position":"center center","background-size":"auto","background-attachment":"scroll","background-type":"","background-media":"","overlay-type":"","overlay-color":"","overlay-opacity":"","overlay-gradient":""},"tablet":{"background-color":"","background-image":"","background-repeat":"repeat","background-position":"center center","background-size":"auto","background-attachment":"scroll","background-type":"","background-media":"","overlay-type":"","overlay-color":"","overlay-opacity":"","overlay-gradient":""},"mobile":{"background-color":"","background-image":"","background-repeat":"repeat","background-position":"center center","background-size":"auto","background-attachment":"scroll","background-type":"","background-media":"","overlay-type":"","overlay-color":"","overlay-opacity":"","overlay-gradient":""}},"ast-content-background-meta":{"desktop":{"background-color":"var(--ast-global-color-5)","background-image":"","background-repeat":"repeat","background-position":"center center","background-size":"auto","background-attachment":"scroll","background-type":"","background-media":"","overlay-type":"","overlay-color":"","overlay-opacity":"","overlay-gradient":""},"tablet":{"background-color":"var(--ast-global-color-5)","background-image":"","background-repeat":"repeat","background-position":"center center","background-size":"auto","background-attachment":"scroll","background-type":"","background-media":"","overlay-type":"","overlay-color":"","overlay-opacity":"","overlay-gradient":""},"mobile":{"background-color":"var(--ast-global-color-5)","background-image":"","background-repeat":"repeat","background-position":"center center","background-size":"auto","background-attachment":"scroll","background-type":"","background-media":"","overlay-type":"","overlay-color":"","overlay-opacity":"","overlay-gradient":""}},"footnotes":""},"class_list":["post-275","page","type-page","status-publish","hentry"],"_links":{"self":[{"href":"https:\/\/clubsublimoges.fr\/index.php?rest_route=\/wp\/v2\/pages\/275","targetHints":{"allow":["GET"]}}],"collection":[{"href":"https:\/\/clubsublimoges.fr\/index.php?rest_route=\/wp\/v2\/pages"}],"about":[{"href":"https:\/\/clubsublimoges.fr\/index.php?rest_route=\/wp\/v2\/types\/page"}],"author":[{"embeddable":true,"href":"https:\/\/clubsublimoges.fr\/index.php?rest_route=\/wp\/v2\/users\/1"}],"replies":[{"embeddable":true,"href":"https:\/\/clubsublimoges.fr\/index.php?rest_route=%2Fwp%2Fv2%2Fcomments&post=275"}],"version-history":[{"count":10,"href":"https:\/\/clubsublimoges.fr\/index.php?rest_route=\/wp\/v2\/pages\/275\/revisions"}],"predecessor-version":[{"id":8627,"href":"https:\/\/clubsublimoges.fr\/index.php?rest_route=\/wp\/v2\/pages\/275\/revisions\/8627"}],"up":[{"embeddable":true,"href":"https:\/\/clubsublimoges.fr\/index.php?rest_route=\/wp\/v2\/pages\/12"}],"wp:attachment":[{"href":"https:\/\/clubsublimoges.fr\/index.php?rest_route=%2Fwp%2Fv2%2Fmedia&parent=275"}],"curies":[{"name":"wp","href":"https:\/\/api.w.org\/{rel}","templated":true}]}}