{"id":147,"date":"2011-06-01T08:36:01","date_gmt":"2011-06-01T07:36:01","guid":{"rendered":"http:\/\/clubsublimoges.wordpress.com\/?page_id=147"},"modified":"2021-06-06T22:24:44","modified_gmt":"2021-06-06T20:24:44","slug":"formation-n3","status":"publish","type":"page","link":"https:\/\/clubsublimoges.fr\/?page_id=147","title":{"rendered":"-Formation N3"},"content":{"rendered":"\n<div style=\"height:100px\" aria-hidden=\"true\" class=\"wp-block-spacer\"><\/div>\n\n\n\n<div class=\"wp-block-columns is-layout-flex wp-container-core-columns-is-layout-7387b849 wp-block-columns-is-layout-flex\">\n<div class=\"wp-block-column is-layout-flow wp-block-column-is-layout-flow\">\n<h1 class=\"wp-block-heading\">Pr\u00e9rogatives:<\/h1>\n\n\n\n<p class=\"wp-block-paragraph\">Le possesseur de ce niveau peut :<\/p>\n\n\n\n<ul class=\"wp-block-list\"><li>Pratiquer la&nbsp;<a href=\"https:\/\/href.li\/?http:\/\/fr.wikipedia.org\/wiki\/Plong%C3%A9e_sous-marine\">plong\u00e9e sous-marine<\/a>&nbsp;en autonomie (sans encadrant) dans la limite des 60m.<\/li><li>Suivre la formation et se pr\u00e9senter comme candidat au&nbsp;<a href=\"https:\/\/href.li\/?http:\/\/fr.wikipedia.org\/wiki\/Plongeur_Niveau_4_(FFESSM)\">Niveau 4<\/a>.<\/li><li>\u00catre qualifi\u00e9 trimix et\/ou recycleur ferm\u00e9<\/li><\/ul>\n\n\n\n<p class=\"wp-block-paragraph\">Le possesseur de ce niveau doit \u00eatre \u00e9quip\u00e9 de :<\/p>\n\n\n\n<ul class=\"wp-block-list\"><li>Un&nbsp;<a href=\"https:\/\/href.li\/?http:\/\/fr.wikipedia.org\/wiki\/Gilet_de_stabilisation\">gilet stabilisateur<\/a>.<\/li><li>Un moyen de calculer sa d\u00e9compression.<\/li><li>En autonomie, un \u00e9quipement de plong\u00e9e permettant d\u2019alimenter en gaz respirable un \u00e9quipier sans partage d\u2019embout.<\/li><\/ul>\n\n\n\n<hr class=\"wp-block-separator is-style-wide\"\/>\n\n\n\n<h1 class=\"wp-block-heading\">\u00c9quivalences:<\/h1>\n\n\n\n<p class=\"wp-block-paragraph\">Le plongeur niveau 3 capacitaire obtient automatiquement les \u00e9quivalences suivantes :<\/p>\n\n\n\n<ul class=\"wp-block-list\"><li><a href=\"https:\/\/href.li\/?http:\/\/fr.wikipedia.org\/wiki\/CMAS\">CMAS<\/a>&nbsp;Plongeur 3 \u00e9toiles<\/li><li><a href=\"https:\/\/href.li\/?http:\/\/fr.wikipedia.org\/wiki\/FSGT\">FSGT<\/a>&nbsp;Plongeur N3<\/li><li><a href=\"https:\/\/href.li\/?http:\/\/fr.wikipedia.org\/wiki\/ANMP\">ANMP<\/a>&nbsp;Niveau 3 autonome<\/li><li><a href=\"https:\/\/href.li\/?http:\/\/fr.wikipedia.org\/wiki\/Syndicat_National_des_Moniteurs_de_Plong%C3%A9e\">SNMP<\/a>&nbsp;Plongeur autonome<\/li><li><a href=\"https:\/\/href.li\/?http:\/\/fr.wikipedia.org\/wiki\/PADI_Rescue_Diver\">PADI Rescue Diver<\/a>. N.B. : l\u2019obtention du rescue diver n\u2019est pas automatique et n\u00e9cessite la r\u00e9alisation d\u2019exercices compl\u00e9mentaires :&nbsp;<a href=\"https:\/\/href.li\/?http:\/\/www.infoplongee.fr\/ctn\/manmon\/17_ffessm_padi_ssi.pdf\">site FFESSM<\/a><\/li><\/ul>\n\n\n\n<p class=\"wp-block-paragraph\">sources : (fr)&nbsp;<a href=\"https:\/\/href.li\/?http:\/\/www.anmp-plongee.com\/index.cfm?action=moniteurs&amp;actionleft=nosformations&amp;actioncentre=equivalences\">Sie de l\u2019ANMP<\/a><\/p>\n\n\n\n<hr class=\"wp-block-separator is-style-wide\"\/>\n\n\n\n<h1 class=\"wp-block-heading\">Les \u00e9preuves:<\/h1>\n\n\n\n<p class=\"wp-block-paragraph\">On ne peut se pr\u00e9senter \u00e0 l\u2019examen de passage que si l\u2019on a 18 ans et si l\u2019on est titulaire des :<\/p>\n\n\n\n<ul class=\"wp-block-list\"><li>Dipl\u00f4me&nbsp;<a href=\"https:\/\/href.li\/?http:\/\/fr.wikipedia.org\/wiki\/Plongeur_Niveau_2_(FFESSM)\">Plongeur Niveau 2<\/a><\/li><li>Dipl\u00f4me&nbsp;<a href=\"https:\/\/href.li\/?http:\/\/fr.wikipedia.org\/wiki\/RIFAP\">RIFAP<\/a>&nbsp;(R\u00e9actions et interventions face \u00e0 un accident de plong\u00e9e)<\/li><\/ul>\n\n\n\n<p class=\"wp-block-paragraph\">Constitution des \u00e9preuves :<br>N3 sur le site de la FFESSM<br>Voir aussi<a href=\"https:\/\/href.li\/?https:\/\/www.dune-marseille.com\/produit\/formation-plongee-niveau-3\/\">https:\/\/www.dune-marseille.com\/produit\/formation-plongee-niveau-3\/<\/a><br>Liens externes<\/p>\n\n\n\n<ul class=\"wp-block-list\"><li>(fr)&nbsp;<a href=\"https:\/\/href.li\/?http:\/\/www.ffessm.fr\/\">FFESSM<\/a><\/li><li>(fr)&nbsp;<a href=\"https:\/\/href.li\/?https:\/\/plongee.ffessm.fr\/mft\" target=\"_blank\" rel=\"noreferrer noopener\">Manuels FFESSM<\/a><\/li><li>(fr)&nbsp;<a href=\"https:\/\/href.li\/?http:\/\/www.legifrance.gouv.fr\/WAspad\/UnTexteDeJorf?numjo=SASV1016503A\">Arr\u00eat\u00e9 du 18 juin 2010<\/a>, r\u00e9glementant la plong\u00e9e \u00e0 l\u2019air en France (Nouveau code du sport)<\/li><\/ul>\n<\/div>\n\n\n\n<div class=\"wp-block-column is-layout-flow wp-block-column-is-layout-flow\">\n<figure class=\"wp-block-gallery columns-3 is-cropped wp-block-gallery-1 is-layout-flex wp-block-gallery-is-layout-flex\"><ul class=\"blocks-gallery-grid\"><li class=\"blocks-gallery-item\"><figure><img loading=\"lazy\" decoding=\"async\" width=\"282\" height=\"179\" src=\"https:\/\/clubsublimoges.fr\/wp-content\/uploads\/2021\/06\/n3.png\" alt=\"\" data-id=\"8319\" data-link=\"https:\/\/clubsublimoges.fr\/?attachment_id=8319\" class=\"wp-image-8319\"\/><\/figure><\/li><li class=\"blocks-gallery-item\"><figure><img loading=\"lazy\" decoding=\"async\" width=\"276\" height=\"183\" src=\"https:\/\/clubsublimoges.fr\/wp-content\/uploads\/2021\/06\/images.jpg\" alt=\"\" data-id=\"8321\" data-full-url=\"https:\/\/clubsublimoges.fr\/wp-content\/uploads\/2021\/06\/images.jpg\" data-link=\"https:\/\/clubsublimoges.fr\/?attachment_id=8321\" class=\"wp-image-8321\"\/><\/figure><\/li><li class=\"blocks-gallery-item\"><figure><img loading=\"lazy\" decoding=\"async\" width=\"275\" height=\"183\" src=\"https:\/\/clubsublimoges.fr\/wp-content\/uploads\/2021\/06\/images2.jpg\" alt=\"\" data-id=\"8322\" data-full-url=\"https:\/\/clubsublimoges.fr\/wp-content\/uploads\/2021\/06\/images2.jpg\" data-link=\"https:\/\/clubsublimoges.fr\/?attachment_id=8322\" class=\"wp-image-8322\"\/><\/figure><\/li><li class=\"blocks-gallery-item\"><figure><img loading=\"lazy\" decoding=\"async\" width=\"275\" height=\"183\" src=\"https:\/\/clubsublimoges.fr\/wp-content\/uploads\/2021\/06\/index-2.jpg\" alt=\"\" data-id=\"8323\" data-full-url=\"https:\/\/clubsublimoges.fr\/wp-content\/uploads\/2021\/06\/index-2.jpg\" data-link=\"https:\/\/clubsublimoges.fr\/?attachment_id=8323\" class=\"wp-image-8323\"\/><\/figure><\/li><\/ul><\/figure>\n\n\n\n<hr class=\"wp-block-separator is-style-wide\"\/>\n\n\n\n<hr class=\"wp-block-separator has-text-color has-background has-black-background-color has-black-color is-style-wide\"\/>\n\n\n\n<hr class=\"wp-block-separator has-text-color has-background has-black-background-color has-black-color is-style-wide\"\/>\n\n\n\n<div class=\"wp-block-buttons is-content-justification-center is-layout-flex wp-block-buttons-is-layout-flex\">\n<div class=\"wp-block-button\"><a class=\"wp-block-button__link\" href=\"https:\/\/plongee.ffessm.fr\/mft\" target=\"_blank\" rel=\"noreferrer noopener\">Plus d&rsquo;infos sur le site FFESSM<\/a><\/div>\n<\/div>\n<\/div>\n<\/div>\n","protected":false},"excerpt":{"rendered":"<p>Pr\u00e9rogatives: Le possesseur de ce niveau peut : Pratiquer la&nbsp;plong\u00e9e sous-marine&nbsp;en autonomie (sans encadrant) dans la limite des 60m. Suivre la formation et se pr\u00e9senter comme candidat au&nbsp;Niveau 4. \u00catre qualifi\u00e9 trimix et\/ou recycleur ferm\u00e9 Le possesseur de ce niveau doit \u00eatre \u00e9quip\u00e9 de : Un&nbsp;gilet stabilisateur. Un moyen de calculer sa d\u00e9compression. En autonomie, [&hellip;]<\/p>\n","protected":false},"author":1,"featured_media":0,"parent":5,"menu_order":6,"comment_status":"closed","ping_status":"closed","template":"","meta":{"_crdt_document":"","site-sidebar-layout":"default","site-content-layout":"default","ast-site-content-layout":"default","site-content-style":"default","site-sidebar-style":"default","ast-global-header-display":"","ast-banner-title-visibility":"","ast-main-header-display":"","ast-hfb-above-header-display":"","ast-hfb-below-header-display":"","ast-hfb-mobile-header-display":"","site-post-title":"","ast-breadcrumbs-content":"","ast-featured-img":"","footer-sml-layout":"","ast-disable-related-posts":"","theme-transparent-header-meta":"default","adv-header-id-meta":"","stick-header-meta":"","header-above-stick-meta":"","header-main-stick-meta":"","header-below-stick-meta":"","astra-migrate-meta-layouts":"default","ast-page-background-enabled":"default","ast-page-background-meta":{"desktop":{"background-color":"","background-image":"","background-repeat":"repeat","background-position":"center center","background-size":"auto","background-attachment":"scroll","background-type":"","background-media":"","overlay-type":"","overlay-color":"","overlay-opacity":"","overlay-gradient":""},"tablet":{"background-color":"","background-image":"","background-repeat":"repeat","background-position":"center center","background-size":"auto","background-attachment":"scroll","background-type":"","background-media":"","overlay-type":"","overlay-color":"","overlay-opacity":"","overlay-gradient":""},"mobile":{"background-color":"","background-image":"","background-repeat":"repeat","background-position":"center center","background-size":"auto","background-attachment":"scroll","background-type":"","background-media":"","overlay-type":"","overlay-color":"","overlay-opacity":"","overlay-gradient":""}},"ast-content-background-meta":{"desktop":{"background-color":"var(--ast-global-color-5)","background-image":"","background-repeat":"repeat","background-position":"center center","background-size":"auto","background-attachment":"scroll","background-type":"","background-media":"","overlay-type":"","overlay-color":"","overlay-opacity":"","overlay-gradient":""},"tablet":{"background-color":"var(--ast-global-color-5)","background-image":"","background-repeat":"repeat","background-position":"center center","background-size":"auto","background-attachment":"scroll","background-type":"","background-media":"","overlay-type":"","overlay-color":"","overlay-opacity":"","overlay-gradient":""},"mobile":{"background-color":"var(--ast-global-color-5)","background-image":"","background-repeat":"repeat","background-position":"center center","background-size":"auto","background-attachment":"scroll","background-type":"","background-media":"","overlay-type":"","overlay-color":"","overlay-opacity":"","overlay-gradient":""}},"footnotes":""},"class_list":["post-147","page","type-page","status-publish","hentry"],"_links":{"self":[{"href":"https:\/\/clubsublimoges.fr\/index.php?rest_route=\/wp\/v2\/pages\/147","targetHints":{"allow":["GET"]}}],"collection":[{"href":"https:\/\/clubsublimoges.fr\/index.php?rest_route=\/wp\/v2\/pages"}],"about":[{"href":"https:\/\/clubsublimoges.fr\/index.php?rest_route=\/wp\/v2\/types\/page"}],"author":[{"embeddable":true,"href":"https:\/\/clubsublimoges.fr\/index.php?rest_route=\/wp\/v2\/users\/1"}],"replies":[{"embeddable":true,"href":"https:\/\/clubsublimoges.fr\/index.php?rest_route=%2Fwp%2Fv2%2Fcomments&post=147"}],"version-history":[{"count":7,"href":"https:\/\/clubsublimoges.fr\/index.php?rest_route=\/wp\/v2\/pages\/147\/revisions"}],"predecessor-version":[{"id":8644,"href":"https:\/\/clubsublimoges.fr\/index.php?rest_route=\/wp\/v2\/pages\/147\/revisions\/8644"}],"up":[{"embeddable":true,"href":"https:\/\/clubsublimoges.fr\/index.php?rest_route=\/wp\/v2\/pages\/5"}],"wp:attachment":[{"href":"https:\/\/clubsublimoges.fr\/index.php?rest_route=%2Fwp%2Fv2%2Fmedia&parent=147"}],"curies":[{"name":"wp","href":"https:\/\/api.w.org\/{rel}","templated":true}]}}