{"id":145,"date":"2011-06-01T08:35:36","date_gmt":"2011-06-01T07:35:36","guid":{"rendered":"http:\/\/clubsublimoges.wordpress.com\/?page_id=145"},"modified":"2021-06-06T22:24:15","modified_gmt":"2021-06-06T20:24:15","slug":"formation-n2","status":"publish","type":"page","link":"https:\/\/clubsublimoges.fr\/?page_id=145","title":{"rendered":"-Formation N2"},"content":{"rendered":"\n<div style=\"height:100px\" aria-hidden=\"true\" class=\"wp-block-spacer\"><\/div>\n\n\n\n<div class=\"wp-block-columns is-layout-flex wp-container-core-columns-is-layout-7387b849 wp-block-columns-is-layout-flex\">\n<div class=\"wp-block-column is-layout-flow wp-block-column-is-layout-flow\">\n<figure class=\"wp-block-gallery columns-2 is-cropped wp-block-gallery-1 is-layout-flex wp-block-gallery-is-layout-flex\"><ul class=\"blocks-gallery-grid\"><li class=\"blocks-gallery-item\"><figure><img loading=\"lazy\" decoding=\"async\" width=\"1024\" height=\"682\" src=\"https:\/\/clubsublimoges.fr\/wp-content\/uploads\/2021\/06\/n2-1024x682.jpg\" alt=\"\" data-id=\"8308\" data-link=\"https:\/\/clubsublimoges.fr\/?attachment_id=8308\" class=\"wp-image-8308\" srcset=\"https:\/\/clubsublimoges.fr\/wp-content\/uploads\/2021\/06\/n2-1024x682.jpg 1024w, https:\/\/clubsublimoges.fr\/wp-content\/uploads\/2021\/06\/n2-300x200.jpg 300w, https:\/\/clubsublimoges.fr\/wp-content\/uploads\/2021\/06\/n2-768x512.jpg 768w, https:\/\/clubsublimoges.fr\/wp-content\/uploads\/2021\/06\/n2-1536x1023.jpg 1536w, https:\/\/clubsublimoges.fr\/wp-content\/uploads\/2021\/06\/n2.jpg 1600w\" sizes=\"auto, (max-width: 1024px) 100vw, 1024px\" \/><\/figure><\/li><li class=\"blocks-gallery-item\"><figure><img decoding=\"async\" src=\"https:\/\/clubsublimoges.fr\/wp-content\/uploads\/2021\/06\/index-1.jpg\" alt=\"\" data-id=\"8309\" data-full-url=\"https:\/\/clubsublimoges.fr\/wp-content\/uploads\/2021\/06\/index-1.jpg\" data-link=\"https:\/\/clubsublimoges.fr\/?attachment_id=8309\" class=\"wp-image-8309\"\/><\/figure><\/li><\/ul><\/figure>\n\n\n\n<hr class=\"wp-block-separator has-text-color has-background has-black-background-color has-black-color is-style-wide\"\/>\n\n\n\n<div class=\"wp-block-columns is-layout-flex wp-container-core-columns-is-layout-7387b849 wp-block-columns-is-layout-flex\">\n<div class=\"wp-block-column is-layout-flow wp-block-column-is-layout-flow\">\n<hr class=\"wp-block-separator has-text-color has-background has-black-background-color has-black-color is-style-wide\"\/>\n\n\n\n<figure class=\"wp-block-image size-large\"><img loading=\"lazy\" decoding=\"async\" width=\"366\" height=\"138\" src=\"https:\/\/clubsublimoges.fr\/wp-content\/uploads\/2021\/06\/Plongee-n2.jpg\" alt=\"\" class=\"wp-image-8307\" srcset=\"https:\/\/clubsublimoges.fr\/wp-content\/uploads\/2021\/06\/Plongee-n2.jpg 366w, https:\/\/clubsublimoges.fr\/wp-content\/uploads\/2021\/06\/Plongee-n2-300x113.jpg 300w\" sizes=\"auto, (max-width: 366px) 100vw, 366px\" \/><\/figure>\n\n\n\n<p class=\"wp-block-paragraph\"><\/p>\n<\/div>\n\n\n\n<div class=\"wp-block-column is-layout-flow wp-block-column-is-layout-flow\">\n<div class=\"wp-block-buttons is-content-justification-center is-layout-flex wp-block-buttons-is-layout-flex\">\n<div class=\"wp-block-button\"><a class=\"wp-block-button__link\" href=\"https:\/\/plongee.ffessm.fr\/mft\" target=\"_blank\" rel=\"noreferrer noopener\">Plus d&rsquo;infos<\/a><\/div>\n<\/div>\n<\/div>\n<\/div>\n<\/div>\n\n\n\n<div class=\"wp-block-column is-layout-flow wp-block-column-is-layout-flow\">\n<h1 class=\"wp-block-heading\">Pr\u00e9rogatives:<\/h1>\n\n\n\n<p class=\"wp-block-paragraph\">Le possesseur de ce niveau peut :<\/p>\n\n\n\n<ul class=\"wp-block-list\"><li>pratiquer la&nbsp;<a href=\"https:\/\/href.li\/?http:\/\/fr.wikipedia.org\/wiki\/Plong%C3%A9e_sous-marine\">plong\u00e9e sous-marine<\/a>&nbsp;en autonomie (sans encadrant) dans la limite des 20 m (plong\u00e9e \u00e0 l\u2019air) par palanqu\u00e9e de 2 ou 3 plongeurs ;<\/li><li>plonger dans la zone des 40 m (plong\u00e9e \u00e0 l\u2019air), \u00e0 condition d\u2019\u00eatre encadr\u00e9 par un plongeur de&nbsp;<a href=\"https:\/\/href.li\/?http:\/\/fr.wikipedia.org\/wiki\/Plongeur_Niveau_4_(FFESSM)\">niveau 4<\/a>&nbsp;minimum ;<\/li><li>suivre la formation et se pr\u00e9senter comme candidat au&nbsp;<a href=\"https:\/\/href.li\/?http:\/\/fr.wikipedia.org\/wiki\/Plongeur_Niveau_4_(FFESSM)\">Niveau 4<\/a>&nbsp;(il n\u2019est pas obligatoire de passer par le&nbsp;<a href=\"https:\/\/href.li\/?http:\/\/fr.wikipedia.org\/wiki\/Plongeur_Niveau_3_(FFESSM)\">niveau 3<\/a>).<\/li><\/ul>\n\n\n\n<p class=\"wp-block-paragraph\">Le possesseur de ce niveau doit poss\u00e9der :<\/p>\n\n\n\n<ul class=\"wp-block-list\"><li>un dispositif aliment\u00e9 en gaz comprim\u00e9 permettant de rejoindre la surface et de s\u2019y maintenir ;<\/li><li>les moyens de contr\u00f4ler sa plong\u00e9e et sa d\u00e9compression (<a href=\"https:\/\/href.li\/?http:\/\/fr.wikipedia.org\/wiki\/Tables_de_d%C3%A9compression\">tables<\/a>&nbsp;avec&nbsp;<a href=\"https:\/\/href.li\/?http:\/\/fr.wikipedia.org\/wiki\/Montre_(horlogerie)\">montre<\/a>,&nbsp;<a href=\"https:\/\/href.li\/?http:\/\/fr.wikipedia.org\/wiki\/Ordinateur_de_plong%C3%A9e\">ordinateur<\/a>,&nbsp;<a href=\"https:\/\/href.li\/?http:\/\/fr.wikipedia.org\/wiki\/Profondim%C3%A8tre\">profondim\u00e8tre<\/a>\u2026) ;<\/li><li>un moyen d\u2019assister un autre plongeur en air sans partage d\u2019embout (octopus, 2e&nbsp;d\u00e9tendeur, R2\u2026) ;<\/li><li>un moyen de se maintenir en surface de mani\u00e8re autonome (Veste stabilisatrice ou STAB).<\/li><\/ul>\n\n\n\n<hr class=\"wp-block-separator is-style-wide\"\/>\n\n\n\n<h1 class=\"wp-block-heading\">\u00c9quivalences:<\/h1>\n\n\n\n<p class=\"wp-block-paragraph\">Le plongeur niveau 2<\/p>\n\n\n\n<ul class=\"wp-block-list\"><li><a href=\"https:\/\/href.li\/?http:\/\/fr.wikipedia.org\/wiki\/CMAS\">CMAS<\/a>&nbsp;Plongeur 2 \u00e9toiles<\/li><li><a href=\"https:\/\/href.li\/?http:\/\/fr.wikipedia.org\/wiki\/FSGT\">FSGT<\/a>&nbsp;Plongeur N2<\/li><li><a href=\"https:\/\/href.li\/?http:\/\/fr.wikipedia.org\/wiki\/ANMP\">ANMP<\/a>&nbsp;Niveau 2<\/li><li><a href=\"https:\/\/href.li\/?http:\/\/fr.wikipedia.org\/wiki\/Syndicat_National_des_Moniteurs_de_Plong%C3%A9e\">SNMP<\/a><\/li><li><a href=\"https:\/\/href.li\/?http:\/\/fr.wikipedia.org\/w\/index.php?title=NAUI_Advanced_Open_Water_Diver&amp;action=edit&amp;redlink=1\">NAUI Advanced Open Water Diver<\/a><\/li><li><a href=\"https:\/\/href.li\/?http:\/\/fr.wikipedia.org\/wiki\/PADI_Advanced_Open_Water_Diver\">PADI Advanced Open Water Diver<\/a><\/li><\/ul>\n\n\n\n<hr class=\"wp-block-separator is-style-wide\"\/>\n\n\n\n<h1 class=\"wp-block-heading\">Les \u00e9preuves:<\/h1>\n\n\n\n<p class=\"wp-block-paragraph\">Il faut avoir au moins 16 ans et \u00eatre en possession de son Niveau I.<\/p>\n\n\n\n<ol class=\"wp-block-list\"><li><a href=\"https:\/\/href.li\/?https:\/\/www.aurel32.net\/plongee\/niveau2.php\">\u00c9preuves du niveau 2<\/a><\/li><\/ol>\n\n\n\n<ul class=\"wp-block-list\"><li><a href=\"https:\/\/href.li\/?http:\/\/fr.wikipedia.org\/wiki\/F%C3%A9d%C3%A9ration_fran%C3%A7aise_d%27%C3%A9tudes_et_de_sports_sous-marins\">F\u00e9d\u00e9ration fran\u00e7aise d\u2019\u00e9tudes et de sports sous-marins<\/a>&nbsp;(FFESSM)<\/li><\/ul>\n\n\n\n<hr class=\"wp-block-separator is-style-wide\"\/>\n\n\n\n<h1 class=\"wp-block-heading\">Liens externes:<\/h1>\n\n\n\n<ul class=\"wp-block-list\"><li>(fr)&nbsp;<a href=\"https:\/\/href.li\/?http:\/\/www.ffessm.fr\/\">FFESSM<\/a><\/li><li>(fr)&nbsp;<a href=\"https:\/\/href.li\/?https:\/\/plongee.ffessm.fr\/mft\" target=\"_blank\" rel=\"noreferrer noopener\">Manuels FFESSM<\/a><\/li><li>(fr)&nbsp;<a href=\"https:\/\/href.li\/?http:\/\/www.legifrance.gouv.fr\/WAspad\/UnTexteDeJorf?numjo=SASV1016503A\">Arr\u00eat\u00e9 du 18 juin 2010<\/a>, r\u00e9glementant la plong\u00e9e \u00e0 l\u2019air en France (Nouveau code du sport<\/li><\/ul>\n<\/div>\n<\/div>\n","protected":false},"excerpt":{"rendered":"<p>Pr\u00e9rogatives: Le possesseur de ce niveau peut : pratiquer la&nbsp;plong\u00e9e sous-marine&nbsp;en autonomie (sans encadrant) dans la limite des 20 m (plong\u00e9e \u00e0 l\u2019air) par palanqu\u00e9e de 2 ou 3 plongeurs ; plonger dans la zone des 40 m (plong\u00e9e \u00e0 l\u2019air), \u00e0 condition d\u2019\u00eatre encadr\u00e9 par un plongeur de&nbsp;niveau 4&nbsp;minimum ; suivre la formation et [&hellip;]<\/p>\n","protected":false},"author":1,"featured_media":0,"parent":5,"menu_order":5,"comment_status":"closed","ping_status":"closed","template":"","meta":{"_crdt_document":"","site-sidebar-layout":"default","site-content-layout":"default","ast-site-content-layout":"default","site-content-style":"default","site-sidebar-style":"default","ast-global-header-display":"","ast-banner-title-visibility":"","ast-main-header-display":"","ast-hfb-above-header-display":"","ast-hfb-below-header-display":"","ast-hfb-mobile-header-display":"","site-post-title":"","ast-breadcrumbs-content":"","ast-featured-img":"","footer-sml-layout":"","ast-disable-related-posts":"","theme-transparent-header-meta":"default","adv-header-id-meta":"","stick-header-meta":"","header-above-stick-meta":"","header-main-stick-meta":"","header-below-stick-meta":"","astra-migrate-meta-layouts":"default","ast-page-background-enabled":"default","ast-page-background-meta":{"desktop":{"background-color":"","background-image":"","background-repeat":"repeat","background-position":"center center","background-size":"auto","background-attachment":"scroll","background-type":"","background-media":"","overlay-type":"","overlay-color":"","overlay-opacity":"","overlay-gradient":""},"tablet":{"background-color":"","background-image":"","background-repeat":"repeat","background-position":"center center","background-size":"auto","background-attachment":"scroll","background-type":"","background-media":"","overlay-type":"","overlay-color":"","overlay-opacity":"","overlay-gradient":""},"mobile":{"background-color":"","background-image":"","background-repeat":"repeat","background-position":"center center","background-size":"auto","background-attachment":"scroll","background-type":"","background-media":"","overlay-type":"","overlay-color":"","overlay-opacity":"","overlay-gradient":""}},"ast-content-background-meta":{"desktop":{"background-color":"var(--ast-global-color-5)","background-image":"","background-repeat":"repeat","background-position":"center center","background-size":"auto","background-attachment":"scroll","background-type":"","background-media":"","overlay-type":"","overlay-color":"","overlay-opacity":"","overlay-gradient":""},"tablet":{"background-color":"var(--ast-global-color-5)","background-image":"","background-repeat":"repeat","background-position":"center center","background-size":"auto","background-attachment":"scroll","background-type":"","background-media":"","overlay-type":"","overlay-color":"","overlay-opacity":"","overlay-gradient":""},"mobile":{"background-color":"var(--ast-global-color-5)","background-image":"","background-repeat":"repeat","background-position":"center center","background-size":"auto","background-attachment":"scroll","background-type":"","background-media":"","overlay-type":"","overlay-color":"","overlay-opacity":"","overlay-gradient":""}},"footnotes":""},"class_list":["post-145","page","type-page","status-publish","hentry"],"_links":{"self":[{"href":"https:\/\/clubsublimoges.fr\/index.php?rest_route=\/wp\/v2\/pages\/145","targetHints":{"allow":["GET"]}}],"collection":[{"href":"https:\/\/clubsublimoges.fr\/index.php?rest_route=\/wp\/v2\/pages"}],"about":[{"href":"https:\/\/clubsublimoges.fr\/index.php?rest_route=\/wp\/v2\/types\/page"}],"author":[{"embeddable":true,"href":"https:\/\/clubsublimoges.fr\/index.php?rest_route=\/wp\/v2\/users\/1"}],"replies":[{"embeddable":true,"href":"https:\/\/clubsublimoges.fr\/index.php?rest_route=%2Fwp%2Fv2%2Fcomments&post=145"}],"version-history":[{"count":7,"href":"https:\/\/clubsublimoges.fr\/index.php?rest_route=\/wp\/v2\/pages\/145\/revisions"}],"predecessor-version":[{"id":8643,"href":"https:\/\/clubsublimoges.fr\/index.php?rest_route=\/wp\/v2\/pages\/145\/revisions\/8643"}],"up":[{"embeddable":true,"href":"https:\/\/clubsublimoges.fr\/index.php?rest_route=\/wp\/v2\/pages\/5"}],"wp:attachment":[{"href":"https:\/\/clubsublimoges.fr\/index.php?rest_route=%2Fwp%2Fv2%2Fmedia&parent=145"}],"curies":[{"name":"wp","href":"https:\/\/api.w.org\/{rel}","templated":true}]}}