{"id":143,"date":"2011-06-01T08:35:01","date_gmt":"2011-06-01T07:35:01","guid":{"rendered":"http:\/\/clubsublimoges.wordpress.com\/?page_id=143"},"modified":"2021-06-06T22:23:50","modified_gmt":"2021-06-06T20:23:50","slug":"formation-n1","status":"publish","type":"page","link":"https:\/\/clubsublimoges.fr\/?page_id=143","title":{"rendered":"-Formation N1"},"content":{"rendered":"\n<div style=\"height:100px\" aria-hidden=\"true\" class=\"wp-block-spacer\"><\/div>\n\n\n\n<div class=\"wp-block-columns is-layout-flex wp-container-core-columns-is-layout-7387b849 wp-block-columns-is-layout-flex\">\n<div class=\"wp-block-column is-layout-flow wp-block-column-is-layout-flow\">\n<figure class=\"wp-block-gallery columns-3 is-cropped wp-block-gallery-1 is-layout-flex wp-block-gallery-is-layout-flex\"><ul class=\"blocks-gallery-grid\"><li class=\"blocks-gallery-item\"><figure><img loading=\"lazy\" decoding=\"async\" width=\"900\" height=\"600\" src=\"https:\/\/clubsublimoges.fr\/wp-content\/uploads\/2021\/06\/n1.jpg\" alt=\"\" data-id=\"8151\" data-full-url=\"https:\/\/clubsublimoges.fr\/wp-content\/uploads\/2021\/06\/n1.jpg\" data-link=\"https:\/\/clubsublimoges.fr\/?attachment_id=8151\" class=\"wp-image-8151\" srcset=\"https:\/\/clubsublimoges.fr\/wp-content\/uploads\/2021\/06\/n1.jpg 900w, https:\/\/clubsublimoges.fr\/wp-content\/uploads\/2021\/06\/n1-300x200.jpg 300w, https:\/\/clubsublimoges.fr\/wp-content\/uploads\/2021\/06\/n1-768x512.jpg 768w\" sizes=\"auto, (max-width: 900px) 100vw, 900px\" \/><\/figure><\/li><li class=\"blocks-gallery-item\"><figure><img loading=\"lazy\" decoding=\"async\" width=\"383\" height=\"269\" src=\"https:\/\/clubsublimoges.fr\/wp-content\/uploads\/2021\/06\/n11.jpg\" alt=\"\" data-id=\"8152\" data-full-url=\"https:\/\/clubsublimoges.fr\/wp-content\/uploads\/2021\/06\/n11.jpg\" data-link=\"https:\/\/clubsublimoges.fr\/?attachment_id=8152\" class=\"wp-image-8152\" srcset=\"https:\/\/clubsublimoges.fr\/wp-content\/uploads\/2021\/06\/n11.jpg 383w, https:\/\/clubsublimoges.fr\/wp-content\/uploads\/2021\/06\/n11-300x211.jpg 300w\" sizes=\"auto, (max-width: 383px) 100vw, 383px\" \/><\/figure><\/li><li class=\"blocks-gallery-item\"><figure><img loading=\"lazy\" decoding=\"async\" width=\"1024\" height=\"768\" src=\"https:\/\/clubsublimoges.fr\/wp-content\/uploads\/2021\/06\/n12-1024x768.jpg\" alt=\"\" data-id=\"8153\" data-full-url=\"https:\/\/clubsublimoges.fr\/wp-content\/uploads\/2021\/06\/n12.jpg\" data-link=\"https:\/\/clubsublimoges.fr\/?attachment_id=8153\" class=\"wp-image-8153\" srcset=\"https:\/\/clubsublimoges.fr\/wp-content\/uploads\/2021\/06\/n12-1024x768.jpg 1024w, https:\/\/clubsublimoges.fr\/wp-content\/uploads\/2021\/06\/n12-300x225.jpg 300w, https:\/\/clubsublimoges.fr\/wp-content\/uploads\/2021\/06\/n12-768x576.jpg 768w, https:\/\/clubsublimoges.fr\/wp-content\/uploads\/2021\/06\/n12.jpg 1382w\" sizes=\"auto, (max-width: 1024px) 100vw, 1024px\" \/><\/figure><\/li><li class=\"blocks-gallery-item\"><figure><img loading=\"lazy\" decoding=\"async\" width=\"512\" height=\"273\" src=\"https:\/\/clubsublimoges.fr\/wp-content\/uploads\/2021\/06\/n13.jpg\" alt=\"\" data-id=\"8154\" data-full-url=\"https:\/\/clubsublimoges.fr\/wp-content\/uploads\/2021\/06\/n13.jpg\" data-link=\"https:\/\/clubsublimoges.fr\/?attachment_id=8154\" class=\"wp-image-8154\" srcset=\"https:\/\/clubsublimoges.fr\/wp-content\/uploads\/2021\/06\/n13.jpg 512w, https:\/\/clubsublimoges.fr\/wp-content\/uploads\/2021\/06\/n13-300x160.jpg 300w\" sizes=\"auto, (max-width: 512px) 100vw, 512px\" \/><\/figure><\/li><\/ul><\/figure>\n\n\n\n<hr class=\"wp-block-separator has-text-color has-background has-black-background-color has-black-color is-style-wide\"\/>\n\n\n\n<div class=\"wp-block-buttons is-content-justification-center is-layout-flex wp-block-buttons-is-layout-flex\">\n<div class=\"wp-block-button\"><a class=\"wp-block-button__link\" href=\"https:\/\/plongee.ffessm.fr\/mft\" target=\"_blank\" rel=\"noreferrer noopener\">Plus d&rsquo;infos<\/a><\/div>\n<\/div>\n\n\n\n<div style=\"height:38px\" aria-hidden=\"true\" class=\"wp-block-spacer\"><\/div>\n\n\n\n<hr class=\"wp-block-separator is-style-wide\"\/>\n\n\n\n<hr class=\"wp-block-separator is-style-wide\"\/>\n\n\n\n<figure class=\"wp-block-embed is-type-video is-provider-youtube wp-block-embed-youtube wp-embed-aspect-16-9 wp-has-aspect-ratio\"><div class=\"wp-block-embed__wrapper\">\n<iframe loading=\"lazy\" title=\"Pr\u00e9paration Niveau 1 de plong\u00e9e\" width=\"500\" height=\"281\" src=\"https:\/\/www.youtube.com\/embed\/64WGgbVHwQI?feature=oembed\" frameborder=\"0\" allow=\"accelerometer; autoplay; clipboard-write; encrypted-media; gyroscope; picture-in-picture; web-share\" referrerpolicy=\"strict-origin-when-cross-origin\" allowfullscreen><\/iframe>\n<\/div><\/figure>\n<\/div>\n\n\n\n<div class=\"wp-block-column is-layout-flow wp-block-column-is-layout-flow\">\n<h1 class=\"wp-block-heading\">Pr\u00e9rogatives:<\/h1>\n\n\n\n<p class=\"wp-block-paragraph\">Le possesseur de ce niveau peut :<\/p>\n\n\n\n<ul class=\"wp-block-list\"><li>Pratiquer la&nbsp;<a href=\"https:\/\/href.li\/?https:\/\/ffessm.fr\/\">plong\u00e9e sous-marine<\/a>&nbsp;en \u00e9tant encadr\u00e9 par un&nbsp;<a href=\"https:\/\/newsitecsl.files.wordpress.com\/2021\/05\/b4056146f401dedfc84fa88f9e89adb17ad9215d.pdf\">niveau IV&nbsp;<\/a>avec au maximum 4 autres plongeurs niveau 1 ou sup\u00e9rieur, dans la zone de 0 \u00e0 20 m (plong\u00e9e \u00e0 l\u2019air).<\/li><li>Le plongeur niveau 1 est un PE2, plongeur encadr\u00e9 2, il peut \u00eatre encadr\u00e9 par un niveau 4 jusqu\u2019\u00e0 40m si le directeur de plong\u00e9e lui en donne l\u2019autorisation.<\/li><li>Plonger en autonomie jusqu\u2019\u00e0 10 m maximum, \u00e0 l\u2019issue d\u2019une formation compl\u00e9mentaire adapt\u00e9e, \u00e0 condition d\u2019\u00eatre majeur et de plonger en bin\u00f4me, que la visibilit\u00e9 horizontale soit \u00e9gale \u00e0 la visibilit\u00e9 verticale, qu\u2019il y ait un point d\u2019appui \u00e0 moins de 30 m et qu\u2019il y ait, en surface, pr\u00eat \u00e0 plonger, un plongeur de&nbsp;<a href=\"https:\/\/href.li\/?http:\/\/fr.wikipedia.org\/wiki\/Plongeur_niveau_IV_(FFESSM)\">niveau IV<\/a>&nbsp;et un moniteur f\u00e9d\u00e9ral de plong\u00e9e.<\/li><li>Suivre la formation et se pr\u00e9senter comme candidat au&nbsp;<a href=\"https:\/\/href.li\/?https:\/\/www.dune-marseille.com\/produit\/formation-plongee-niveau-2\/\">niveau II<\/a><\/li><\/ul>\n\n\n\n<hr class=\"wp-block-separator is-style-wide\"\/>\n\n\n\n<h1 class=\"wp-block-heading\">\u00c9quivalences:<\/h1>\n\n\n\n<p class=\"wp-block-paragraph\">Le plongeur niveau I :<\/p>\n\n\n\n<ul class=\"wp-block-list\"><li><a href=\"https:\/\/href.li\/?http:\/\/fr.wikipedia.org\/wiki\/Conf%C3%A9d%C3%A9ration_mondiale_des_activit%C3%A9s_subaquatiques\" target=\"_blank\" rel=\"noreferrer noopener\">CMAS<\/a>&nbsp;Plongeur 1 \u00e9toiles<\/li><li><a href=\"https:\/\/href.li\/?http:\/\/fr.wikipedia.org\/wiki\/F%C3%A9d%C3%A9ration_sportive_et_gymnique_du_travail\" target=\"_blank\" rel=\"noreferrer noopener\">FSGT<\/a>&nbsp;Plongeur N1<\/li><li><a href=\"https:\/\/href.li\/?http:\/\/fr.wikipedia.org\/wiki\/Association_nationale_des_moniteurs_de_plong%C3%A9e\" target=\"_blank\" rel=\"noreferrer noopener\">ANMP<\/a>&nbsp;Niveau 1<\/li><li><a href=\"https:\/\/href.li\/?http:\/\/fr.wikipedia.org\/wiki\/Syndicat_national_des_moniteurs_de_plong%C3%A9e\">SNMP<\/a><\/li><li><a href=\"https:\/\/href.li\/?http:\/\/fr.wikipedia.org\/wiki\/PADI_Open_Water_Diver\">PADI Open Water Diver<\/a>&nbsp;(Ce brevet conf\u00e8re toutefois en plus l\u2019autonomie dans la zone 0 \u2013 18m)<\/li><\/ul>\n\n\n\n<hr class=\"wp-block-separator is-style-wide\"\/>\n\n\n\n<h1 class=\"wp-block-heading\">Les \u00e9preuves:<\/h1>\n\n\n\n<p class=\"wp-block-paragraph\">S\u2019il n\u2019y a pas d\u2019\u00e9preuves \u00e0 proprement parler, le plongeur niveau I doit poss\u00e9der les comp\u00e9tences qui lui permettent d\u2019\u00e9voluer dans l\u2019espace m\u00e9dian. Pour cela, il doit donc \u00eatre capable de se prendre en charge sur le plan de son \u00e9quipement et de ses \u00e9volutions. Un ensemble de comp\u00e9tences doivent \u00eatre valid\u00e9es par l\u2019\u00e9quipe p\u00e9dagogique du club de plong\u00e9e :<\/p>\n\n\n\n<ul class=\"wp-block-list\"><li>Utilisation du mat\u00e9riel<\/li><\/ul>\n\n\n\n<p class=\"wp-block-paragraph\">Savoir gr\u00e9er et d\u00e9gr\u00e9er son&nbsp;<a href=\"https:\/\/href.li\/?http:\/\/fr.wikipedia.org\/wiki\/Bouteille_de_plong%C3%A9e\">bloc<\/a>, r\u00e9gler la&nbsp;<a href=\"https:\/\/href.li\/?http:\/\/fr.wikipedia.org\/wiki\/Gilet_de_stabilisation\">stab<\/a>, surveiller sa consommation d\u2019air (utilisation du&nbsp;<a href=\"https:\/\/href.li\/?http:\/\/fr.wikipedia.org\/wiki\/Manom%C3%A8tre\">manom\u00e8tre<\/a>), nettoyer et ranger convenablement le mat\u00e9riel.<\/p>\n\n\n\n<ul class=\"wp-block-list\"><li>Comportements en surface<\/li><\/ul>\n\n\n\n<p class=\"wp-block-paragraph\">Savoir se mettre \u00e0 l\u2019eau en s\u00e9curit\u00e9 (saut droit et\/ou bascule arri\u00e8re), se maintenir en surface (palmage de sustentation) et rejoindre le sec ou le bateau (200 m avec palmes masques et tuba et 100 m tout \u00e9quip\u00e9 sans temps impos\u00e9).<\/p>\n\n\n\n<ul class=\"wp-block-list\"><li>Immersion et retour en surface<\/li><li>Maitrise de la ventilation<\/li><li>r\u00e9actions aux situations usuelles<\/li><li>Plong\u00e9e en palanqu\u00e9e<\/li><li>Connaissances th\u00e9oriques de base<\/li><\/ul>\n<\/div>\n<\/div>\n\n\n\n<p class=\"wp-block-paragraph\"><\/p>\n","protected":false},"excerpt":{"rendered":"<p>Pr\u00e9rogatives: Le possesseur de ce niveau peut : Pratiquer la&nbsp;plong\u00e9e sous-marine&nbsp;en \u00e9tant encadr\u00e9 par un&nbsp;niveau IV&nbsp;avec au maximum 4 autres plongeurs niveau 1 ou sup\u00e9rieur, dans la zone de 0 \u00e0 20 m (plong\u00e9e \u00e0 l\u2019air). Le plongeur niveau 1 est un PE2, plongeur encadr\u00e9 2, il peut \u00eatre encadr\u00e9 par un niveau 4 jusqu\u2019\u00e0 [&hellip;]<\/p>\n","protected":false},"author":1,"featured_media":0,"parent":5,"menu_order":4,"comment_status":"closed","ping_status":"closed","template":"","meta":{"_crdt_document":"","site-sidebar-layout":"default","site-content-layout":"default","ast-site-content-layout":"default","site-content-style":"default","site-sidebar-style":"default","ast-global-header-display":"","ast-banner-title-visibility":"","ast-main-header-display":"","ast-hfb-above-header-display":"","ast-hfb-below-header-display":"","ast-hfb-mobile-header-display":"","site-post-title":"","ast-breadcrumbs-content":"","ast-featured-img":"","footer-sml-layout":"","ast-disable-related-posts":"","theme-transparent-header-meta":"default","adv-header-id-meta":"","stick-header-meta":"","header-above-stick-meta":"","header-main-stick-meta":"","header-below-stick-meta":"","astra-migrate-meta-layouts":"default","ast-page-background-enabled":"default","ast-page-background-meta":{"desktop":{"background-color":"","background-image":"","background-repeat":"repeat","background-position":"center center","background-size":"auto","background-attachment":"scroll","background-type":"","background-media":"","overlay-type":"","overlay-color":"","overlay-opacity":"","overlay-gradient":""},"tablet":{"background-color":"","background-image":"","background-repeat":"repeat","background-position":"center center","background-size":"auto","background-attachment":"scroll","background-type":"","background-media":"","overlay-type":"","overlay-color":"","overlay-opacity":"","overlay-gradient":""},"mobile":{"background-color":"","background-image":"","background-repeat":"repeat","background-position":"center center","background-size":"auto","background-attachment":"scroll","background-type":"","background-media":"","overlay-type":"","overlay-color":"","overlay-opacity":"","overlay-gradient":""}},"ast-content-background-meta":{"desktop":{"background-color":"var(--ast-global-color-5)","background-image":"","background-repeat":"repeat","background-position":"center center","background-size":"auto","background-attachment":"scroll","background-type":"","background-media":"","overlay-type":"","overlay-color":"","overlay-opacity":"","overlay-gradient":""},"tablet":{"background-color":"var(--ast-global-color-5)","background-image":"","background-repeat":"repeat","background-position":"center center","background-size":"auto","background-attachment":"scroll","background-type":"","background-media":"","overlay-type":"","overlay-color":"","overlay-opacity":"","overlay-gradient":""},"mobile":{"background-color":"var(--ast-global-color-5)","background-image":"","background-repeat":"repeat","background-position":"center center","background-size":"auto","background-attachment":"scroll","background-type":"","background-media":"","overlay-type":"","overlay-color":"","overlay-opacity":"","overlay-gradient":""}},"footnotes":""},"class_list":["post-143","page","type-page","status-publish","hentry"],"_links":{"self":[{"href":"https:\/\/clubsublimoges.fr\/index.php?rest_route=\/wp\/v2\/pages\/143","targetHints":{"allow":["GET"]}}],"collection":[{"href":"https:\/\/clubsublimoges.fr\/index.php?rest_route=\/wp\/v2\/pages"}],"about":[{"href":"https:\/\/clubsublimoges.fr\/index.php?rest_route=\/wp\/v2\/types\/page"}],"author":[{"embeddable":true,"href":"https:\/\/clubsublimoges.fr\/index.php?rest_route=\/wp\/v2\/users\/1"}],"replies":[{"embeddable":true,"href":"https:\/\/clubsublimoges.fr\/index.php?rest_route=%2Fwp%2Fv2%2Fcomments&post=143"}],"version-history":[{"count":14,"href":"https:\/\/clubsublimoges.fr\/index.php?rest_route=\/wp\/v2\/pages\/143\/revisions"}],"predecessor-version":[{"id":8642,"href":"https:\/\/clubsublimoges.fr\/index.php?rest_route=\/wp\/v2\/pages\/143\/revisions\/8642"}],"up":[{"embeddable":true,"href":"https:\/\/clubsublimoges.fr\/index.php?rest_route=\/wp\/v2\/pages\/5"}],"wp:attachment":[{"href":"https:\/\/clubsublimoges.fr\/index.php?rest_route=%2Fwp%2Fv2%2Fmedia&parent=143"}],"curies":[{"name":"wp","href":"https:\/\/api.w.org\/{rel}","templated":true}]}}