{"id":137,"date":"2011-06-01T08:31:29","date_gmt":"2011-06-01T07:31:29","guid":{"rendered":"http:\/\/clubsublimoges.wordpress.com\/?page_id=137"},"modified":"2026-02-10T10:27:45","modified_gmt":"2026-02-10T09:27:45","slug":"statuts-et-reglement-interieur","status":"publish","type":"page","link":"https:\/\/clubsublimoges.fr\/?page_id=137","title":{"rendered":"Statuts et r\u00e8glement int\u00e9rieur"},"content":{"rendered":"\n<h2 class=\"wp-block-heading\"><span style=\"text-decoration: underline;\"><a href=\"https:\/\/clubsublimoges.wordpress.com\/wp-includes\/images\/crystal\/document.png\"><br><\/a><\/span><span style=\"color: #000000;\"><a href=\"https:\/\/clubsublimoges.wordpress.com\/wp-includes\/images\/crystal\/document.png\"><span style=\"color: #000000;\">Les statuts et r\u00e8glement int\u00e9rieur du club\u00a0<\/span><\/a> ( mise \u00e0 jour au 22\/12\/2025)<\/span><\/h2>\n\n\n\n<p class=\"wp-block-paragraph\"><\/p>\n\n\n\n<h2 class=\"wp-block-heading has-text-align-center\"><a href=\"https:\/\/clubsublimoges.fr\/wp-content\/uploads\/2023\/02\/20221213-STATUTS-CSL-2022.pdf\" target=\"_blank\" rel=\"noopener\">Statuts<\/a>( mise \u00e0 jour au 22\/12\/2025)<span style=\"color: #3366ff;\"><a href=\"https:\/\/clubsublimoges.fr\/wp-content\/uploads\/2023\/02\/20221213-STATUTS-CSL-2022.pdf\" target=\"_blank\" rel=\"noopener\"><span style=\"color: #3366ff;\"><figure><img decoding=\"async\" src=\"http:\/\/www.gif-anime-gratuit.com\/gif-anime-gratuit\/mini\/min_objets004.gif\" alt=\"\"><\/figure><\/span><\/a><\/span><\/h2>\n\n\n<a href=\"https:\/\/clubsublimoges.fr\/wp-content\/uploads\/2026\/02\/20251222-STATUTS-CSL-2025.pdf\" class=\"pdfemb-viewer\" style=\"width:900px;height:1100px;\" data-width=\"900\" data-height=\"1100\" data-toolbar=\"both\" data-toolbar-fixed=\"on\">20251222-STATUTS-CSL-2025<\/a>\n\n\n<p class=\"wp-block-paragraph\"><\/p>\n\n\n\n<div class=\"wp-block-kadence-spacer aligncenter kt-block-spacer-137_c5bce3-18\"><div class=\"kt-block-spacer kt-block-spacer-halign-center\"><hr class=\"kt-divider\"\/><\/div><\/div>\n\n\n\n<p class=\"wp-block-paragraph\"><\/p>\n\n\n\n<h2 class=\"wp-block-heading has-text-align-center\"><a href=\"https:\/\/clubsublimoges.fr\/wp-content\/uploads\/2023\/02\/20221213-RI-2022-sans-annexes.pdf\" target=\"_blank\" rel=\"noreferrer noopener\">R\u00e8glement int\u00e9rieur<\/a> ( mise \u00e0 jour au 22\/12\/2025) , <a href=\"https:\/\/clubsublimoges.fr\/wp-content\/uploads\/2018\/03\/20171212-CSL-REGLEMENT-INTERIEUR-AG-12-12-2017-ANNEXE-1.pdf\" target=\"_blank\" rel=\"noreferrer noopener\">Annexe 1<\/a><\/h2>\n\n\n\n<p class=\"wp-block-paragraph\"><\/p>\n\n\n\n<p class=\"wp-block-paragraph\"><\/p>\n\n\n<a href=\"https:\/\/clubsublimoges.fr\/wp-content\/uploads\/2026\/02\/20251222-RI-2025-sans-annexes-.pdf\" class=\"pdfemb-viewer\" style=\"width:900px;height:1100px;\" data-width=\"900\" data-height=\"1100\" data-toolbar=\"both\" data-toolbar-fixed=\"on\">20251222-RI-2025-sans-annexes-<\/a>\n\n\n<p class=\"wp-block-paragraph\"><\/p>\n\n\n\n<p class=\"wp-block-paragraph\"><\/p>\n","protected":false},"excerpt":{"rendered":"<p>Les statuts et r\u00e8glement int\u00e9rieur du club\u00a0 ( mise \u00e0 jour au 22\/12\/2025) Statuts( mise \u00e0 jour au 22\/12\/2025) R\u00e8glement int\u00e9rieur ( mise \u00e0 jour au 22\/12\/2025) , Annexe 1<\/p>\n","protected":false},"author":1,"featured_media":0,"parent":12,"menu_order":2,"comment_status":"closed","ping_status":"closed","template":"","meta":{"_crdt_document":"","site-sidebar-layout":"default","site-content-layout":"default","ast-site-content-layout":"default","site-content-style":"default","site-sidebar-style":"default","ast-global-header-display":"","ast-banner-title-visibility":"","ast-main-header-display":"","ast-hfb-above-header-display":"","ast-hfb-below-header-display":"","ast-hfb-mobile-header-display":"","site-post-title":"","ast-breadcrumbs-content":"","ast-featured-img":"","footer-sml-layout":"","ast-disable-related-posts":"","theme-transparent-header-meta":"default","adv-header-id-meta":"","stick-header-meta":"","header-above-stick-meta":"","header-main-stick-meta":"","header-below-stick-meta":"","astra-migrate-meta-layouts":"set","ast-page-background-enabled":"default","ast-page-background-meta":{"desktop":{"background-color":"","background-image":"","background-repeat":"repeat","background-position":"center center","background-size":"auto","background-attachment":"scroll","background-type":"","background-media":"","overlay-type":"","overlay-color":"","overlay-opacity":"","overlay-gradient":""},"tablet":{"background-color":"","background-image":"","background-repeat":"repeat","background-position":"center center","background-size":"auto","background-attachment":"scroll","background-type":"","background-media":"","overlay-type":"","overlay-color":"","overlay-opacity":"","overlay-gradient":""},"mobile":{"background-color":"","background-image":"","background-repeat":"repeat","background-position":"center center","background-size":"auto","background-attachment":"scroll","background-type":"","background-media":"","overlay-type":"","overlay-color":"","overlay-opacity":"","overlay-gradient":""}},"ast-content-background-meta":{"desktop":{"background-color":"var(--ast-global-color-5)","background-image":"","background-repeat":"repeat","background-position":"center center","background-size":"auto","background-attachment":"scroll","background-type":"","background-media":"","overlay-type":"","overlay-color":"","overlay-opacity":"","overlay-gradient":""},"tablet":{"background-color":"var(--ast-global-color-5)","background-image":"","background-repeat":"repeat","background-position":"center center","background-size":"auto","background-attachment":"scroll","background-type":"","background-media":"","overlay-type":"","overlay-color":"","overlay-opacity":"","overlay-gradient":""},"mobile":{"background-color":"var(--ast-global-color-5)","background-image":"","background-repeat":"repeat","background-position":"center center","background-size":"auto","background-attachment":"scroll","background-type":"","background-media":"","overlay-type":"","overlay-color":"","overlay-opacity":"","overlay-gradient":""}},"footnotes":""},"class_list":["post-137","page","type-page","status-publish","hentry"],"_links":{"self":[{"href":"https:\/\/clubsublimoges.fr\/index.php?rest_route=\/wp\/v2\/pages\/137","targetHints":{"allow":["GET"]}}],"collection":[{"href":"https:\/\/clubsublimoges.fr\/index.php?rest_route=\/wp\/v2\/pages"}],"about":[{"href":"https:\/\/clubsublimoges.fr\/index.php?rest_route=\/wp\/v2\/types\/page"}],"author":[{"embeddable":true,"href":"https:\/\/clubsublimoges.fr\/index.php?rest_route=\/wp\/v2\/users\/1"}],"replies":[{"embeddable":true,"href":"https:\/\/clubsublimoges.fr\/index.php?rest_route=%2Fwp%2Fv2%2Fcomments&post=137"}],"version-history":[{"count":40,"href":"https:\/\/clubsublimoges.fr\/index.php?rest_route=\/wp\/v2\/pages\/137\/revisions"}],"predecessor-version":[{"id":12061,"href":"https:\/\/clubsublimoges.fr\/index.php?rest_route=\/wp\/v2\/pages\/137\/revisions\/12061"}],"up":[{"embeddable":true,"href":"https:\/\/clubsublimoges.fr\/index.php?rest_route=\/wp\/v2\/pages\/12"}],"wp:attachment":[{"href":"https:\/\/clubsublimoges.fr\/index.php?rest_route=%2Fwp%2Fv2%2Fmedia&parent=137"}],"curies":[{"name":"wp","href":"https:\/\/api.w.org\/{rel}","templated":true}]}}