{"id":11894,"date":"2025-09-09T08:36:59","date_gmt":"2025-09-09T06:36:59","guid":{"rendered":"https:\/\/clubsublimoges.fr\/?page_id=11894"},"modified":"2026-02-10T11:12:34","modified_gmt":"2026-02-10T10:12:34","slug":"sorties-mer-2025-2026","status":"publish","type":"page","link":"https:\/\/clubsublimoges.fr\/?page_id=11894","title":{"rendered":"Sorties mer 2025\/2026"},"content":{"rendered":"\n<p class=\"has-medium-font-size wp-block-paragraph\"><strong>Du 9 au 17 Mai 2026:<\/strong> traditionnel s\u00e9jour \u00e0 Rosas (Espagne) au Village de vacances de Cala Montjoi (<a href=\"https:\/\/docs.google.com\/document\/d\/1tppjqdproEGyCLdG28WyyEwp3_di9BgM\/edit?usp=sharing&amp;ouid=116485430942164125022&amp;rtpof=true&amp;sd=true\">cf descriptif<\/a>)<\/p>\n\n\n\n<p class=\"has-medium-font-size wp-block-paragraph\"><strong>Du 21 au 28 Ao\u00fbt 2026 :<\/strong> s\u00e9jour famille \u00e0 Rosas (Espagne) au Village de vacances de Cala Montjoi (cf descriptif)<\/p>\n\n\n\n<p class=\"has-medium-font-size wp-block-paragraph\"><strong>Du 26 Septembre au 3 Octobre 2026 :<\/strong> s\u00e9jour plong\u00e9e \u00ab\u00a0A la d\u00e9couverte des Epaves\u00a0\u00bb \u00e0 La Londe les MAures (Var) au Village de vacances AZUREVA (<a href=\"https:\/\/docs.google.com\/document\/d\/19F4mhUDBucueQAF5lJJPjcvioaeXlKhE\/edit\">cf descriptif<\/a>)<\/p>\n\n\n\n<p class=\"wp-block-paragraph\"><\/p>\n","protected":false},"excerpt":{"rendered":"<p>Du 9 au 17 Mai 2026: traditionnel s\u00e9jour \u00e0 Rosas (Espagne) au Village de vacances de Cala Montjoi (cf descriptif) Du 21 au 28 Ao\u00fbt 2026 : s\u00e9jour famille \u00e0 Rosas (Espagne) au Village de vacances de Cala Montjoi (cf descriptif) Du 26 Septembre au 3 Octobre 2026 : s\u00e9jour plong\u00e9e \u00ab\u00a0A la d\u00e9couverte des [&hellip;]<\/p>\n","protected":false},"author":1,"featured_media":0,"parent":0,"menu_order":0,"comment_status":"closed","ping_status":"closed","template":"","meta":{"_crdt_document":"","site-sidebar-layout":"default","site-content-layout":"","ast-site-content-layout":"default","site-content-style":"default","site-sidebar-style":"default","ast-global-header-display":"","ast-banner-title-visibility":"","ast-main-header-display":"","ast-hfb-above-header-display":"","ast-hfb-below-header-display":"","ast-hfb-mobile-header-display":"","site-post-title":"","ast-breadcrumbs-content":"","ast-featured-img":"","footer-sml-layout":"","ast-disable-related-posts":"","theme-transparent-header-meta":"","adv-header-id-meta":"","stick-header-meta":"","header-above-stick-meta":"","header-main-stick-meta":"","header-below-stick-meta":"","astra-migrate-meta-layouts":"set","ast-page-background-enabled":"default","ast-page-background-meta":{"desktop":{"background-color":"","background-image":"","background-repeat":"repeat","background-position":"center center","background-size":"auto","background-attachment":"scroll","background-type":"","background-media":"","overlay-type":"","overlay-color":"","overlay-opacity":"","overlay-gradient":""},"tablet":{"background-color":"","background-image":"","background-repeat":"repeat","background-position":"center center","background-size":"auto","background-attachment":"scroll","background-type":"","background-media":"","overlay-type":"","overlay-color":"","overlay-opacity":"","overlay-gradient":""},"mobile":{"background-color":"","background-image":"","background-repeat":"repeat","background-position":"center center","background-size":"auto","background-attachment":"scroll","background-type":"","background-media":"","overlay-type":"","overlay-color":"","overlay-opacity":"","overlay-gradient":""}},"ast-content-background-meta":{"desktop":{"background-color":"var(--ast-global-color-5)","background-image":"","background-repeat":"repeat","background-position":"center center","background-size":"auto","background-attachment":"scroll","background-type":"","background-media":"","overlay-type":"","overlay-color":"","overlay-opacity":"","overlay-gradient":""},"tablet":{"background-color":"var(--ast-global-color-5)","background-image":"","background-repeat":"repeat","background-position":"center center","background-size":"auto","background-attachment":"scroll","background-type":"","background-media":"","overlay-type":"","overlay-color":"","overlay-opacity":"","overlay-gradient":""},"mobile":{"background-color":"var(--ast-global-color-5)","background-image":"","background-repeat":"repeat","background-position":"center center","background-size":"auto","background-attachment":"scroll","background-type":"","background-media":"","overlay-type":"","overlay-color":"","overlay-opacity":"","overlay-gradient":""}},"footnotes":""},"class_list":["post-11894","page","type-page","status-publish","hentry"],"_links":{"self":[{"href":"https:\/\/clubsublimoges.fr\/index.php?rest_route=\/wp\/v2\/pages\/11894","targetHints":{"allow":["GET"]}}],"collection":[{"href":"https:\/\/clubsublimoges.fr\/index.php?rest_route=\/wp\/v2\/pages"}],"about":[{"href":"https:\/\/clubsublimoges.fr\/index.php?rest_route=\/wp\/v2\/types\/page"}],"author":[{"embeddable":true,"href":"https:\/\/clubsublimoges.fr\/index.php?rest_route=\/wp\/v2\/users\/1"}],"replies":[{"embeddable":true,"href":"https:\/\/clubsublimoges.fr\/index.php?rest_route=%2Fwp%2Fv2%2Fcomments&post=11894"}],"version-history":[{"count":6,"href":"https:\/\/clubsublimoges.fr\/index.php?rest_route=\/wp\/v2\/pages\/11894\/revisions"}],"predecessor-version":[{"id":12074,"href":"https:\/\/clubsublimoges.fr\/index.php?rest_route=\/wp\/v2\/pages\/11894\/revisions\/12074"}],"wp:attachment":[{"href":"https:\/\/clubsublimoges.fr\/index.php?rest_route=%2Fwp%2Fv2%2Fmedia&parent=11894"}],"curies":[{"name":"wp","href":"https:\/\/api.w.org\/{rel}","templated":true}]}}