{"id":10509,"date":"2023-09-15T20:34:41","date_gmt":"2023-09-15T18:34:41","guid":{"rendered":"http:\/\/clubsublimoges.fr\/?page_id=10509"},"modified":"2023-09-16T09:03:34","modified_gmt":"2023-09-16T07:03:34","slug":"plongee-enfants","status":"publish","type":"page","link":"https:\/\/clubsublimoges.fr\/?page_id=10509","title":{"rendered":"Plong\u00e9e enfants"},"content":{"rendered":"\n<p class=\"wp-block-paragraph\">Quelque soit ton age tu peux apprendre \u00e0 utiliser les palmes et le masque pour regarder sous l&rsquo;eau et commencer \u00e0 d\u00e9couvrir un nouveau monde.<\/p>\n\n\n\n<p class=\"wp-block-paragraph\">A partir de 8 ans tu peux commencer la plong\u00e9e avec bouteille et d\u00e9tendeur gr\u00e2ce aux brevets de plongeur de bronze, de plongeur d&rsquo;argent et de plongeur d&rsquo;or.<\/p>\n\n\n\n<p class=\"wp-block-paragraph\"><a href=\"https:\/\/api.ffessm.fr\/V1\/Commissions\/ManuelFormationList\/Download\/aa99d111-8e97-4550-8c5f-440b1d43bdac\" data-type=\"link\" data-id=\"https:\/\/api.ffessm.fr\/V1\/Commissions\/ManuelFormationList\/Download\/aa99d111-8e97-4550-8c5f-440b1d43bdac\">T\u00e9l\u00e9charger la pr\u00e9sentation des brevets enfants et jeunes<\/a><\/p>\n\n\n\n<p class=\"wp-block-paragraph\">La plong\u00e9e scaphandre en immersion chez l&rsquo;enfant n\u00e9cessite une autorisation parentale et apr\u00e8s le bapt\u00eame un certificat m\u00e9dical de non contre-indication.<\/p>\n\n\n\n<hr class=\"wp-block-separator has-alpha-channel-opacity\"\/>\n\n\n\n<div class=\"wp-block-media-text alignfull is-stacked-on-mobile\" style=\"grid-template-columns:45% auto\"><figure class=\"wp-block-media-text__media\"><img loading=\"lazy\" decoding=\"async\" width=\"736\" height=\"437\" src=\"https:\/\/clubsublimoges.fr\/wp-content\/uploads\/2023\/09\/JEUN.jpg\" alt=\"\" class=\"wp-image-10527 size-full\" srcset=\"https:\/\/clubsublimoges.fr\/wp-content\/uploads\/2023\/09\/JEUN.jpg 736w, https:\/\/clubsublimoges.fr\/wp-content\/uploads\/2023\/09\/JEUN-600x356.jpg 600w\" sizes=\"auto, (max-width: 736px) 100vw, 736px\" \/><\/figure><div class=\"wp-block-media-text__content\">\n<h2 class=\"wp-block-heading\">          <a href=\"https:\/\/ffessm.fr\/evenements\/challenge-national-oxyjeunes-2023\" data-type=\"link\" data-id=\"https:\/\/ffessm.fr\/evenements\/challenge-national-oxyjeunes-2023\">Challenge national Oxyjeunes 2023 <\/a>                                                 <\/h2>\n\n\n\n<p class=\"wp-block-paragraph\">Un cr\u00e9neau Multi-clubs est mis \u00e0 disposition pour la pr\u00e9paration du Challenge, la personne \u00e0 contacter si vous \u00eates int\u00e9ress\u00e9.es est <strong>Nadia MIGOUT<\/strong>, secr\u00e9taire du CODEP 87, 06 67 19 14 80.<\/p>\n\n\n\n<p class=\"wp-block-paragraph\">S\u00e9ances de pr\u00e9paration \u00e0 la piscine Saint-Lazare, 18 rue Jules No\u00ebl \u00e0 Limoges les samedis de 15h30 \u00e0 17h30 ouvertes aux jeunes de 8 \u00e0 17 ans des clubs affili\u00e9s au CODEP 87.<\/p>\n\n\n\n<p class=\"wp-block-paragraph\">                                                            <a href=\"https:\/\/clubsublimoges.fr\/wp-content\/uploads\/2023\/09\/Oxyjeune-plongee.pdf\" data-type=\"link\" data-id=\"https:\/\/clubsublimoges.fr\/wp-content\/uploads\/2023\/09\/Oxyjeune-plongee.pdf\">plus d&rsquo;infos ICI<\/a><\/p>\n\n\n\n<hr class=\"wp-block-separator has-alpha-channel-opacity\"\/>\n\n\n\n<hr class=\"wp-block-separator has-alpha-channel-opacity\"\/>\n\n\n\n<p class=\"wp-block-paragraph\"><\/p>\n\n\n\n<p class=\"wp-block-paragraph\"><\/p>\n<\/div><\/div>\n\n\n\n<div style=\"height:100px\" aria-hidden=\"true\" class=\"wp-block-spacer\"><\/div>\n\n\n\n<hr class=\"wp-block-separator has-alpha-channel-opacity\"\/>\n\n\n\n<figure class=\"wp-block-gallery has-nested-images columns-default is-cropped wp-block-gallery-1 is-layout-flex wp-block-gallery-is-layout-flex\">\n<figure class=\"wp-block-image size-large\"><img loading=\"lazy\" decoding=\"async\" width=\"275\" height=\"183\" data-id=\"10518\" src=\"https:\/\/clubsublimoges.fr\/wp-content\/uploads\/2023\/09\/images-4.jpeg\" alt=\"\" class=\"wp-image-10518\"\/><\/figure>\n\n\n\n<figure class=\"wp-block-image size-large\"><img loading=\"lazy\" decoding=\"async\" width=\"259\" height=\"194\" data-id=\"10519\" src=\"https:\/\/clubsublimoges.fr\/wp-content\/uploads\/2023\/09\/Sans-titre-3.jpeg\" alt=\"\" class=\"wp-image-10519\"\/><\/figure>\n\n\n\n<figure class=\"wp-block-image size-large\"><img loading=\"lazy\" decoding=\"async\" width=\"225\" height=\"224\" data-id=\"10517\" src=\"https:\/\/clubsublimoges.fr\/wp-content\/uploads\/2023\/09\/Sans-titre-2.jpeg\" alt=\"\" class=\"wp-image-10517\" srcset=\"https:\/\/clubsublimoges.fr\/wp-content\/uploads\/2023\/09\/Sans-titre-2.jpeg 225w, https:\/\/clubsublimoges.fr\/wp-content\/uploads\/2023\/09\/Sans-titre-2-150x150.jpeg 150w\" sizes=\"auto, (max-width: 225px) 100vw, 225px\" \/><\/figure>\n<\/figure>\n\n\n\n<figure class=\"wp-block-embed is-type-video is-provider-youtube wp-block-embed-youtube wp-embed-aspect-16-9 wp-has-aspect-ratio\"><div class=\"wp-block-embed__wrapper\">\n<iframe loading=\"lazy\" title=\"D\u00e9couverte : la plong\u00e9e sous-marine accessible aux enfants\" width=\"500\" height=\"281\" src=\"https:\/\/www.youtube.com\/embed\/pbvUeRVcMOE?feature=oembed\" frameborder=\"0\" allow=\"accelerometer; autoplay; clipboard-write; encrypted-media; gyroscope; picture-in-picture; web-share\" referrerpolicy=\"strict-origin-when-cross-origin\" allowfullscreen><\/iframe>\n<\/div><\/figure>\n","protected":false},"excerpt":{"rendered":"<p>Quelque soit ton age tu peux apprendre \u00e0 utiliser les palmes et le masque pour regarder sous l&rsquo;eau et commencer \u00e0 d\u00e9couvrir un nouveau monde. A partir de 8 ans tu peux commencer la plong\u00e9e avec bouteille et d\u00e9tendeur gr\u00e2ce aux brevets de plongeur de bronze, de plongeur d&rsquo;argent et de plongeur d&rsquo;or. T\u00e9l\u00e9charger la [&hellip;]<\/p>\n","protected":false},"author":1,"featured_media":0,"parent":0,"menu_order":0,"comment_status":"closed","ping_status":"closed","template":"","meta":{"_crdt_document":"","site-sidebar-layout":"default","site-content-layout":"","ast-site-content-layout":"default","site-content-style":"default","site-sidebar-style":"default","ast-global-header-display":"","ast-banner-title-visibility":"","ast-main-header-display":"","ast-hfb-above-header-display":"","ast-hfb-below-header-display":"","ast-hfb-mobile-header-display":"","site-post-title":"","ast-breadcrumbs-content":"","ast-featured-img":"","footer-sml-layout":"","ast-disable-related-posts":"","theme-transparent-header-meta":"","adv-header-id-meta":"","stick-header-meta":"","header-above-stick-meta":"","header-main-stick-meta":"","header-below-stick-meta":"","astra-migrate-meta-layouts":"set","ast-page-background-enabled":"default","ast-page-background-meta":{"desktop":{"background-color":"","background-image":"","background-repeat":"repeat","background-position":"center center","background-size":"auto","background-attachment":"scroll","background-type":"","background-media":"","overlay-type":"","overlay-color":"","overlay-opacity":"","overlay-gradient":""},"tablet":{"background-color":"","background-image":"","background-repeat":"repeat","background-position":"center center","background-size":"auto","background-attachment":"scroll","background-type":"","background-media":"","overlay-type":"","overlay-color":"","overlay-opacity":"","overlay-gradient":""},"mobile":{"background-color":"","background-image":"","background-repeat":"repeat","background-position":"center center","background-size":"auto","background-attachment":"scroll","background-type":"","background-media":"","overlay-type":"","overlay-color":"","overlay-opacity":"","overlay-gradient":""}},"ast-content-background-meta":{"desktop":{"background-color":"var(--ast-global-color-5)","background-image":"","background-repeat":"repeat","background-position":"center center","background-size":"auto","background-attachment":"scroll","background-type":"","background-media":"","overlay-type":"","overlay-color":"","overlay-opacity":"","overlay-gradient":""},"tablet":{"background-color":"var(--ast-global-color-5)","background-image":"","background-repeat":"repeat","background-position":"center center","background-size":"auto","background-attachment":"scroll","background-type":"","background-media":"","overlay-type":"","overlay-color":"","overlay-opacity":"","overlay-gradient":""},"mobile":{"background-color":"var(--ast-global-color-5)","background-image":"","background-repeat":"repeat","background-position":"center center","background-size":"auto","background-attachment":"scroll","background-type":"","background-media":"","overlay-type":"","overlay-color":"","overlay-opacity":"","overlay-gradient":""}},"footnotes":""},"class_list":["post-10509","page","type-page","status-publish","hentry"],"_links":{"self":[{"href":"https:\/\/clubsublimoges.fr\/index.php?rest_route=\/wp\/v2\/pages\/10509","targetHints":{"allow":["GET"]}}],"collection":[{"href":"https:\/\/clubsublimoges.fr\/index.php?rest_route=\/wp\/v2\/pages"}],"about":[{"href":"https:\/\/clubsublimoges.fr\/index.php?rest_route=\/wp\/v2\/types\/page"}],"author":[{"embeddable":true,"href":"https:\/\/clubsublimoges.fr\/index.php?rest_route=\/wp\/v2\/users\/1"}],"replies":[{"embeddable":true,"href":"https:\/\/clubsublimoges.fr\/index.php?rest_route=%2Fwp%2Fv2%2Fcomments&post=10509"}],"version-history":[{"count":15,"href":"https:\/\/clubsublimoges.fr\/index.php?rest_route=\/wp\/v2\/pages\/10509\/revisions"}],"predecessor-version":[{"id":11704,"href":"https:\/\/clubsublimoges.fr\/index.php?rest_route=\/wp\/v2\/pages\/10509\/revisions\/11704"}],"wp:attachment":[{"href":"https:\/\/clubsublimoges.fr\/index.php?rest_route=%2Fwp%2Fv2%2Fmedia&parent=10509"}],"curies":[{"name":"wp","href":"https:\/\/api.w.org\/{rel}","templated":true}]}}